
{"id":11761,"date":"2023-03-03T17:46:32","date_gmt":"2023-03-03T16:46:32","guid":{"rendered":"https:\/\/www.foxy.eu\/?post_type=product&#038;p=11761"},"modified":"2026-04-13T12:24:48","modified_gmt":"2026-04-13T10:24:48","slug":"foxy-love-the-bee-papel-higienicos","status":"publish","type":"product","link":"https:\/\/www.foxy.eu\/es\/productos\/foxy-love-the-bee-papel-higienicos\/","title":{"rendered":"Foxy Love the Bee"},"content":{"rendered":"<p>[vc_row el_class=\u00bbcaratteristiche_content\u00bb][vc_column width=\u00bb1\/2&#8243; offset=\u00bbvc_col-lg-offset-3 vc_col-lg-6 vc_col-md-offset-3 vc_col-md-6&#8243;][vc_column_text el_class=\u00bbsubtitle_product\u00bb]\u00a1Foxy Love the Bee es el papel higi\u00e9nico que ama y protege a las abejas![\/vc_column_text][vc_column_text]Concebido para apoyar el proyecto de Foxy y 3Bee en defensa de las abejas; est\u00e1 dise\u00f1ado para garantizar la alta calidad de cualquier producto Foxy. Las 3 capas y su especial proceso de fabricaci\u00f3n aseguran unas altas prestaciones en t\u00e9rminos de suavidad, absorci\u00f3n y resistencia. Adem\u00e1s, gracias a sus 167 servicios por rollo, est\u00e1 dise\u00f1ado para durar mucho tiempo.[\/vc_column_text][\/vc_column][\/vc_row][vc_row][vc_column width=\u00bb5\/6&#8243; offset=\u00bbvc_col-lg-offset-1 vc_col-lg-10 vc_col-md-offset-1 vc_col-md-10&#8243; el_class=\u00bbplus_product\u00bb][vc_row_inner equal_height=\u00bbyes\u00bb content_placement=\u00bbtop\u00bb el_class=\u00bbcaratteristiche_prodotto_slide_mobile owl-carousel owl-theme\u00bb][vc_column_inner width=\u00bb1\/3&#8243;][vc_single_image image=\u00bb11779&#8243; img_size=\u00bbfull\u00bb alignment=\u00bbcenter\u00bb][vc_column_text el_class=\u00bbplus_product_title\u00bb]3 capas[\/vc_column_text][vc_column_text el_class=\u00bbplus_product_desc\u00bb]<span data-sheets-value=\"{&quot;1&quot;:2,&quot;2&quot;:&quot;Contiene 3 capas lo que permite tener una mayor absorci\u00f3n y resistencia.&quot;}\" data-sheets-userformat=\"{&quot;2&quot;:12797,&quot;3&quot;:{&quot;1&quot;:1},&quot;5&quot;:{&quot;1&quot;:[{&quot;1&quot;:2,&quot;2&quot;:0,&quot;5&quot;:{&quot;1&quot;:2,&quot;2&quot;:0}},{&quot;1&quot;:0,&quot;2&quot;:0,&quot;3&quot;:3},{&quot;1&quot;:1,&quot;2&quot;:0,&quot;4&quot;:1}]},&quot;6&quot;:{&quot;1&quot;:[{&quot;1&quot;:2,&quot;2&quot;:0,&quot;5&quot;:{&quot;1&quot;:2,&quot;2&quot;:0}},{&quot;1&quot;:0,&quot;2&quot;:0,&quot;3&quot;:3},{&quot;1&quot;:1,&quot;2&quot;:0,&quot;4&quot;:1}]},&quot;7&quot;:{&quot;1&quot;:[{&quot;1&quot;:2,&quot;2&quot;:0,&quot;5&quot;:{&quot;1&quot;:2,&quot;2&quot;:0}},{&quot;1&quot;:0,&quot;2&quot;:0,&quot;3&quot;:3},{&quot;1&quot;:1,&quot;2&quot;:0,&quot;4&quot;:2}]},&quot;8&quot;:{&quot;1&quot;:[{&quot;1&quot;:2,&quot;2&quot;:0,&quot;5&quot;:{&quot;1&quot;:2,&quot;2&quot;:0}},{&quot;1&quot;:0,&quot;2&quot;:0,&quot;3&quot;:3},{&quot;1&quot;:1,&quot;2&quot;:0,&quot;4&quot;:2}]},&quot;9&quot;:1,&quot;10&quot;:1,&quot;11&quot;:4,&quot;15&quot;:&quot;Arial&quot;,&quot;16&quot;:10}\">Contiene 3 capas lo que permite tener una mayor absorci\u00f3n y resistencia.<\/span>[\/vc_column_text][\/vc_column_inner][vc_column_inner width=\u00bb1\/3&#8243;][vc_single_image image=\u00bb11784&#8243; img_size=\u00bbfull\u00bb alignment=\u00bbcenter\u00bb][vc_column_text el_class=\u00bbplus_product_title\u00bb]Papel perfumado[\/vc_column_text][vc_column_text el_class=\u00bbplus_product_desc\u00bb]<span data-sheets-value=\"{&quot;1&quot;:2,&quot;2&quot;:&quot;Cada rollo est\u00e1 enriquecido con un ligero y agradable aroma a miel aplicado dentro del tubo de cart\u00f3n.&quot;}\" data-sheets-userformat=\"{&quot;2&quot;:12797,&quot;3&quot;:{&quot;1&quot;:1},&quot;5&quot;:{&quot;1&quot;:[{&quot;1&quot;:2,&quot;2&quot;:0,&quot;5&quot;:{&quot;1&quot;:2,&quot;2&quot;:0}},{&quot;1&quot;:0,&quot;2&quot;:0,&quot;3&quot;:3},{&quot;1&quot;:1,&quot;2&quot;:0,&quot;4&quot;:1}]},&quot;6&quot;:{&quot;1&quot;:[{&quot;1&quot;:2,&quot;2&quot;:0,&quot;5&quot;:{&quot;1&quot;:2,&quot;2&quot;:0}},{&quot;1&quot;:0,&quot;2&quot;:0,&quot;3&quot;:3},{&quot;1&quot;:1,&quot;2&quot;:0,&quot;4&quot;:1}]},&quot;7&quot;:{&quot;1&quot;:[{&quot;1&quot;:2,&quot;2&quot;:0,&quot;5&quot;:{&quot;1&quot;:2,&quot;2&quot;:0}},{&quot;1&quot;:0,&quot;2&quot;:0,&quot;3&quot;:3},{&quot;1&quot;:1,&quot;2&quot;:0,&quot;4&quot;:2}]},&quot;8&quot;:{&quot;1&quot;:[{&quot;1&quot;:2,&quot;2&quot;:0,&quot;5&quot;:{&quot;1&quot;:2,&quot;2&quot;:0}},{&quot;1&quot;:0,&quot;2&quot;:0,&quot;3&quot;:3},{&quot;1&quot;:1,&quot;2&quot;:0,&quot;4&quot;:2}]},&quot;9&quot;:1,&quot;10&quot;:1,&quot;11&quot;:4,&quot;15&quot;:&quot;Arial&quot;,&quot;16&quot;:10}\" data-sheets-textstyleruns=\"{&quot;1&quot;:0}\uee10{&quot;1&quot;:99,&quot;2&quot;:{&quot;3&quot;:&quot;Calibri&quot;,&quot;4&quot;:10}}\uee10{&quot;1&quot;:100,&quot;2&quot;:{&quot;3&quot;:&quot;Arial&quot;,&quot;4&quot;:10}}\">Cada rollo est\u00e1 enriquecido con un ligero y agradable aroma a miel aplicado dentro del tubo de cart\u00f3n.<\/span>[\/vc_column_text][\/vc_column_inner][vc_column_inner width=\u00bb1\/3&#8243;][vc_single_image image=\u00bb20550&#8243; img_size=\u00bbfull\u00bb alignment=\u00bbcenter\u00bb][vc_column_text el_class=\u00bbplus_product_title\u00bb]\u00a1Protejamos a las abejas juntos![\/vc_column_text][vc_column_text el_class=\u00bbplus_product_desc\u00bb]Foxy ha firmado un acuerdo plurianual con 3Bee para la protecci\u00f3n de las abejas, gracias al monitoreo de sus colmenas y la creaci\u00f3n de oasis de biodiversidad.<\/p>\n<p><a href=\"https:\/\/www.foxy.eu\/es\/el-compromiso-de-foxy\/3bee\/\">Descubre m\u00e1s sobre El Compromiso de Foxy con 3Bee<\/a>[\/vc_column_text][\/vc_column_inner][\/vc_row_inner][\/vc_column][\/vc_row]<\/p>\n","protected":false},"featured_media":21469,"template":"","categories":[39],"yoast_head":"<!-- This site is optimized with the Yoast SEO plugin v19.14 - https:\/\/yoast.com\/wordpress\/plugins\/seo\/ -->\n<title>Foxy Love the Bee - Foxy<\/title>\n<meta name=\"description\" content=\"Concebido para apoyar el proyecto de Foxy y 3Bee en defensa de las abejas; est\u00e1 dise\u00f1ado para garantizar la alta calidad de cualquier producto Foxy.Las 3 capas y su especial proceso de fabricaci\u00f3n aseguran unas altas prestaciones en t\u00e9rminos de suavidad, absorci\u00f3n y resistencia.Adem\u00e1s, gracias a sus 167 servicios por rollo, est\u00e1 dise\u00f1ado para durar mucho tiempo.\" \/>\n<meta name=\"robots\" content=\"index, follow, max-snippet:-1, max-image-preview:large, max-video-preview:-1\" \/>\n<link rel=\"canonical\" href=\"https:\/\/www.foxy.eu\/es\/productos\/foxy-love-the-bee-papel-higienicos\/\" \/>\n<meta property=\"og:locale\" content=\"es_ES\" \/>\n<meta property=\"og:type\" content=\"article\" \/>\n<meta property=\"og:title\" content=\"Foxy Love the Bee - Foxy\" \/>\n<meta property=\"og:description\" content=\"Concebido para apoyar el proyecto de Foxy y 3Bee en defensa de las abejas; est\u00e1 dise\u00f1ado para garantizar la alta calidad de cualquier producto Foxy.Las 3 capas y su especial proceso de fabricaci\u00f3n aseguran unas altas prestaciones en t\u00e9rminos de suavidad, absorci\u00f3n y resistencia.Adem\u00e1s, gracias a sus 167 servicios por rollo, est\u00e1 dise\u00f1ado para durar mucho tiempo.\" \/>\n<meta property=\"og:url\" content=\"https:\/\/www.foxy.eu\/es\/productos\/foxy-love-the-bee-papel-higienicos\/\" \/>\n<meta property=\"og:site_name\" content=\"Foxy\" \/>\n<meta property=\"article:publisher\" content=\"https:\/\/www.facebook.com\/Foxy.Italia\" \/>\n<meta property=\"article:modified_time\" content=\"2026-04-13T10:24:48+00:00\" \/>\n<meta property=\"og:image\" content=\"https:\/\/www.foxy.eu\/wp-content\/uploads\/2023\/03\/Lovethebee_cartaigienica_hero.png\" \/>\n\t<meta property=\"og:image:width\" content=\"960\" \/>\n\t<meta property=\"og:image:height\" content=\"706\" \/>\n\t<meta property=\"og:image:type\" content=\"image\/png\" \/>\n<meta name=\"twitter:card\" content=\"summary_large_image\" \/>\n<meta name=\"twitter:label1\" content=\"Est. reading time\" \/>\n\t<meta name=\"twitter:data1\" content=\"1 minuto\" \/>\n<script type=\"application\/ld+json\" class=\"yoast-schema-graph\">{\"@context\":\"https:\/\/schema.org\",\"@graph\":[{\"@type\":\"WebPage\",\"@id\":\"https:\/\/www.foxy.eu\/es\/productos\/foxy-love-the-bee-papel-higienicos\/\",\"url\":\"https:\/\/www.foxy.eu\/es\/productos\/foxy-love-the-bee-papel-higienicos\/\",\"name\":\"Foxy Love the Bee - Foxy\",\"isPartOf\":{\"@id\":\"https:\/\/www.foxy.eu\/#website\"},\"datePublished\":\"2023-03-03T16:46:32+00:00\",\"dateModified\":\"2026-04-13T10:24:48+00:00\",\"description\":\"Concebido para apoyar el proyecto de Foxy y 3Bee en defensa de las abejas; est\u00e1 dise\u00f1ado para garantizar la alta calidad de cualquier producto Foxy.Las 3 capas y su especial proceso de fabricaci\u00f3n aseguran unas altas prestaciones en t\u00e9rminos de suavidad, absorci\u00f3n y resistencia.Adem\u00e1s, gracias a sus 167 servicios por rollo, est\u00e1 dise\u00f1ado para durar mucho tiempo.\",\"breadcrumb\":{\"@id\":\"https:\/\/www.foxy.eu\/es\/productos\/foxy-love-the-bee-papel-higienicos\/#breadcrumb\"},\"inLanguage\":\"es\",\"potentialAction\":[{\"@type\":\"ReadAction\",\"target\":[\"https:\/\/www.foxy.eu\/es\/productos\/foxy-love-the-bee-papel-higienicos\/\"]}]},{\"@type\":\"BreadcrumbList\",\"@id\":\"https:\/\/www.foxy.eu\/es\/productos\/foxy-love-the-bee-papel-higienicos\/#breadcrumb\",\"itemListElement\":[{\"@type\":\"ListItem\",\"position\":1,\"name\":\"Home\",\"item\":\"https:\/\/www.foxy.eu\/es\/\"},{\"@type\":\"ListItem\",\"position\":2,\"name\":\"Foxy Love the Bee\"}]},{\"@type\":\"WebSite\",\"@id\":\"https:\/\/www.foxy.eu\/#website\",\"url\":\"https:\/\/www.foxy.eu\/\",\"name\":\"Foxy\",\"description\":\"Un nuovo sito targato WordPress\",\"publisher\":{\"@id\":\"https:\/\/www.foxy.eu\/#organization\"},\"alternateName\":\"Scopri tutta la gamma di prodotti e iniziative Foxy. Abbiamo pensato a un mondo su misura per te.\",\"potentialAction\":[{\"@type\":\"SearchAction\",\"target\":{\"@type\":\"EntryPoint\",\"urlTemplate\":\"https:\/\/www.foxy.eu\/?s={search_term_string}\"},\"query-input\":\"required name=search_term_string\"}],\"inLanguage\":\"es\"},{\"@type\":\"Organization\",\"@id\":\"https:\/\/www.foxy.eu\/#organization\",\"name\":\"Foxy | Sempre vicina a te!\",\"alternateName\":\"Scopri tutta la gamma di prodotti e iniziative Foxy. Abbiamo pensato a un mondo su misura per te.\",\"url\":\"https:\/\/www.foxy.eu\/\",\"logo\":{\"@type\":\"ImageObject\",\"inLanguage\":\"es\",\"@id\":\"https:\/\/www.foxy.eu\/#\/schema\/logo\/image\/\",\"url\":\"https:\/\/enkaz3824io.exactdn.com\/wp-content\/uploads\/2020\/07\/hp_big_logo@2x.png?strip=all&lossy=1&ssl=1\",\"contentUrl\":\"https:\/\/enkaz3824io.exactdn.com\/wp-content\/uploads\/2020\/07\/hp_big_logo@2x.png?strip=all&lossy=1&ssl=1\",\"width\":518,\"height\":366,\"caption\":\"Foxy | Sempre vicina a te!\"},\"image\":{\"@id\":\"https:\/\/www.foxy.eu\/#\/schema\/logo\/image\/\"},\"sameAs\":[\"https:\/\/www.instagram.com\/foxy\/\",\"https:\/\/www.youtube.com\/channel\/UCpCfvrNg7u0O0jSeH9B9ygA\",\"https:\/\/www.facebook.com\/Foxy.Italia\"]}]}<\/script>\n<!-- \/ Yoast SEO plugin. -->","yoast_head_json":{"title":"Foxy Love the Bee - Foxy","description":"Concebido para apoyar el proyecto de Foxy y 3Bee en defensa de las abejas; est\u00e1 dise\u00f1ado para garantizar la alta calidad de cualquier producto Foxy.Las 3 capas y su especial proceso de fabricaci\u00f3n aseguran unas altas prestaciones en t\u00e9rminos de suavidad, absorci\u00f3n y resistencia.Adem\u00e1s, gracias a sus 167 servicios por rollo, est\u00e1 dise\u00f1ado para durar mucho tiempo.","robots":{"index":"index","follow":"follow","max-snippet":"max-snippet:-1","max-image-preview":"max-image-preview:large","max-video-preview":"max-video-preview:-1"},"canonical":"https:\/\/www.foxy.eu\/es\/productos\/foxy-love-the-bee-papel-higienicos\/","og_locale":"es_ES","og_type":"article","og_title":"Foxy Love the Bee - Foxy","og_description":"Concebido para apoyar el proyecto de Foxy y 3Bee en defensa de las abejas; est\u00e1 dise\u00f1ado para garantizar la alta calidad de cualquier producto Foxy.Las 3 capas y su especial proceso de fabricaci\u00f3n aseguran unas altas prestaciones en t\u00e9rminos de suavidad, absorci\u00f3n y resistencia.Adem\u00e1s, gracias a sus 167 servicios por rollo, est\u00e1 dise\u00f1ado para durar mucho tiempo.","og_url":"https:\/\/www.foxy.eu\/es\/productos\/foxy-love-the-bee-papel-higienicos\/","og_site_name":"Foxy","article_publisher":"https:\/\/www.facebook.com\/Foxy.Italia","article_modified_time":"2026-04-13T10:24:48+00:00","og_image":[{"width":960,"height":706,"url":"https:\/\/www.foxy.eu\/wp-content\/uploads\/2023\/03\/Lovethebee_cartaigienica_hero.png","type":"image\/png"}],"twitter_card":"summary_large_image","twitter_misc":{"Est. reading time":"1 minuto"},"schema":{"@context":"https:\/\/schema.org","@graph":[{"@type":"WebPage","@id":"https:\/\/www.foxy.eu\/es\/productos\/foxy-love-the-bee-papel-higienicos\/","url":"https:\/\/www.foxy.eu\/es\/productos\/foxy-love-the-bee-papel-higienicos\/","name":"Foxy Love the Bee - Foxy","isPartOf":{"@id":"https:\/\/www.foxy.eu\/#website"},"datePublished":"2023-03-03T16:46:32+00:00","dateModified":"2026-04-13T10:24:48+00:00","description":"Concebido para apoyar el proyecto de Foxy y 3Bee en defensa de las abejas; est\u00e1 dise\u00f1ado para garantizar la alta calidad de cualquier producto Foxy.Las 3 capas y su especial proceso de fabricaci\u00f3n aseguran unas altas prestaciones en t\u00e9rminos de suavidad, absorci\u00f3n y resistencia.Adem\u00e1s, gracias a sus 167 servicios por rollo, est\u00e1 dise\u00f1ado para durar mucho tiempo.","breadcrumb":{"@id":"https:\/\/www.foxy.eu\/es\/productos\/foxy-love-the-bee-papel-higienicos\/#breadcrumb"},"inLanguage":"es","potentialAction":[{"@type":"ReadAction","target":["https:\/\/www.foxy.eu\/es\/productos\/foxy-love-the-bee-papel-higienicos\/"]}]},{"@type":"BreadcrumbList","@id":"https:\/\/www.foxy.eu\/es\/productos\/foxy-love-the-bee-papel-higienicos\/#breadcrumb","itemListElement":[{"@type":"ListItem","position":1,"name":"Home","item":"https:\/\/www.foxy.eu\/es\/"},{"@type":"ListItem","position":2,"name":"Foxy Love the Bee"}]},{"@type":"WebSite","@id":"https:\/\/www.foxy.eu\/#website","url":"https:\/\/www.foxy.eu\/","name":"Foxy","description":"Un nuovo sito targato WordPress","publisher":{"@id":"https:\/\/www.foxy.eu\/#organization"},"alternateName":"Scopri tutta la gamma di prodotti e iniziative Foxy. Abbiamo pensato a un mondo su misura per te.","potentialAction":[{"@type":"SearchAction","target":{"@type":"EntryPoint","urlTemplate":"https:\/\/www.foxy.eu\/?s={search_term_string}"},"query-input":"required name=search_term_string"}],"inLanguage":"es"},{"@type":"Organization","@id":"https:\/\/www.foxy.eu\/#organization","name":"Foxy | Sempre vicina a te!","alternateName":"Scopri tutta la gamma di prodotti e iniziative Foxy. Abbiamo pensato a un mondo su misura per te.","url":"https:\/\/www.foxy.eu\/","logo":{"@type":"ImageObject","inLanguage":"es","@id":"https:\/\/www.foxy.eu\/#\/schema\/logo\/image\/","url":"https:\/\/enkaz3824io.exactdn.com\/wp-content\/uploads\/2020\/07\/hp_big_logo@2x.png?strip=all&lossy=1&ssl=1","contentUrl":"https:\/\/enkaz3824io.exactdn.com\/wp-content\/uploads\/2020\/07\/hp_big_logo@2x.png?strip=all&lossy=1&ssl=1","width":518,"height":366,"caption":"Foxy | Sempre vicina a te!"},"image":{"@id":"https:\/\/www.foxy.eu\/#\/schema\/logo\/image\/"},"sameAs":["https:\/\/www.instagram.com\/foxy\/","https:\/\/www.youtube.com\/channel\/UCpCfvrNg7u0O0jSeH9B9ygA","https:\/\/www.facebook.com\/Foxy.Italia"]}]}},"_links":{"self":[{"href":"https:\/\/www.foxy.eu\/es\/wp-json\/wp\/v2\/product\/11761"}],"collection":[{"href":"https:\/\/www.foxy.eu\/es\/wp-json\/wp\/v2\/product"}],"about":[{"href":"https:\/\/www.foxy.eu\/es\/wp-json\/wp\/v2\/types\/product"}],"version-history":[{"count":25,"href":"https:\/\/www.foxy.eu\/es\/wp-json\/wp\/v2\/product\/11761\/revisions"}],"predecessor-version":[{"id":29502,"href":"https:\/\/www.foxy.eu\/es\/wp-json\/wp\/v2\/product\/11761\/revisions\/29502"}],"wp:featuredmedia":[{"embeddable":true,"href":"https:\/\/www.foxy.eu\/es\/wp-json\/wp\/v2\/media\/21469"}],"wp:attachment":[{"href":"https:\/\/www.foxy.eu\/es\/wp-json\/wp\/v2\/media?parent=11761"}],"wp:term":[{"taxonomy":"category","embeddable":true,"href":"https:\/\/www.foxy.eu\/es\/wp-json\/wp\/v2\/categories?post=11761"}],"curies":[{"name":"wp","href":"https:\/\/api.w.org\/{rel}","templated":true}]}}