
{"id":4581,"date":"2020-09-17T12:24:00","date_gmt":"2020-09-17T10:24:00","guid":{"rendered":"https:\/\/www.foxy.eu\/widget-faq-tovaglioli\/"},"modified":"2021-06-29T12:18:25","modified_gmt":"2021-06-29T10:18:25","slug":"widget-faq-servilletas","status":"publish","type":"page","link":"https:\/\/www.foxy.eu\/es\/widget-faq-servilletas\/","title":{"rendered":"Widget Faq Servilletas"},"content":{"rendered":"<p>[vc_row el_id=\u00bbfaq_tovaglioli\u00bb][vc_column width=\u00bb2\/3&#8243; offset=\u00bbvc_col-lg-offset-2 vc_col-md-offset-2&#8243;][vc_column_text el_class=\u00bbtitle_category_faq\u00bb]Servilletas[\/vc_column_text][vc_row_inner el_class=\u00bbfaq_evidenza\u00bb][vc_column_inner width=\u00bb2\/2&#8243;][vc_column_text el_class=\u00bbfaq_evidenza_title\u00bb]<img decoding=\"async\" class=\"alignnone size-full wp-image-1077\" src=\"https:\/\/enkaz3824io.exactdn.com\/wp-content\/uploads\/2020\/09\/faq_evidenza@2x.png?strip=all&lossy=1&resize=63%2C63&ssl=1\" alt=\"\" width=\"63\" height=\"63\" \/> Lo m\u00e1s demandado[\/vc_column_text][\/vc_column_inner][vc_column_inner width=\u00bb1\/2&#8243;][vc_column_text el_class=\u00bbfaq_evidenza_domanda\u00bb]\u00bfSon seguras las tintas utilizadas para las decoraciones de las servilletas Foxy?[\/vc_column_text][\/vc_column_inner][vc_column_inner width=\u00bb1\/2&#8243;][vc_column_text el_class=\u00bbfaq_evidenza_risposta\u00bb]Las tintas utilizadas para la decoraci\u00f3n de las servilletas Foxy son a base de agua y no son t\u00f3xicos.<br \/>\nAdem\u00e1s, todas las servilletas Foxy est\u00e1n dise\u00f1adas para entrar en contacto con alimentos: se aconseja usarlo, al contacto con alimentos, por la parte no decorada. Su idoneidad para el contacto con alimentos est\u00e1 garantizada por rigurosas pruebas realizadas en laboratorios cualificados.[\/vc_column_text][\/vc_column_inner][\/vc_row_inner][vc_row_inner el_class=\u00bblista-faq\u00bb][vc_column_inner][vc_toggle title=\u00bb\u00bfQu\u00e9 tipo de celulosa se utiliza para la producci\u00f3n de las servilletas Foxy?\u00bb]Todos los productos Foxy se producen con celulosa virgen 100\u00a0% pura de bosques certificados y fuentes controladas.<br \/>\nFoxy Trapuntati, Foxy Gran Tavola Escocesa y Foxy Happy Hour se producen con celulosa pura de bosques certificados FSC \u00ae . FSC \u00ae (Consejo de Administraci\u00f3n Forestal) es una organizaci\u00f3n internacional no gubernamental sin \u00e1nimo de lucro que promueve la gesti\u00f3n responsable de los bosques en todo el mundo.<br \/>\nFoxy Tuttid\u00ec se produce con celulosa pura procedente de bosques con certificaci\u00f3n PEFC \u00ae.<br \/>\nEl PEFC \u00ae (Programa para el Reconocimiento de Esquemas de Certificaci\u00f3n Forestal) es una asociaci\u00f3n internacional sin fines de lucro que promueve y gestiona un sistema de certificaci\u00f3n para la gesti\u00f3n sostenible de los bosques.<br \/>\nPara obtener m\u00e1s informaci\u00f3n, visita la secci\u00f3n Sostenibilidad y certificaciones.[\/vc_toggle][vc_toggle title=\u00bb\u00bfC\u00f3mo puedo eliminar los envases de las servilletas Foxy?\u00bb]Todos los envases de servilletas Foxy son 100\u00a0% reciclables y se pueden tirar en el contenedor amarillo del pl\u00e1stico.<br \/>\nEn cualquier caso, es recomendable consultar la normativa de tu municipio de residencia.[\/vc_toggle][vc_toggle title=\u00bb\u00bfEl papel de los productos Foxy pasa por un proceso de blanqueamiento?\u00bb]Los fabricantes de celulosa de los que Foxy se abastece no utilizan gas cloro (altamente contaminante) para realizar el proceso de blanqueamiento.<br \/>\nAdem\u00e1s, toda la celulosa utilizada est\u00e1 certificada de acuerdo con las principales normas relativas al origen de los bosques y a la gesti\u00f3n responsable.[\/vc_toggle][vc_toggle title=\u00bb\u00bfSe test\u00f3 en animales durante el desarrollo de los productos Foxy?\u00bb]No se realizaron pruebas con animales en el desarrollo de los productos Foxy.[\/vc_toggle][vc_toggle title=\u00bb\u00bfPuedo usar servilletas en contacto con alimentos?\u00bb]Todas las servilletas Foxy se prueban para garantizar su idoneidad para el contacto con alimentos. Se aconseja usarlo, al contacto con alimentos, por la parte no decorada.<br \/>\nPor tanto, pueden utilizarse para:<\/p>\n<ul>\n<li>secar frutas y verduras lavadas<\/li>\n<li>envolver alimentos para consumir fuera de casa<\/li>\n<li>cubrir la cesta del pan y el frutero<\/li>\n<li>disfruta de un tentempi\u00e9 en lugar de con un plato o un mantel individual<\/li>\n<\/ul>\n<p>[\/vc_toggle][vc_toggle title=\u00bb\u00bfD\u00f3nde puedo tirar la servilleta despu\u00e9s de usarla?\u00bb]Depende del tipo de uso:<\/p>\n<ul>\n<li>si no contiene residuos org\u00e1nicos, se puede tirar al contenedor azul de papel,<\/li>\n<li>si contiene residuos org\u00e1nicos, se puede tirar al contenedor marr\u00f3n de restos org\u00e1nicos,<\/li>\n<li>si se usa para limpiar con detergentes u otros productos qu\u00edmicos, puede tirarse en el contenedor gris de restos mezclados.<\/li>\n<\/ul>\n<p>En cualquier caso, es recomendable que consultes la normativa de tu municipio de residencia.[\/vc_toggle][vc_toggle title=\u00bb\u00bfCu\u00e1l es la diferencia entre una servilleta de una capa y una servilleta de dos capas?\u00bb]Si buscas comodidad y grandes cantidades sin sacrificar la calidad gracias a su mayor gramaje, Foxy Tuttid\u00ec es tu producto.<br \/>\nFoxy Gran Tavola Escocesa, Foxy Trapuntati y Foxy Happy Hour, servilletas de doble capa, son ideales para quienes quieren que sus servilletas tengan la m\u00e1xima suavidad y consistencia.<br \/>\nFoxy Trapuntati, gracias al tama\u00f1o extragrande de 38\u00a0x\u00a038 y a su preciosa textura acolchada, supone toda una caricia para ti y para tus invitados.[\/vc_toggle][vc_toggle title=\u00bb\u00bfPuedo tirar las servilletas al inodoro?\u00bb]No se recomienda en absoluto tirar las servilletas al inodoro. Las servilletas tienen una finalidad diferente y una resistencia distinta a la del papel higi\u00e9nico, que se fabrica especialmente para que se disuelva en el agua en cuesti\u00f3n de segundos.[\/vc_toggle][\/vc_column_inner][\/vc_row_inner][\/vc_column][\/vc_row]<\/p>\n","protected":false},"excerpt":{"rendered":"<p>[vc_row el_id=\u00bbfaq_tovaglioli\u00bb][vc_column width=\u00bb2\/3&#8243; offset=\u00bbvc_col-lg-offset-2 vc_col-md-offset-2&#8243;][vc_column_text el_class=\u00bbtitle_category_faq\u00bb]Servilletas[\/vc_column_text][vc_row_inner el_class=\u00bbfaq_evidenza\u00bb][vc_column_inner width=\u00bb2\/2&#8243;][vc_column_text el_class=\u00bbfaq_evidenza_title\u00bb] Lo m\u00e1s demandado[\/vc_column_text][\/vc_column_inner][vc_column_inner width=\u00bb1\/2&#8243;][vc_column_text el_class=\u00bbfaq_evidenza_domanda\u00bb]\u00bfSon seguras las tintas utilizadas para las decoraciones de las servilletas Foxy?[\/vc_column_text][\/vc_column_inner][vc_column_inner width=\u00bb1\/2&#8243;][vc_column_text el_class=\u00bbfaq_evidenza_risposta\u00bb]Las tintas utilizadas para&#8230;<\/p>\n","protected":false},"author":1,"featured_media":0,"parent":0,"menu_order":0,"comment_status":"closed","ping_status":"closed","template":"","meta":[],"categories":[],"tags":[],"yoast_head":"<!-- This site is optimized with the Yoast SEO plugin v19.14 - https:\/\/yoast.com\/wordpress\/plugins\/seo\/ -->\n<title>Widget Faq Servilletas - Foxy<\/title>\n<meta name=\"robots\" content=\"noindex, nofollow\" \/>\n<meta property=\"og:locale\" content=\"es_ES\" \/>\n<meta property=\"og:type\" content=\"article\" \/>\n<meta property=\"og:title\" content=\"Widget Faq Servilletas - Foxy\" \/>\n<meta property=\"og:description\" content=\"[vc_row el_id=\u00bbfaq_tovaglioli\u00bb][vc_column width=\u00bb2\/3&#8243; offset=\u00bbvc_col-lg-offset-2 vc_col-md-offset-2&#8243;][vc_column_text el_class=\u00bbtitle_category_faq\u00bb]Servilletas[\/vc_column_text][vc_row_inner el_class=\u00bbfaq_evidenza\u00bb][vc_column_inner width=\u00bb2\/2&#8243;][vc_column_text el_class=\u00bbfaq_evidenza_title\u00bb] Lo m\u00e1s demandado[\/vc_column_text][\/vc_column_inner][vc_column_inner width=\u00bb1\/2&#8243;][vc_column_text el_class=\u00bbfaq_evidenza_domanda\u00bb]\u00bfSon seguras las tintas utilizadas para las decoraciones de las servilletas Foxy?[\/vc_column_text][\/vc_column_inner][vc_column_inner width=\u00bb1\/2&#8243;][vc_column_text el_class=\u00bbfaq_evidenza_risposta\u00bb]Las tintas utilizadas para...\" \/>\n<meta property=\"og:url\" content=\"https:\/\/www.foxy.eu\/es\/widget-faq-servilletas\/\" \/>\n<meta property=\"og:site_name\" content=\"Foxy\" \/>\n<meta property=\"article:publisher\" content=\"https:\/\/www.facebook.com\/Foxy.Italia\" \/>\n<meta property=\"article:modified_time\" content=\"2021-06-29T10:18:25+00:00\" \/>\n<meta property=\"og:image\" content=\"https:\/\/www.foxy.eu\/wp-content\/uploads\/2020\/09\/faq_evidenza@2x.png\" \/>\n<meta name=\"twitter:card\" content=\"summary_large_image\" \/>\n<meta name=\"twitter:label1\" content=\"Est. reading time\" \/>\n\t<meta name=\"twitter:data1\" content=\"4 minutos\" \/>\n<script type=\"application\/ld+json\" class=\"yoast-schema-graph\">{\"@context\":\"https:\/\/schema.org\",\"@graph\":[{\"@type\":\"WebPage\",\"@id\":\"https:\/\/www.foxy.eu\/es\/widget-faq-servilletas\/\",\"url\":\"https:\/\/www.foxy.eu\/es\/widget-faq-servilletas\/\",\"name\":\"Widget Faq Servilletas - Foxy\",\"isPartOf\":{\"@id\":\"https:\/\/www.foxy.eu\/#website\"},\"datePublished\":\"2020-09-17T10:24:00+00:00\",\"dateModified\":\"2021-06-29T10:18:25+00:00\",\"breadcrumb\":{\"@id\":\"https:\/\/www.foxy.eu\/es\/widget-faq-servilletas\/#breadcrumb\"},\"inLanguage\":\"es\",\"potentialAction\":[{\"@type\":\"ReadAction\",\"target\":[\"https:\/\/www.foxy.eu\/es\/widget-faq-servilletas\/\"]}]},{\"@type\":\"BreadcrumbList\",\"@id\":\"https:\/\/www.foxy.eu\/es\/widget-faq-servilletas\/#breadcrumb\",\"itemListElement\":[{\"@type\":\"ListItem\",\"position\":1,\"name\":\"Home\",\"item\":\"https:\/\/www.foxy.eu\/es\/\"},{\"@type\":\"ListItem\",\"position\":2,\"name\":\"Widget Faq Servilletas\"}]},{\"@type\":\"WebSite\",\"@id\":\"https:\/\/www.foxy.eu\/#website\",\"url\":\"https:\/\/www.foxy.eu\/\",\"name\":\"Foxy\",\"description\":\"Un nuovo sito targato WordPress\",\"publisher\":{\"@id\":\"https:\/\/www.foxy.eu\/#organization\"},\"alternateName\":\"Scopri tutta la gamma di prodotti e iniziative Foxy. Abbiamo pensato a un mondo su misura per te.\",\"potentialAction\":[{\"@type\":\"SearchAction\",\"target\":{\"@type\":\"EntryPoint\",\"urlTemplate\":\"https:\/\/www.foxy.eu\/?s={search_term_string}\"},\"query-input\":\"required name=search_term_string\"}],\"inLanguage\":\"es\"},{\"@type\":\"Organization\",\"@id\":\"https:\/\/www.foxy.eu\/#organization\",\"name\":\"Foxy | Sempre vicina a te!\",\"alternateName\":\"Scopri tutta la gamma di prodotti e iniziative Foxy. Abbiamo pensato a un mondo su misura per te.\",\"url\":\"https:\/\/www.foxy.eu\/\",\"logo\":{\"@type\":\"ImageObject\",\"inLanguage\":\"es\",\"@id\":\"https:\/\/www.foxy.eu\/#\/schema\/logo\/image\/\",\"url\":\"https:\/\/enkaz3824io.exactdn.com\/wp-content\/uploads\/2020\/07\/hp_big_logo@2x.png?strip=all&lossy=1&ssl=1\",\"contentUrl\":\"https:\/\/enkaz3824io.exactdn.com\/wp-content\/uploads\/2020\/07\/hp_big_logo@2x.png?strip=all&lossy=1&ssl=1\",\"width\":518,\"height\":366,\"caption\":\"Foxy | Sempre vicina a te!\"},\"image\":{\"@id\":\"https:\/\/www.foxy.eu\/#\/schema\/logo\/image\/\"},\"sameAs\":[\"https:\/\/www.instagram.com\/foxy\/\",\"https:\/\/www.youtube.com\/channel\/UCpCfvrNg7u0O0jSeH9B9ygA\",\"https:\/\/www.facebook.com\/Foxy.Italia\"]}]}<\/script>\n<!-- \/ Yoast SEO plugin. -->","yoast_head_json":{"title":"Widget Faq Servilletas - Foxy","robots":{"index":"noindex","follow":"nofollow"},"og_locale":"es_ES","og_type":"article","og_title":"Widget Faq Servilletas - Foxy","og_description":"[vc_row el_id=\u00bbfaq_tovaglioli\u00bb][vc_column width=\u00bb2\/3&#8243; offset=\u00bbvc_col-lg-offset-2 vc_col-md-offset-2&#8243;][vc_column_text el_class=\u00bbtitle_category_faq\u00bb]Servilletas[\/vc_column_text][vc_row_inner el_class=\u00bbfaq_evidenza\u00bb][vc_column_inner width=\u00bb2\/2&#8243;][vc_column_text el_class=\u00bbfaq_evidenza_title\u00bb] Lo m\u00e1s demandado[\/vc_column_text][\/vc_column_inner][vc_column_inner width=\u00bb1\/2&#8243;][vc_column_text el_class=\u00bbfaq_evidenza_domanda\u00bb]\u00bfSon seguras las tintas utilizadas para las decoraciones de las servilletas Foxy?[\/vc_column_text][\/vc_column_inner][vc_column_inner width=\u00bb1\/2&#8243;][vc_column_text el_class=\u00bbfaq_evidenza_risposta\u00bb]Las tintas utilizadas para...","og_url":"https:\/\/www.foxy.eu\/es\/widget-faq-servilletas\/","og_site_name":"Foxy","article_publisher":"https:\/\/www.facebook.com\/Foxy.Italia","article_modified_time":"2021-06-29T10:18:25+00:00","og_image":[{"url":"https:\/\/www.foxy.eu\/wp-content\/uploads\/2020\/09\/faq_evidenza@2x.png"}],"twitter_card":"summary_large_image","twitter_misc":{"Est. reading time":"4 minutos"},"schema":{"@context":"https:\/\/schema.org","@graph":[{"@type":"WebPage","@id":"https:\/\/www.foxy.eu\/es\/widget-faq-servilletas\/","url":"https:\/\/www.foxy.eu\/es\/widget-faq-servilletas\/","name":"Widget Faq Servilletas - Foxy","isPartOf":{"@id":"https:\/\/www.foxy.eu\/#website"},"datePublished":"2020-09-17T10:24:00+00:00","dateModified":"2021-06-29T10:18:25+00:00","breadcrumb":{"@id":"https:\/\/www.foxy.eu\/es\/widget-faq-servilletas\/#breadcrumb"},"inLanguage":"es","potentialAction":[{"@type":"ReadAction","target":["https:\/\/www.foxy.eu\/es\/widget-faq-servilletas\/"]}]},{"@type":"BreadcrumbList","@id":"https:\/\/www.foxy.eu\/es\/widget-faq-servilletas\/#breadcrumb","itemListElement":[{"@type":"ListItem","position":1,"name":"Home","item":"https:\/\/www.foxy.eu\/es\/"},{"@type":"ListItem","position":2,"name":"Widget Faq Servilletas"}]},{"@type":"WebSite","@id":"https:\/\/www.foxy.eu\/#website","url":"https:\/\/www.foxy.eu\/","name":"Foxy","description":"Un nuovo sito targato WordPress","publisher":{"@id":"https:\/\/www.foxy.eu\/#organization"},"alternateName":"Scopri tutta la gamma di prodotti e iniziative Foxy. Abbiamo pensato a un mondo su misura per te.","potentialAction":[{"@type":"SearchAction","target":{"@type":"EntryPoint","urlTemplate":"https:\/\/www.foxy.eu\/?s={search_term_string}"},"query-input":"required name=search_term_string"}],"inLanguage":"es"},{"@type":"Organization","@id":"https:\/\/www.foxy.eu\/#organization","name":"Foxy | Sempre vicina a te!","alternateName":"Scopri tutta la gamma di prodotti e iniziative Foxy. Abbiamo pensato a un mondo su misura per te.","url":"https:\/\/www.foxy.eu\/","logo":{"@type":"ImageObject","inLanguage":"es","@id":"https:\/\/www.foxy.eu\/#\/schema\/logo\/image\/","url":"https:\/\/enkaz3824io.exactdn.com\/wp-content\/uploads\/2020\/07\/hp_big_logo@2x.png?strip=all&lossy=1&ssl=1","contentUrl":"https:\/\/enkaz3824io.exactdn.com\/wp-content\/uploads\/2020\/07\/hp_big_logo@2x.png?strip=all&lossy=1&ssl=1","width":518,"height":366,"caption":"Foxy | Sempre vicina a te!"},"image":{"@id":"https:\/\/www.foxy.eu\/#\/schema\/logo\/image\/"},"sameAs":["https:\/\/www.instagram.com\/foxy\/","https:\/\/www.youtube.com\/channel\/UCpCfvrNg7u0O0jSeH9B9ygA","https:\/\/www.facebook.com\/Foxy.Italia"]}]}},"_links":{"self":[{"href":"https:\/\/www.foxy.eu\/es\/wp-json\/wp\/v2\/pages\/4581"}],"collection":[{"href":"https:\/\/www.foxy.eu\/es\/wp-json\/wp\/v2\/pages"}],"about":[{"href":"https:\/\/www.foxy.eu\/es\/wp-json\/wp\/v2\/types\/page"}],"author":[{"embeddable":true,"href":"https:\/\/www.foxy.eu\/es\/wp-json\/wp\/v2\/users\/1"}],"replies":[{"embeddable":true,"href":"https:\/\/www.foxy.eu\/es\/wp-json\/wp\/v2\/comments?post=4581"}],"version-history":[{"count":5,"href":"https:\/\/www.foxy.eu\/es\/wp-json\/wp\/v2\/pages\/4581\/revisions"}],"predecessor-version":[{"id":4997,"href":"https:\/\/www.foxy.eu\/es\/wp-json\/wp\/v2\/pages\/4581\/revisions\/4997"}],"wp:attachment":[{"href":"https:\/\/www.foxy.eu\/es\/wp-json\/wp\/v2\/media?parent=4581"}],"wp:term":[{"taxonomy":"category","embeddable":true,"href":"https:\/\/www.foxy.eu\/es\/wp-json\/wp\/v2\/categories?post=4581"},{"taxonomy":"post_tag","embeddable":true,"href":"https:\/\/www.foxy.eu\/es\/wp-json\/wp\/v2\/tags?post=4581"}],"curies":[{"name":"wp","href":"https:\/\/api.w.org\/{rel}","templated":true}]}}