
{"id":4576,"date":"2020-09-17T12:24:36","date_gmt":"2020-09-17T10:24:36","guid":{"rendered":"https:\/\/www.foxy.eu\/widget-faq-fazzoletti-in-scatola\/"},"modified":"2021-06-29T12:16:37","modified_gmt":"2021-06-29T10:16:37","slug":"widget-faq-faciales","status":"publish","type":"page","link":"https:\/\/www.foxy.eu\/es\/widget-faq-faciales\/","title":{"rendered":"Widget Faq Faciales"},"content":{"rendered":"<p>[vc_row el_id=\u00bbfaq_fazzoletti_scatola\u00bb][vc_column width=\u00bb2\/3&#8243; offset=\u00bbvc_col-lg-offset-2 vc_col-md-offset-2&#8243;][vc_column_text el_class=\u00bbtitle_category_faq\u00bb]Faciales[\/vc_column_text][vc_row_inner el_class=\u00bbfaq_evidenza\u00bb][vc_column_inner width=\u00bb2\/2&#8243;][vc_column_text el_class=\u00bbfaq_evidenza_title\u00bb]<img decoding=\"async\" class=\"alignnone size-full wp-image-1077\" src=\"https:\/\/enkaz3824io.exactdn.com\/wp-content\/uploads\/2020\/09\/faq_evidenza@2x.png?strip=all&lossy=1&resize=63%2C63&ssl=1\" alt=\"\" width=\"63\" height=\"63\" \/> Lo m\u00e1s demandado[\/vc_column_text][\/vc_column_inner][vc_column_inner width=\u00bb1\/2&#8243;][vc_column_text el_class=\u00bbfaq_evidenza_domanda\u00bb]\u00bfPuedo usar los faciales en vez de papel higi\u00e9nico?[\/vc_column_text][\/vc_column_inner][vc_column_inner width=\u00bb1\/2&#8243;][vc_column_text el_class=\u00bbfaq_evidenza_risposta\u00bb]No se recomienda en absoluto tirar los faciales al inodoro. Solo se puede tirar al inodoro el papel higi\u00e9nico, que est\u00e1 dise\u00f1ado y probado para disolverse r\u00e1pidamente en contacto con el agua, evitando tapones y bloqueos.[\/vc_column_text][\/vc_column_inner][\/vc_row_inner][vc_row_inner el_class=\u00bblista-faq\u00bb][vc_column_inner][vc_toggle title=\u00bb\u00bfQu\u00e9 tipo de celulosa se utiliza para la producci\u00f3n de los faciales de Foxy?\u00bb]Todos los productos Foxy se producen con celulosa virgen 100\u00a0% pura de bosques certificados y fuentes controladas.<br \/>\nTodos los pa\u00f1uelos enlatados Foxy se producen con celulosa pura procedente de bosques certificados FSC \u00ae . FSC \u00ae (Consejo de Administraci\u00f3n Forestal) es una organizaci\u00f3n internacional no gubernamental sin \u00e1nimo de lucro que promueve la gesti\u00f3n responsable de los bosques en todo el mundo.[\/vc_toggle][vc_toggle title=\u00bb\u00bfC\u00f3mo puedo eliminar las cajas de faciales Foxy?\u00bb]Los envases de las cajas de pa\u00f1uelos se pueden tirar al contenedor azul de papel, teniendo la precauci\u00f3n de retirar la leng\u00fceta interior, que debe tirarse al contenedor amarillo de pl\u00e1stico.<br \/>\nEn cualquier caso, es recomendable consultar la normativa de tu municipio de residencia.[\/vc_toggle][vc_toggle title=\u00bb\u00bfEl papel de los productos Foxy pasa por un proceso de blanqueamiento?\u00bb]Los fabricantes de celulosa de los que Foxy se abastece no utilizan gas cloro (altamente contaminante) para realizar el proceso de blanqueamiento.<br \/>\nAdem\u00e1s, toda la celulosa utilizada est\u00e1 certificada de acuerdo con las principales normas relativas al origen de los bosques y a la gesti\u00f3n responsable.[\/vc_toggle][vc_toggle title=\u00bb\u00bfSe test\u00f3 en animales durante el desarrollo de los productos Foxy?\u00bb]No se realizaron pruebas con animales en el desarrollo de los productos Foxy.[\/vc_toggle][vc_toggle title=\u00bb\u00bfD\u00f3nde puedo tirar los faciales despu\u00e9s de haberlos usado?\u00bb]Los faciales, al igual que los pa\u00f1uelos de bolsillo, pueden tirarse al contenedor marr\u00f3n de residuos org\u00e1nicos.<br \/>\nEn cualquier caso, es recomendable consultar la normativa de tu municipio de residencia.[\/vc_toggle][vc_toggle title=\u00bb\u00bfPuedo usar los faciales para ayudarme con el maquillaje?\u00bb]Los faciales son el aliado ideal para tu rutina de belleza diaria, tanto en casa como fuera:<\/p>\n<ul>\n<li>\u00bfTienes prisa? No renuncies a la crema hidratante: apl\u00edcala y retira el exceso de aceite frotando suavemente con un facial: se secar\u00e1 en un instante<\/li>\n<li>\u00bfMaquillaje \u00absmokey eye\u00bb? Coloca un facial debajo de los ojos mientras distribuyes la sombra de ojos: el residuo caer\u00e1 sobre el facial y evitar\u00e1s ensuciarte<\/li>\n<li>\u00bfLabial de larga duraci\u00f3n? Desliza el labial, pon encima un facial y rep\u00e1salo con una brocha: durabilidad infinita garantizada<\/li>\n<li>\u00bfSe ha salido la m\u00e1scara de pesta\u00f1as? Hazte con un facial y limpia las desagradables manchas.<\/li>\n<li>\u00bfTe has cansado del maquillaje? Vierte un poco de agua micelar o tu limpiador favorito sobre un facial y retira el maquillaje<\/li>\n<\/ul>\n<p>[\/vc_toggle][vc_toggle title=\u00bb\u00bfPuedo usar faciales en contacto con alimentos?\u00bb]Todos los faciales Foxy, as\u00ed como los pa\u00f1uelos, se prueban para garantizar su idoneidad para el contacto con los alimentos. Fuera de casa, son perfectos para secar frutas y verduras para disfrutar c\u00f3mo merienda o para usar como mantel individual para el almuerzo en la oficina.[\/vc_toggle][vc_toggle title=\u00bb\u00bfQu\u00e9 significa el \u00abCl\u00ednicamente Testado\u00bb de los envases de los faciales de Foxy?\u00bb]\u00bb<strong>Cl\u00ednicamente testado<\/strong>\u00bb significa que los pa\u00f1uelos Foxy se pueden usar con total seguridad, y que est\u00e1 garantizado por rigurosas pruebas realizadas en laboratorios cualificados[\/vc_toggle][vc_toggle title=\u00bb\u00bfPuedo usar faciales para el cambio de pa\u00f1al de mi beb\u00e9?\u00bb]Todos los faciales de Foxy est\u00e1n cl\u00ednicamente testados: la idoneidad para el contacto con todo tipo de pieles, incluso las m\u00e1s sensibles y infantiles, est\u00e1 garantizada por rigurosas pruebas realizadas en laboratorios cualificados.[\/vc_toggle][\/vc_column_inner][\/vc_row_inner][\/vc_column][\/vc_row]<\/p>\n","protected":false},"excerpt":{"rendered":"<p>[vc_row el_id=\u00bbfaq_fazzoletti_scatola\u00bb][vc_column width=\u00bb2\/3&#8243; offset=\u00bbvc_col-lg-offset-2 vc_col-md-offset-2&#8243;][vc_column_text el_class=\u00bbtitle_category_faq\u00bb]Faciales[\/vc_column_text][vc_row_inner el_class=\u00bbfaq_evidenza\u00bb][vc_column_inner width=\u00bb2\/2&#8243;][vc_column_text el_class=\u00bbfaq_evidenza_title\u00bb] Lo m\u00e1s demandado[\/vc_column_text][\/vc_column_inner][vc_column_inner width=\u00bb1\/2&#8243;][vc_column_text el_class=\u00bbfaq_evidenza_domanda\u00bb]\u00bfPuedo usar los faciales en vez de papel higi\u00e9nico?[\/vc_column_text][\/vc_column_inner][vc_column_inner width=\u00bb1\/2&#8243;][vc_column_text el_class=\u00bbfaq_evidenza_risposta\u00bb]No se recomienda en absoluto tirar los&#8230;<\/p>\n","protected":false},"author":1,"featured_media":0,"parent":0,"menu_order":0,"comment_status":"closed","ping_status":"closed","template":"","meta":[],"categories":[],"tags":[],"yoast_head":"<!-- This site is optimized with the Yoast SEO plugin v19.14 - https:\/\/yoast.com\/wordpress\/plugins\/seo\/ -->\n<title>Widget Faq Faciales - Foxy<\/title>\n<meta name=\"robots\" content=\"noindex, nofollow\" \/>\n<meta property=\"og:locale\" content=\"es_ES\" \/>\n<meta property=\"og:type\" content=\"article\" \/>\n<meta property=\"og:title\" content=\"Widget Faq Faciales - Foxy\" \/>\n<meta property=\"og:description\" content=\"[vc_row el_id=\u00bbfaq_fazzoletti_scatola\u00bb][vc_column width=\u00bb2\/3&#8243; offset=\u00bbvc_col-lg-offset-2 vc_col-md-offset-2&#8243;][vc_column_text el_class=\u00bbtitle_category_faq\u00bb]Faciales[\/vc_column_text][vc_row_inner el_class=\u00bbfaq_evidenza\u00bb][vc_column_inner width=\u00bb2\/2&#8243;][vc_column_text el_class=\u00bbfaq_evidenza_title\u00bb] Lo m\u00e1s demandado[\/vc_column_text][\/vc_column_inner][vc_column_inner width=\u00bb1\/2&#8243;][vc_column_text el_class=\u00bbfaq_evidenza_domanda\u00bb]\u00bfPuedo usar los faciales en vez de papel higi\u00e9nico?[\/vc_column_text][\/vc_column_inner][vc_column_inner width=\u00bb1\/2&#8243;][vc_column_text el_class=\u00bbfaq_evidenza_risposta\u00bb]No se recomienda en absoluto tirar los...\" \/>\n<meta property=\"og:url\" content=\"https:\/\/www.foxy.eu\/es\/widget-faq-faciales\/\" \/>\n<meta property=\"og:site_name\" content=\"Foxy\" \/>\n<meta property=\"article:publisher\" content=\"https:\/\/www.facebook.com\/Foxy.Italia\" \/>\n<meta property=\"article:modified_time\" content=\"2021-06-29T10:16:37+00:00\" \/>\n<meta property=\"og:image\" content=\"https:\/\/www.foxy.eu\/wp-content\/uploads\/2020\/09\/faq_evidenza@2x.png\" \/>\n<meta name=\"twitter:card\" content=\"summary_large_image\" \/>\n<meta name=\"twitter:label1\" content=\"Est. reading time\" \/>\n\t<meta name=\"twitter:data1\" content=\"4 minutos\" \/>\n<script type=\"application\/ld+json\" class=\"yoast-schema-graph\">{\"@context\":\"https:\/\/schema.org\",\"@graph\":[{\"@type\":\"WebPage\",\"@id\":\"https:\/\/www.foxy.eu\/es\/widget-faq-faciales\/\",\"url\":\"https:\/\/www.foxy.eu\/es\/widget-faq-faciales\/\",\"name\":\"Widget Faq Faciales - Foxy\",\"isPartOf\":{\"@id\":\"https:\/\/www.foxy.eu\/#website\"},\"datePublished\":\"2020-09-17T10:24:36+00:00\",\"dateModified\":\"2021-06-29T10:16:37+00:00\",\"breadcrumb\":{\"@id\":\"https:\/\/www.foxy.eu\/es\/widget-faq-faciales\/#breadcrumb\"},\"inLanguage\":\"es\",\"potentialAction\":[{\"@type\":\"ReadAction\",\"target\":[\"https:\/\/www.foxy.eu\/es\/widget-faq-faciales\/\"]}]},{\"@type\":\"BreadcrumbList\",\"@id\":\"https:\/\/www.foxy.eu\/es\/widget-faq-faciales\/#breadcrumb\",\"itemListElement\":[{\"@type\":\"ListItem\",\"position\":1,\"name\":\"Home\",\"item\":\"https:\/\/www.foxy.eu\/es\/\"},{\"@type\":\"ListItem\",\"position\":2,\"name\":\"Widget Faq Faciales\"}]},{\"@type\":\"WebSite\",\"@id\":\"https:\/\/www.foxy.eu\/#website\",\"url\":\"https:\/\/www.foxy.eu\/\",\"name\":\"Foxy\",\"description\":\"Un nuovo sito targato WordPress\",\"publisher\":{\"@id\":\"https:\/\/www.foxy.eu\/#organization\"},\"alternateName\":\"Scopri tutta la gamma di prodotti e iniziative Foxy. Abbiamo pensato a un mondo su misura per te.\",\"potentialAction\":[{\"@type\":\"SearchAction\",\"target\":{\"@type\":\"EntryPoint\",\"urlTemplate\":\"https:\/\/www.foxy.eu\/?s={search_term_string}\"},\"query-input\":\"required name=search_term_string\"}],\"inLanguage\":\"es\"},{\"@type\":\"Organization\",\"@id\":\"https:\/\/www.foxy.eu\/#organization\",\"name\":\"Foxy | Sempre vicina a te!\",\"alternateName\":\"Scopri tutta la gamma di prodotti e iniziative Foxy. Abbiamo pensato a un mondo su misura per te.\",\"url\":\"https:\/\/www.foxy.eu\/\",\"logo\":{\"@type\":\"ImageObject\",\"inLanguage\":\"es\",\"@id\":\"https:\/\/www.foxy.eu\/#\/schema\/logo\/image\/\",\"url\":\"https:\/\/enkaz3824io.exactdn.com\/wp-content\/uploads\/2020\/07\/hp_big_logo@2x.png?strip=all&lossy=1&ssl=1\",\"contentUrl\":\"https:\/\/enkaz3824io.exactdn.com\/wp-content\/uploads\/2020\/07\/hp_big_logo@2x.png?strip=all&lossy=1&ssl=1\",\"width\":518,\"height\":366,\"caption\":\"Foxy | Sempre vicina a te!\"},\"image\":{\"@id\":\"https:\/\/www.foxy.eu\/#\/schema\/logo\/image\/\"},\"sameAs\":[\"https:\/\/www.instagram.com\/foxy\/\",\"https:\/\/www.youtube.com\/channel\/UCpCfvrNg7u0O0jSeH9B9ygA\",\"https:\/\/www.facebook.com\/Foxy.Italia\"]}]}<\/script>\n<!-- \/ Yoast SEO plugin. -->","yoast_head_json":{"title":"Widget Faq Faciales - Foxy","robots":{"index":"noindex","follow":"nofollow"},"og_locale":"es_ES","og_type":"article","og_title":"Widget Faq Faciales - Foxy","og_description":"[vc_row el_id=\u00bbfaq_fazzoletti_scatola\u00bb][vc_column width=\u00bb2\/3&#8243; offset=\u00bbvc_col-lg-offset-2 vc_col-md-offset-2&#8243;][vc_column_text el_class=\u00bbtitle_category_faq\u00bb]Faciales[\/vc_column_text][vc_row_inner el_class=\u00bbfaq_evidenza\u00bb][vc_column_inner width=\u00bb2\/2&#8243;][vc_column_text el_class=\u00bbfaq_evidenza_title\u00bb] Lo m\u00e1s demandado[\/vc_column_text][\/vc_column_inner][vc_column_inner width=\u00bb1\/2&#8243;][vc_column_text el_class=\u00bbfaq_evidenza_domanda\u00bb]\u00bfPuedo usar los faciales en vez de papel higi\u00e9nico?[\/vc_column_text][\/vc_column_inner][vc_column_inner width=\u00bb1\/2&#8243;][vc_column_text el_class=\u00bbfaq_evidenza_risposta\u00bb]No se recomienda en absoluto tirar los...","og_url":"https:\/\/www.foxy.eu\/es\/widget-faq-faciales\/","og_site_name":"Foxy","article_publisher":"https:\/\/www.facebook.com\/Foxy.Italia","article_modified_time":"2021-06-29T10:16:37+00:00","og_image":[{"url":"https:\/\/www.foxy.eu\/wp-content\/uploads\/2020\/09\/faq_evidenza@2x.png"}],"twitter_card":"summary_large_image","twitter_misc":{"Est. reading time":"4 minutos"},"schema":{"@context":"https:\/\/schema.org","@graph":[{"@type":"WebPage","@id":"https:\/\/www.foxy.eu\/es\/widget-faq-faciales\/","url":"https:\/\/www.foxy.eu\/es\/widget-faq-faciales\/","name":"Widget Faq Faciales - Foxy","isPartOf":{"@id":"https:\/\/www.foxy.eu\/#website"},"datePublished":"2020-09-17T10:24:36+00:00","dateModified":"2021-06-29T10:16:37+00:00","breadcrumb":{"@id":"https:\/\/www.foxy.eu\/es\/widget-faq-faciales\/#breadcrumb"},"inLanguage":"es","potentialAction":[{"@type":"ReadAction","target":["https:\/\/www.foxy.eu\/es\/widget-faq-faciales\/"]}]},{"@type":"BreadcrumbList","@id":"https:\/\/www.foxy.eu\/es\/widget-faq-faciales\/#breadcrumb","itemListElement":[{"@type":"ListItem","position":1,"name":"Home","item":"https:\/\/www.foxy.eu\/es\/"},{"@type":"ListItem","position":2,"name":"Widget Faq Faciales"}]},{"@type":"WebSite","@id":"https:\/\/www.foxy.eu\/#website","url":"https:\/\/www.foxy.eu\/","name":"Foxy","description":"Un nuovo sito targato WordPress","publisher":{"@id":"https:\/\/www.foxy.eu\/#organization"},"alternateName":"Scopri tutta la gamma di prodotti e iniziative Foxy. Abbiamo pensato a un mondo su misura per te.","potentialAction":[{"@type":"SearchAction","target":{"@type":"EntryPoint","urlTemplate":"https:\/\/www.foxy.eu\/?s={search_term_string}"},"query-input":"required name=search_term_string"}],"inLanguage":"es"},{"@type":"Organization","@id":"https:\/\/www.foxy.eu\/#organization","name":"Foxy | Sempre vicina a te!","alternateName":"Scopri tutta la gamma di prodotti e iniziative Foxy. Abbiamo pensato a un mondo su misura per te.","url":"https:\/\/www.foxy.eu\/","logo":{"@type":"ImageObject","inLanguage":"es","@id":"https:\/\/www.foxy.eu\/#\/schema\/logo\/image\/","url":"https:\/\/enkaz3824io.exactdn.com\/wp-content\/uploads\/2020\/07\/hp_big_logo@2x.png?strip=all&lossy=1&ssl=1","contentUrl":"https:\/\/enkaz3824io.exactdn.com\/wp-content\/uploads\/2020\/07\/hp_big_logo@2x.png?strip=all&lossy=1&ssl=1","width":518,"height":366,"caption":"Foxy | Sempre vicina a te!"},"image":{"@id":"https:\/\/www.foxy.eu\/#\/schema\/logo\/image\/"},"sameAs":["https:\/\/www.instagram.com\/foxy\/","https:\/\/www.youtube.com\/channel\/UCpCfvrNg7u0O0jSeH9B9ygA","https:\/\/www.facebook.com\/Foxy.Italia"]}]}},"_links":{"self":[{"href":"https:\/\/www.foxy.eu\/es\/wp-json\/wp\/v2\/pages\/4576"}],"collection":[{"href":"https:\/\/www.foxy.eu\/es\/wp-json\/wp\/v2\/pages"}],"about":[{"href":"https:\/\/www.foxy.eu\/es\/wp-json\/wp\/v2\/types\/page"}],"author":[{"embeddable":true,"href":"https:\/\/www.foxy.eu\/es\/wp-json\/wp\/v2\/users\/1"}],"replies":[{"embeddable":true,"href":"https:\/\/www.foxy.eu\/es\/wp-json\/wp\/v2\/comments?post=4576"}],"version-history":[{"count":5,"href":"https:\/\/www.foxy.eu\/es\/wp-json\/wp\/v2\/pages\/4576\/revisions"}],"predecessor-version":[{"id":4993,"href":"https:\/\/www.foxy.eu\/es\/wp-json\/wp\/v2\/pages\/4576\/revisions\/4993"}],"wp:attachment":[{"href":"https:\/\/www.foxy.eu\/es\/wp-json\/wp\/v2\/media?parent=4576"}],"wp:term":[{"taxonomy":"category","embeddable":true,"href":"https:\/\/www.foxy.eu\/es\/wp-json\/wp\/v2\/categories?post=4576"},{"taxonomy":"post_tag","embeddable":true,"href":"https:\/\/www.foxy.eu\/es\/wp-json\/wp\/v2\/tags?post=4576"}],"curies":[{"name":"wp","href":"https:\/\/api.w.org\/{rel}","templated":true}]}}