
{"id":4571,"date":"2020-09-17T12:22:40","date_gmt":"2020-09-17T10:22:40","guid":{"rendered":"https:\/\/www.foxy.eu\/widget-faq-fazzoletti\/"},"modified":"2021-06-29T12:17:08","modified_gmt":"2021-06-29T10:17:08","slug":"widget-faq-panuelos","status":"publish","type":"page","link":"https:\/\/www.foxy.eu\/es\/widget-faq-panuelos\/","title":{"rendered":"Widget Faq Pa\u00f1uelos"},"content":{"rendered":"<p>[vc_row el_id=\u00bbfaq_fazzoletti\u00bb][vc_column width=\u00bb2\/3&#8243; offset=\u00bbvc_col-lg-offset-2 vc_col-md-offset-2&#8243;][vc_column_text el_class=\u00bbtitle_category_faq\u00bb]Pa\u00f1uelos[\/vc_column_text][vc_row_inner el_class=\u00bbfaq_evidenza\u00bb][vc_column_inner width=\u00bb2\/2&#8243;][vc_column_text el_class=\u00bbfaq_evidenza_title\u00bb]<img decoding=\"async\" class=\"alignnone size-full wp-image-1077\" src=\"https:\/\/enkaz3824io.exactdn.com\/wp-content\/uploads\/2020\/09\/faq_evidenza@2x.png?strip=all&lossy=1&resize=63%2C63&ssl=1\" alt=\"\" width=\"63\" height=\"63\" \/> Lo m\u00e1s demandado[\/vc_column_text][\/vc_column_inner][vc_column_inner width=\u00bb1\/2&#8243;][vc_column_text el_class=\u00bbfaq_evidenza_domanda\u00bb]\u00bfQu\u00e9 tipo de celulosa se utiliza para la producci\u00f3n de los pa\u00f1uelos Foxy?[\/vc_column_text][\/vc_column_inner][vc_column_inner width=\u00bb1\/2&#8243;][vc_column_text el_class=\u00bbfaq_evidenza_risposta\u00bb]Todos los productos Foxy se producen con celulosa virgen 100\u00a0% pura de bosques certificados y fuentes controladas.<br \/>\nTodos los pa\u00f1uelos Foxy se producen con celulosa pura procedente de bosques con certificaci\u00f3n PEFC \u00ae . FSC \u00ae (Consejo de Administraci\u00f3n Forestal) es una organizaci\u00f3n internacional no gubernamental sin \u00e1nimo de lucro que promueve la gesti\u00f3n responsable de los bosques en todo el mundo.<br \/>\nPara obtener m\u00e1s informaci\u00f3n, visita la secci\u00f3n Sostenibilidad y certificaciones.[\/vc_column_text][\/vc_column_inner][\/vc_row_inner][vc_row_inner el_class=\u00bblista-faq\u00bb][vc_column_inner][vc_toggle title=\u00bb\u00bfC\u00f3mo puedo eliminar los envases de los pa\u00f1uelos Foxy?\u00bb]Todos los envases de los pa\u00f1uelos Foxy son 100\u00a0% reciclables y se pueden tirar en el contenedor del pl\u00e1stico.<br \/>\nEn cualquier caso, es recomendable consultar la normativa de tu municipio de residencia.[\/vc_toggle][vc_toggle title=\u00bb\u00bfEl papel de los productos Foxy pasa por un proceso de blanqueamiento?\u00bb]Los fabricantes de celulosa de los que Foxy se abastece no utilizan gas cloro (altamente contaminante) para realizar el proceso de blanqueamiento.<br \/>\nAdem\u00e1s, toda la celulosa utilizada est\u00e1 certificada de acuerdo con las principales normas relativas al origen de los bosques y a la gesti\u00f3n responsable.[\/vc_toggle][vc_toggle title=\u00bb\u00bfSe test\u00f3 en animales durante el desarrollo de los productos Foxy?\u00bb]No se realizaron pruebas con animales en el desarrollo de los productos Foxy.[\/vc_toggle][vc_toggle title=\u00bb\u00bfD\u00f3nde puedo tirar los pa\u00f1uelos una vez utilizados?\u00bb]Los pa\u00f1uelos usados pueden tirarse al contenedor marr\u00f3n de restos org\u00e1nicos.<br \/>\nEn cualquier caso, es recomendable consultar la normativa de tu municipio de residencia.[\/vc_toggle][vc_toggle title=\u00bb\u00bfQu\u00e9 significa el \u00abCl\u00ednicamente testado\u00bb de los envases de los pa\u00f1uelos Foxy?\u00bb]\u00bbCl\u00ednicamente testado\u00bb significa que los pa\u00f1uelos Foxy se pueden usar con total seguridad, y que est\u00e1 garantizado por rigurosas pruebas realizadas en laboratorios cualificados.[\/vc_toggle][vc_toggle title=\u00bb\u00bfPueden las personas al\u00e9rgicas usar pa\u00f1uelos Foxy?\u00bb]Todos los pa\u00f1uelos Foxy son hipoalerg\u00e9nicos, lo que minimiza el riesgo de alergia.<br \/>\nLa presencia del icono \u201cCl\u00ednicamente Testado\u201d en el envase de los pa\u00f1uelos significa que se pueden usar con total seguridad, garantizado por rigurosas pruebas realizadas en laboratorios cualificados[\/vc_toggle][vc_toggle title=\u00bb\u00bfCu\u00e1l es la forma correcta de usar los pa\u00f1uelos?\u00bb]Para reducir la proliferaci\u00f3n de g\u00e9rmenes y bacterias, se recomienda usar el pa\u00f1uelo una vez y luego desecharlo. Los pa\u00f1uelos usados pueden tirarse al contenedor marr\u00f3n de restos org\u00e1nicos.<br \/>\nEn cualquier caso, es recomendable consultar la normativa de tu municipio de residencia.[\/vc_toggle][vc_toggle title=\u00bb\u00bfPuedo usar pa\u00f1uelos para limpiar superficies delicadas?\u00bb]Gracias a su suavidad, limpian las superficies sin rayar y, gracias a su resistencia, no dejan pelusas ni siquiera en contacto con la humedad. Adem\u00e1s, los pa\u00f1uelos, siempre a mano, son la ayuda ideal para las peque\u00f1as necesidades del d\u00eda a d\u00eda:<\/p>\n<ul>\n<li>secar las lentes de las gafas despu\u00e9s de lavarlas o limpiarlas durante su uso<\/li>\n<li>eliminar huellas dactilares de la pantalla del tel\u00e9fono o del monitor del PC<\/li>\n<li>limpiar el espejo retrovisor y quitar el polvo del salpicadero<\/li>\n<\/ul>\n<p>[\/vc_toggle][vc_toggle title=\u00bb\u00bfLos pa\u00f1uelos de bolsillo Foxy Hipoalerg\u00e9nicos son m\u00e1s peque\u00f1os que los otros?\u00bb]Los pa\u00f1uelos Foxy Hipoalerg\u00e9nicos tienen el mismo tama\u00f1o que los pa\u00f1uelos est\u00e1ndar y cada paquete contiene el mismo n\u00famero de unidades. \u00bfD\u00f3nde est\u00e1 el secreto? \u00a1En su plegado compacto! Esta tecnolog\u00eda, al doblar los pa\u00f1uelos en tres partes iguales, el llamado plegado en N, en lugar de un plegado en Z como es el caso de los pa\u00f1uelos est\u00e1ndar, permite que la misma cantidad de papel quepa en un 30\u00a0% menos de espacio.<br \/>\nLos pa\u00f1uelos Foxy Hipoalerg\u00e9nicos son pr\u00e1cticos, perfectos para llevarlos a viajes, en el bolsillo de la chaqueta o en el bolso de mano.[\/vc_toggle][vc_toggle title=\u00bb\u00bfQu\u00e9 significa que los pa\u00f1uelos Foxy Cream contienen crema hidratante?\u00bb]Durante el proceso de elaboraci\u00f3n, los pa\u00f1uelos Foxy Cream se enriquecen con principios activos con reconocidas propiedades hidratantes, que ayudan a prevenir el enrojecimiento y las grietas de la piel. Esto hace que los pa\u00f1uelos Foxy Cream sean a\u00fan m\u00e1s suaves, ideales incluso para las narices m\u00e1s delicadas.<br \/>\nLa presencia de la crema hidratante no afecta la hipoalergenicidad de los pa\u00f1uelos, por lo que puedes usarlos tranquilamente incluso si tu piel es muy sensible.[\/vc_toggle][vc_toggle title=\u00bb\u00bfPara qu\u00e9 sirve el acondicionador de vitamina E presente en los pa\u00f1uelos de Foxy Alivia?\u00bb]Durante el proceso de elaboraci\u00f3n, los pa\u00f1uelos Foxy Alivia se enriquecen con un exclusivo b\u00e1lsamo de Vitamina E, que ayuda a aliviar las molestias de los resfriados. La vitamina E, de hecho, es un excelente hidratante y calmante para la piel.<br \/>\nLa presencia del b\u00e1lsamo con vitamina E no afecta a la hipoalergenicidad de los tejidos, por lo que puedes utilizarlos con total tranquilidad si tienes la piel sensible.[\/vc_toggle][\/vc_column_inner][\/vc_row_inner][\/vc_column][\/vc_row]<\/p>\n","protected":false},"excerpt":{"rendered":"<p>[vc_row el_id=\u00bbfaq_fazzoletti\u00bb][vc_column width=\u00bb2\/3&#8243; offset=\u00bbvc_col-lg-offset-2 vc_col-md-offset-2&#8243;][vc_column_text el_class=\u00bbtitle_category_faq\u00bb]Pa\u00f1uelos[\/vc_column_text][vc_row_inner el_class=\u00bbfaq_evidenza\u00bb][vc_column_inner width=\u00bb2\/2&#8243;][vc_column_text el_class=\u00bbfaq_evidenza_title\u00bb] Lo m\u00e1s demandado[\/vc_column_text][\/vc_column_inner][vc_column_inner width=\u00bb1\/2&#8243;][vc_column_text el_class=\u00bbfaq_evidenza_domanda\u00bb]\u00bfQu\u00e9 tipo de celulosa se utiliza para la producci\u00f3n de los pa\u00f1uelos Foxy?[\/vc_column_text][\/vc_column_inner][vc_column_inner width=\u00bb1\/2&#8243;][vc_column_text el_class=\u00bbfaq_evidenza_risposta\u00bb]Todos los productos&#8230;<\/p>\n","protected":false},"author":1,"featured_media":0,"parent":0,"menu_order":0,"comment_status":"closed","ping_status":"closed","template":"","meta":[],"categories":[],"tags":[],"yoast_head":"<!-- This site is optimized with the Yoast SEO plugin v19.14 - https:\/\/yoast.com\/wordpress\/plugins\/seo\/ -->\n<title>Widget Faq Pa\u00f1uelos - Foxy<\/title>\n<meta name=\"robots\" content=\"noindex, nofollow\" \/>\n<meta property=\"og:locale\" content=\"es_ES\" \/>\n<meta property=\"og:type\" content=\"article\" \/>\n<meta property=\"og:title\" content=\"Widget Faq Pa\u00f1uelos - Foxy\" \/>\n<meta property=\"og:description\" content=\"[vc_row el_id=\u00bbfaq_fazzoletti\u00bb][vc_column width=\u00bb2\/3&#8243; offset=\u00bbvc_col-lg-offset-2 vc_col-md-offset-2&#8243;][vc_column_text el_class=\u00bbtitle_category_faq\u00bb]Pa\u00f1uelos[\/vc_column_text][vc_row_inner el_class=\u00bbfaq_evidenza\u00bb][vc_column_inner width=\u00bb2\/2&#8243;][vc_column_text el_class=\u00bbfaq_evidenza_title\u00bb] Lo m\u00e1s demandado[\/vc_column_text][\/vc_column_inner][vc_column_inner width=\u00bb1\/2&#8243;][vc_column_text el_class=\u00bbfaq_evidenza_domanda\u00bb]\u00bfQu\u00e9 tipo de celulosa se utiliza para la producci\u00f3n de los pa\u00f1uelos Foxy?[\/vc_column_text][\/vc_column_inner][vc_column_inner width=\u00bb1\/2&#8243;][vc_column_text el_class=\u00bbfaq_evidenza_risposta\u00bb]Todos los productos...\" \/>\n<meta property=\"og:url\" content=\"https:\/\/www.foxy.eu\/es\/widget-faq-panuelos\/\" \/>\n<meta property=\"og:site_name\" content=\"Foxy\" \/>\n<meta property=\"article:publisher\" content=\"https:\/\/www.facebook.com\/Foxy.Italia\" \/>\n<meta property=\"article:modified_time\" content=\"2021-06-29T10:17:08+00:00\" \/>\n<meta property=\"og:image\" content=\"https:\/\/www.foxy.eu\/wp-content\/uploads\/2020\/09\/faq_evidenza@2x.png\" \/>\n<meta name=\"twitter:card\" content=\"summary_large_image\" \/>\n<meta name=\"twitter:label1\" content=\"Est. reading time\" \/>\n\t<meta name=\"twitter:data1\" content=\"5 minutos\" \/>\n<script type=\"application\/ld+json\" class=\"yoast-schema-graph\">{\"@context\":\"https:\/\/schema.org\",\"@graph\":[{\"@type\":\"WebPage\",\"@id\":\"https:\/\/www.foxy.eu\/es\/widget-faq-panuelos\/\",\"url\":\"https:\/\/www.foxy.eu\/es\/widget-faq-panuelos\/\",\"name\":\"Widget Faq Pa\u00f1uelos - Foxy\",\"isPartOf\":{\"@id\":\"https:\/\/www.foxy.eu\/#website\"},\"datePublished\":\"2020-09-17T10:22:40+00:00\",\"dateModified\":\"2021-06-29T10:17:08+00:00\",\"breadcrumb\":{\"@id\":\"https:\/\/www.foxy.eu\/es\/widget-faq-panuelos\/#breadcrumb\"},\"inLanguage\":\"es\",\"potentialAction\":[{\"@type\":\"ReadAction\",\"target\":[\"https:\/\/www.foxy.eu\/es\/widget-faq-panuelos\/\"]}]},{\"@type\":\"BreadcrumbList\",\"@id\":\"https:\/\/www.foxy.eu\/es\/widget-faq-panuelos\/#breadcrumb\",\"itemListElement\":[{\"@type\":\"ListItem\",\"position\":1,\"name\":\"Home\",\"item\":\"https:\/\/www.foxy.eu\/es\/\"},{\"@type\":\"ListItem\",\"position\":2,\"name\":\"Widget Faq Pa\u00f1uelos\"}]},{\"@type\":\"WebSite\",\"@id\":\"https:\/\/www.foxy.eu\/#website\",\"url\":\"https:\/\/www.foxy.eu\/\",\"name\":\"Foxy\",\"description\":\"Un nuovo sito targato WordPress\",\"publisher\":{\"@id\":\"https:\/\/www.foxy.eu\/#organization\"},\"alternateName\":\"Scopri tutta la gamma di prodotti e iniziative Foxy. Abbiamo pensato a un mondo su misura per te.\",\"potentialAction\":[{\"@type\":\"SearchAction\",\"target\":{\"@type\":\"EntryPoint\",\"urlTemplate\":\"https:\/\/www.foxy.eu\/?s={search_term_string}\"},\"query-input\":\"required name=search_term_string\"}],\"inLanguage\":\"es\"},{\"@type\":\"Organization\",\"@id\":\"https:\/\/www.foxy.eu\/#organization\",\"name\":\"Foxy | Sempre vicina a te!\",\"alternateName\":\"Scopri tutta la gamma di prodotti e iniziative Foxy. Abbiamo pensato a un mondo su misura per te.\",\"url\":\"https:\/\/www.foxy.eu\/\",\"logo\":{\"@type\":\"ImageObject\",\"inLanguage\":\"es\",\"@id\":\"https:\/\/www.foxy.eu\/#\/schema\/logo\/image\/\",\"url\":\"https:\/\/enkaz3824io.exactdn.com\/wp-content\/uploads\/2020\/07\/hp_big_logo@2x.png?strip=all&lossy=1&ssl=1\",\"contentUrl\":\"https:\/\/enkaz3824io.exactdn.com\/wp-content\/uploads\/2020\/07\/hp_big_logo@2x.png?strip=all&lossy=1&ssl=1\",\"width\":518,\"height\":366,\"caption\":\"Foxy | Sempre vicina a te!\"},\"image\":{\"@id\":\"https:\/\/www.foxy.eu\/#\/schema\/logo\/image\/\"},\"sameAs\":[\"https:\/\/www.instagram.com\/foxy\/\",\"https:\/\/www.youtube.com\/channel\/UCpCfvrNg7u0O0jSeH9B9ygA\",\"https:\/\/www.facebook.com\/Foxy.Italia\"]}]}<\/script>\n<!-- \/ Yoast SEO plugin. -->","yoast_head_json":{"title":"Widget Faq Pa\u00f1uelos - Foxy","robots":{"index":"noindex","follow":"nofollow"},"og_locale":"es_ES","og_type":"article","og_title":"Widget Faq Pa\u00f1uelos - Foxy","og_description":"[vc_row el_id=\u00bbfaq_fazzoletti\u00bb][vc_column width=\u00bb2\/3&#8243; offset=\u00bbvc_col-lg-offset-2 vc_col-md-offset-2&#8243;][vc_column_text el_class=\u00bbtitle_category_faq\u00bb]Pa\u00f1uelos[\/vc_column_text][vc_row_inner el_class=\u00bbfaq_evidenza\u00bb][vc_column_inner width=\u00bb2\/2&#8243;][vc_column_text el_class=\u00bbfaq_evidenza_title\u00bb] Lo m\u00e1s demandado[\/vc_column_text][\/vc_column_inner][vc_column_inner width=\u00bb1\/2&#8243;][vc_column_text el_class=\u00bbfaq_evidenza_domanda\u00bb]\u00bfQu\u00e9 tipo de celulosa se utiliza para la producci\u00f3n de los pa\u00f1uelos Foxy?[\/vc_column_text][\/vc_column_inner][vc_column_inner width=\u00bb1\/2&#8243;][vc_column_text el_class=\u00bbfaq_evidenza_risposta\u00bb]Todos los productos...","og_url":"https:\/\/www.foxy.eu\/es\/widget-faq-panuelos\/","og_site_name":"Foxy","article_publisher":"https:\/\/www.facebook.com\/Foxy.Italia","article_modified_time":"2021-06-29T10:17:08+00:00","og_image":[{"url":"https:\/\/www.foxy.eu\/wp-content\/uploads\/2020\/09\/faq_evidenza@2x.png"}],"twitter_card":"summary_large_image","twitter_misc":{"Est. reading time":"5 minutos"},"schema":{"@context":"https:\/\/schema.org","@graph":[{"@type":"WebPage","@id":"https:\/\/www.foxy.eu\/es\/widget-faq-panuelos\/","url":"https:\/\/www.foxy.eu\/es\/widget-faq-panuelos\/","name":"Widget Faq Pa\u00f1uelos - Foxy","isPartOf":{"@id":"https:\/\/www.foxy.eu\/#website"},"datePublished":"2020-09-17T10:22:40+00:00","dateModified":"2021-06-29T10:17:08+00:00","breadcrumb":{"@id":"https:\/\/www.foxy.eu\/es\/widget-faq-panuelos\/#breadcrumb"},"inLanguage":"es","potentialAction":[{"@type":"ReadAction","target":["https:\/\/www.foxy.eu\/es\/widget-faq-panuelos\/"]}]},{"@type":"BreadcrumbList","@id":"https:\/\/www.foxy.eu\/es\/widget-faq-panuelos\/#breadcrumb","itemListElement":[{"@type":"ListItem","position":1,"name":"Home","item":"https:\/\/www.foxy.eu\/es\/"},{"@type":"ListItem","position":2,"name":"Widget Faq Pa\u00f1uelos"}]},{"@type":"WebSite","@id":"https:\/\/www.foxy.eu\/#website","url":"https:\/\/www.foxy.eu\/","name":"Foxy","description":"Un nuovo sito targato WordPress","publisher":{"@id":"https:\/\/www.foxy.eu\/#organization"},"alternateName":"Scopri tutta la gamma di prodotti e iniziative Foxy. Abbiamo pensato a un mondo su misura per te.","potentialAction":[{"@type":"SearchAction","target":{"@type":"EntryPoint","urlTemplate":"https:\/\/www.foxy.eu\/?s={search_term_string}"},"query-input":"required name=search_term_string"}],"inLanguage":"es"},{"@type":"Organization","@id":"https:\/\/www.foxy.eu\/#organization","name":"Foxy | Sempre vicina a te!","alternateName":"Scopri tutta la gamma di prodotti e iniziative Foxy. Abbiamo pensato a un mondo su misura per te.","url":"https:\/\/www.foxy.eu\/","logo":{"@type":"ImageObject","inLanguage":"es","@id":"https:\/\/www.foxy.eu\/#\/schema\/logo\/image\/","url":"https:\/\/enkaz3824io.exactdn.com\/wp-content\/uploads\/2020\/07\/hp_big_logo@2x.png?strip=all&lossy=1&ssl=1","contentUrl":"https:\/\/enkaz3824io.exactdn.com\/wp-content\/uploads\/2020\/07\/hp_big_logo@2x.png?strip=all&lossy=1&ssl=1","width":518,"height":366,"caption":"Foxy | Sempre vicina a te!"},"image":{"@id":"https:\/\/www.foxy.eu\/#\/schema\/logo\/image\/"},"sameAs":["https:\/\/www.instagram.com\/foxy\/","https:\/\/www.youtube.com\/channel\/UCpCfvrNg7u0O0jSeH9B9ygA","https:\/\/www.facebook.com\/Foxy.Italia"]}]}},"_links":{"self":[{"href":"https:\/\/www.foxy.eu\/es\/wp-json\/wp\/v2\/pages\/4571"}],"collection":[{"href":"https:\/\/www.foxy.eu\/es\/wp-json\/wp\/v2\/pages"}],"about":[{"href":"https:\/\/www.foxy.eu\/es\/wp-json\/wp\/v2\/types\/page"}],"author":[{"embeddable":true,"href":"https:\/\/www.foxy.eu\/es\/wp-json\/wp\/v2\/users\/1"}],"replies":[{"embeddable":true,"href":"https:\/\/www.foxy.eu\/es\/wp-json\/wp\/v2\/comments?post=4571"}],"version-history":[{"count":5,"href":"https:\/\/www.foxy.eu\/es\/wp-json\/wp\/v2\/pages\/4571\/revisions"}],"predecessor-version":[{"id":4994,"href":"https:\/\/www.foxy.eu\/es\/wp-json\/wp\/v2\/pages\/4571\/revisions\/4994"}],"wp:attachment":[{"href":"https:\/\/www.foxy.eu\/es\/wp-json\/wp\/v2\/media?parent=4571"}],"wp:term":[{"taxonomy":"category","embeddable":true,"href":"https:\/\/www.foxy.eu\/es\/wp-json\/wp\/v2\/categories?post=4571"},{"taxonomy":"post_tag","embeddable":true,"href":"https:\/\/www.foxy.eu\/es\/wp-json\/wp\/v2\/tags?post=4571"}],"curies":[{"name":"wp","href":"https:\/\/api.w.org\/{rel}","templated":true}]}}