
{"id":4560,"date":"2020-09-17T12:19:59","date_gmt":"2020-09-17T10:19:59","guid":{"rendered":"https:\/\/www.foxy.eu\/widget-faq-asciugatutto\/"},"modified":"2021-06-29T12:17:32","modified_gmt":"2021-06-29T10:17:32","slug":"widget-faq-papel-de-cocina","status":"publish","type":"page","link":"https:\/\/www.foxy.eu\/es\/widget-faq-papel-de-cocina\/","title":{"rendered":"Widget Faq Papel de Cocina"},"content":{"rendered":"<p>[vc_row el_id=\u00bbfaq_asciugatutto\u00bb][vc_column width=\u00bb2\/3&#8243; offset=\u00bbvc_col-lg-offset-2 vc_col-md-offset-2&#8243;][vc_column_text el_class=\u00bbtitle_category_faq\u00bb]Papel de Cocina[\/vc_column_text][vc_row_inner el_class=\u00bbfaq_evidenza\u00bb][vc_column_inner width=\u00bb2\/2&#8243;][vc_column_text el_class=\u00bbfaq_evidenza_title\u00bb]<img decoding=\"async\" class=\"alignnone size-full wp-image-1077\" src=\"https:\/\/enkaz3824io.exactdn.com\/wp-content\/uploads\/2020\/09\/faq_evidenza@2x.png?strip=all&lossy=1&resize=63%2C63&ssl=1\" alt=\"\" width=\"63\" height=\"63\" \/> Lo m\u00e1s demandado[\/vc_column_text][\/vc_column_inner][vc_column_inner width=\u00bb1\/2&#8243;][vc_column_text el_class=\u00bbfaq_evidenza_domanda\u00bb]\u00bfD\u00f3nde puedo tirar el papel de cocina despu\u00e9s de usarlo?[\/vc_column_text][\/vc_column_inner][vc_column_inner width=\u00bb1\/2&#8243;][vc_column_text el_class=\u00bbfaq_evidenza_risposta\u00bb]Depende del tipo de uso:<\/p>\n<ul>\n<li>si no contiene residuos org\u00e1nicos, se puede tirar al contenedor azul de papel,<\/li>\n<li>si contiene residuos org\u00e1nicos, se puede tirar al contenedor marr\u00f3n de restos org\u00e1nicos,<\/li>\n<li>si entra en contacto con detergentes o soluciones hidroalcoh\u00f3licas para higienizar superficies, debe tirarse al contenedor gris de restos mezclados.<\/li>\n<\/ul>\n<p>En cualquier caso, es recomendable que consultes la normativa de tu municipio de residencia.[\/vc_column_text][\/vc_column_inner][\/vc_row_inner][vc_row_inner el_class=\u00bblista-faq\u00bb][vc_column_inner][vc_toggle title=\u00bb\u00bfQu\u00e9 tipo de celulosa se utiliza para la producci\u00f3n del papel de cocina Foxy?\u00bb]Todos los productos Foxy se producen con celulosa virgen 100\u00a0% pura de bosques certificados y fuentes controladas.<br \/>\nFoxy Mega3, Foxy Cartapaglia y Foxy Asso Ultra se producen con celulosa pura de bosques certificados FSC \u00ae . FSC \u00ae (Consejo de Administraci\u00f3n Forestal) es una organizaci\u00f3n internacional no gubernamental sin \u00e1nimo de lucro que promueve la gesti\u00f3n responsable de los bosques en todo el mundo.<br \/>\nFoxy Tornado Azul, Foxy Tornado Strong y Foxy Asso se producen con celulosa pura de bosques certificados PEFC \u00ae. El PEFC \u00ae (Programa para el Reconocimiento de Esquemas de Certificaci\u00f3n Forestal) es una asociaci\u00f3n internacional sin fines de lucro que promueve y gestiona un sistema de certificaci\u00f3n para la gesti\u00f3n sostenible de los bosques.<br \/>\nPara obtener m\u00e1s informaci\u00f3n, visita la secci\u00f3n Sostenibilidad y certificaciones.[\/vc_toggle][vc_toggle title=\u00bb\u00bfC\u00f3mo puedo eliminar los envases del papel de cocina Foxy?\u00bb]Todos los envases de papel de cocina Foxy son 100\u00a0% reciclables y se pueden tirar en el contenedor amarillo del pl\u00e1stico.<br \/>\nEn cualquier caso, es recomendable consultar la normativa de tu municipio de residencia.[\/vc_toggle][vc_toggle title=\u00bb\u00bfEl papel de los productos Foxy pasa por un proceso de blanqueamiento?\u00bb]Los fabricantes de celulosa de los que Foxy se abastece no utilizan gas cloro (altamente contaminante) para realizar el proceso de blanqueamiento.<br \/>\nAdem\u00e1s, toda la celulosa utilizada est\u00e1 certificada de acuerdo con las principales normas relativas al origen de los bosques y a la gesti\u00f3n responsable.[\/vc_toggle][vc_toggle title=\u00bb\u00bfLos tubos de los rollos de papel de cocina est\u00e1n hechos de celulosa virgen o reciclada?\u00bb]Los tubos de los rollos de papel de cocina Foxy est\u00e1n fabricados \u00fanicamente de papel reciclado.<br \/>\nUna vez agotado el producto, se pueden tirar en el contenedor azul de papel.<br \/>\nEn cualquier caso, es recomendable consultar la normativa de tu municipio de residencia.[\/vc_toggle][vc_toggle title=\u00bb\u00bfSe test\u00f3 en animales durante el desarrollo de los productos Foxy?\u00bb]No se realizaron pruebas con animales en el desarrollo de los productos Foxy.[\/vc_toggle][vc_toggle title=\u00bb\u00bfSon seguras las tintas utilizadas para las decoraciones del papel de cocina de Foxy?\u00bb]Las tintas utilizadas para la decoraci\u00f3n del papel de cocina Foxy son a base de agua y no son t\u00f3xicas.<br \/>\nAdem\u00e1s, todos los papeles de cocina Foxy est\u00e1n dise\u00f1ados para entrar en contacto con alimentos: su idoneidad para el contacto con alimentos est\u00e1 garantizada por rigurosas pruebas realizadas en laboratorios cualificados.[\/vc_toggle][vc_toggle title=\u00bb\u00bfPuedo usar papel de cocina Foxy para absorber el exceso de aceite de fre\u00edr?\u00bb]Todos los papeles de cocina Foxy son aptos para el contacto con alimentos y, gracias a sus v\u00f3rtices especiales superabsorbentes, retienen los l\u00edquidos en su interior sin deshacerse ni dejar molestas pelusas.<br \/>\nFoxy Cartapaglia, disponible en formato de 2 rollos, y Foxy Cartapaglia Jumbo, disponible en formato de un rollo, son los aliados ideales en la cocina y se recomiendan especialmente para las frituras.[\/vc_toggle][vc_toggle title=\u00bb\u00bfCu\u00e1l es la forma correcta de utilizar el papel de cocina a la hora de fre\u00edr?\u00bb]Si la fritura es tu pasi\u00f3n, \u00a1Foxy Cartapaglia es el producto para ti!. Te sugerimos estos 3 simples pasos:<\/p>\n<p>1. Antes de fre\u00edr, utiliza una hoja de papel de cocina para distribuir bien el aceite en la sart\u00e9n y, si es necesario, retira el exceso.<\/p>\n<p>2. Cuando la comida frita est\u00e9 lista, col\u00f3cala sobre una hoja de papel para que absorba el exceso de aceite.<\/p>\n<p>3. Ahora puedes proceder con el emplatado: el frito estar\u00e1 seco y el plato sin manchas de aceite.[\/vc_toggle][vc_toggle title=\u00bb\u00bfPuedo usar el papel de cocina en lugar del papel higi\u00e9nico?\u00bb]No se recomienda en absoluto utilizar el papel de cocina en lugar de papel higi\u00e9nico: las hojas de papel de cocina no est\u00e1n fabricadas para tirarlas al inodoro. El papel de cocina tiene un uso previsto diferente y una resistencia diferente. El papel higi\u00e9nico, por otro lado, se produce de tal manera que se disuelve en el agua en cuesti\u00f3n de segundos.[\/vc_toggle][vc_toggle title=\u00bb\u00bfEs seguro utilizar papel de cocina directamente en contacto con los alimentos?\u00bb]Todos los papeles de cocina Foxy se prueban para garantizar su idoneidad para el contacto con alimentos. Se aconseja usarlo, al contacto con alimentos, por la parte no decorada.<br \/>\nAdem\u00e1s, gracias a su tejido especial en espiral, ofrece un rendimiento superior en cuanto a absorci\u00f3n y resistencia, incluso cuando est\u00e1 mojado. Por tanto, puede utilizarse para:<\/p>\n<ul>\n<li>secar frutas y verduras lavadas<\/li>\n<li>envolver alimentos para consumir fuera de casa<\/li>\n<li>mantener la fruta y la verdura en el frigor\u00edfico durante m\u00e1s tiempo; de hecho, colocar una hoja en el fondo del recipiente har\u00e1 que se absorba el exceso de humedad y se ralentice el proceso de deterioro<\/li>\n<li>conservar el perejil y la albahaca durante m\u00e1s tiempo, envolviendo los tallos con una hoja humedecida<\/li>\n<\/ul>\n<p>[\/vc_toggle][vc_toggle title=\u00bb\u00bfPuedo usar el papel de cocina para calentar alimentos en el microondas?\u00bb]<span style=\"font-weight: 400;\">Todos los papeles de cocina Foxy se testan (*) para garantizar su compatibilidad con los hornos microondas. <\/span><span style=\"font-weight: 400;\"><br \/>\n<\/span><span style=\"font-weight: 400;\">Sin embargo, el papel puede quemarse si se usa incorrectamente. <\/span><span style=\"font-weight: 400;\"><br \/>\n<\/span><span style=\"font-weight: 400;\">Por eso, te invitamos a seguir algunos peque\u00f1os consejos:<\/span><\/p>\n<ul>\n<li><span style=\"font-weight: 400;\">no utilices las hojas del papel de cocina en los modos de cocci\u00f3n convencional, combinada o grill<\/span><\/li>\n<li><span style=\"font-weight: 400;\">no seques hierbas, pan o flores con toallas de papel<\/span><\/li>\n<\/ul>\n<p><em>(*) Testado como soporte\/base para calentar alimentos a una potencia m\u00e1xima de 600W y hasta 4 minutos<\/em>.[\/vc_toggle][\/vc_column_inner][\/vc_row_inner][\/vc_column][\/vc_row]<\/p>\n","protected":false},"excerpt":{"rendered":"<p>[vc_row el_id=\u00bbfaq_asciugatutto\u00bb][vc_column width=\u00bb2\/3&#8243; offset=\u00bbvc_col-lg-offset-2 vc_col-md-offset-2&#8243;][vc_column_text el_class=\u00bbtitle_category_faq\u00bb]Papel de Cocina[\/vc_column_text][vc_row_inner el_class=\u00bbfaq_evidenza\u00bb][vc_column_inner width=\u00bb2\/2&#8243;][vc_column_text el_class=\u00bbfaq_evidenza_title\u00bb] Lo m\u00e1s demandado[\/vc_column_text][\/vc_column_inner][vc_column_inner width=\u00bb1\/2&#8243;][vc_column_text el_class=\u00bbfaq_evidenza_domanda\u00bb]\u00bfD\u00f3nde puedo tirar el papel de cocina despu\u00e9s de usarlo?[\/vc_column_text][\/vc_column_inner][vc_column_inner width=\u00bb1\/2&#8243;][vc_column_text el_class=\u00bbfaq_evidenza_risposta\u00bb]Depende del tipo de&#8230;<\/p>\n","protected":false},"author":1,"featured_media":0,"parent":0,"menu_order":0,"comment_status":"closed","ping_status":"closed","template":"","meta":[],"categories":[],"tags":[],"yoast_head":"<!-- This site is optimized with the Yoast SEO plugin v19.14 - https:\/\/yoast.com\/wordpress\/plugins\/seo\/ -->\n<title>Widget Faq Papel de Cocina - Foxy<\/title>\n<meta name=\"robots\" content=\"noindex, nofollow\" \/>\n<meta property=\"og:locale\" content=\"es_ES\" \/>\n<meta property=\"og:type\" content=\"article\" \/>\n<meta property=\"og:title\" content=\"Widget Faq Papel de Cocina - Foxy\" \/>\n<meta property=\"og:description\" content=\"[vc_row el_id=\u00bbfaq_asciugatutto\u00bb][vc_column width=\u00bb2\/3&#8243; offset=\u00bbvc_col-lg-offset-2 vc_col-md-offset-2&#8243;][vc_column_text el_class=\u00bbtitle_category_faq\u00bb]Papel de Cocina[\/vc_column_text][vc_row_inner el_class=\u00bbfaq_evidenza\u00bb][vc_column_inner width=\u00bb2\/2&#8243;][vc_column_text el_class=\u00bbfaq_evidenza_title\u00bb] Lo m\u00e1s demandado[\/vc_column_text][\/vc_column_inner][vc_column_inner width=\u00bb1\/2&#8243;][vc_column_text el_class=\u00bbfaq_evidenza_domanda\u00bb]\u00bfD\u00f3nde puedo tirar el papel de cocina despu\u00e9s de usarlo?[\/vc_column_text][\/vc_column_inner][vc_column_inner width=\u00bb1\/2&#8243;][vc_column_text el_class=\u00bbfaq_evidenza_risposta\u00bb]Depende del tipo de...\" \/>\n<meta property=\"og:url\" content=\"https:\/\/www.foxy.eu\/es\/widget-faq-papel-de-cocina\/\" \/>\n<meta property=\"og:site_name\" content=\"Foxy\" \/>\n<meta property=\"article:publisher\" content=\"https:\/\/www.facebook.com\/Foxy.Italia\" \/>\n<meta property=\"article:modified_time\" content=\"2021-06-29T10:17:32+00:00\" \/>\n<meta property=\"og:image\" content=\"https:\/\/www.foxy.eu\/wp-content\/uploads\/2020\/09\/faq_evidenza@2x.png\" \/>\n<meta name=\"twitter:card\" content=\"summary_large_image\" \/>\n<meta name=\"twitter:label1\" content=\"Est. reading time\" \/>\n\t<meta name=\"twitter:data1\" content=\"6 minutos\" \/>\n<script type=\"application\/ld+json\" class=\"yoast-schema-graph\">{\"@context\":\"https:\/\/schema.org\",\"@graph\":[{\"@type\":\"WebPage\",\"@id\":\"https:\/\/www.foxy.eu\/es\/widget-faq-papel-de-cocina\/\",\"url\":\"https:\/\/www.foxy.eu\/es\/widget-faq-papel-de-cocina\/\",\"name\":\"Widget Faq Papel de Cocina - Foxy\",\"isPartOf\":{\"@id\":\"https:\/\/www.foxy.eu\/#website\"},\"datePublished\":\"2020-09-17T10:19:59+00:00\",\"dateModified\":\"2021-06-29T10:17:32+00:00\",\"breadcrumb\":{\"@id\":\"https:\/\/www.foxy.eu\/es\/widget-faq-papel-de-cocina\/#breadcrumb\"},\"inLanguage\":\"es\",\"potentialAction\":[{\"@type\":\"ReadAction\",\"target\":[\"https:\/\/www.foxy.eu\/es\/widget-faq-papel-de-cocina\/\"]}]},{\"@type\":\"BreadcrumbList\",\"@id\":\"https:\/\/www.foxy.eu\/es\/widget-faq-papel-de-cocina\/#breadcrumb\",\"itemListElement\":[{\"@type\":\"ListItem\",\"position\":1,\"name\":\"Home\",\"item\":\"https:\/\/www.foxy.eu\/es\/\"},{\"@type\":\"ListItem\",\"position\":2,\"name\":\"Widget Faq Papel de Cocina\"}]},{\"@type\":\"WebSite\",\"@id\":\"https:\/\/www.foxy.eu\/#website\",\"url\":\"https:\/\/www.foxy.eu\/\",\"name\":\"Foxy\",\"description\":\"Un nuovo sito targato WordPress\",\"publisher\":{\"@id\":\"https:\/\/www.foxy.eu\/#organization\"},\"alternateName\":\"Scopri tutta la gamma di prodotti e iniziative Foxy. Abbiamo pensato a un mondo su misura per te.\",\"potentialAction\":[{\"@type\":\"SearchAction\",\"target\":{\"@type\":\"EntryPoint\",\"urlTemplate\":\"https:\/\/www.foxy.eu\/?s={search_term_string}\"},\"query-input\":\"required name=search_term_string\"}],\"inLanguage\":\"es\"},{\"@type\":\"Organization\",\"@id\":\"https:\/\/www.foxy.eu\/#organization\",\"name\":\"Foxy | Sempre vicina a te!\",\"alternateName\":\"Scopri tutta la gamma di prodotti e iniziative Foxy. Abbiamo pensato a un mondo su misura per te.\",\"url\":\"https:\/\/www.foxy.eu\/\",\"logo\":{\"@type\":\"ImageObject\",\"inLanguage\":\"es\",\"@id\":\"https:\/\/www.foxy.eu\/#\/schema\/logo\/image\/\",\"url\":\"https:\/\/enkaz3824io.exactdn.com\/wp-content\/uploads\/2020\/07\/hp_big_logo@2x.png?strip=all&lossy=1&ssl=1\",\"contentUrl\":\"https:\/\/enkaz3824io.exactdn.com\/wp-content\/uploads\/2020\/07\/hp_big_logo@2x.png?strip=all&lossy=1&ssl=1\",\"width\":518,\"height\":366,\"caption\":\"Foxy | Sempre vicina a te!\"},\"image\":{\"@id\":\"https:\/\/www.foxy.eu\/#\/schema\/logo\/image\/\"},\"sameAs\":[\"https:\/\/www.instagram.com\/foxy\/\",\"https:\/\/www.youtube.com\/channel\/UCpCfvrNg7u0O0jSeH9B9ygA\",\"https:\/\/www.facebook.com\/Foxy.Italia\"]}]}<\/script>\n<!-- \/ Yoast SEO plugin. -->","yoast_head_json":{"title":"Widget Faq Papel de Cocina - Foxy","robots":{"index":"noindex","follow":"nofollow"},"og_locale":"es_ES","og_type":"article","og_title":"Widget Faq Papel de Cocina - Foxy","og_description":"[vc_row el_id=\u00bbfaq_asciugatutto\u00bb][vc_column width=\u00bb2\/3&#8243; offset=\u00bbvc_col-lg-offset-2 vc_col-md-offset-2&#8243;][vc_column_text el_class=\u00bbtitle_category_faq\u00bb]Papel de Cocina[\/vc_column_text][vc_row_inner el_class=\u00bbfaq_evidenza\u00bb][vc_column_inner width=\u00bb2\/2&#8243;][vc_column_text el_class=\u00bbfaq_evidenza_title\u00bb] Lo m\u00e1s demandado[\/vc_column_text][\/vc_column_inner][vc_column_inner width=\u00bb1\/2&#8243;][vc_column_text el_class=\u00bbfaq_evidenza_domanda\u00bb]\u00bfD\u00f3nde puedo tirar el papel de cocina despu\u00e9s de usarlo?[\/vc_column_text][\/vc_column_inner][vc_column_inner width=\u00bb1\/2&#8243;][vc_column_text el_class=\u00bbfaq_evidenza_risposta\u00bb]Depende del tipo de...","og_url":"https:\/\/www.foxy.eu\/es\/widget-faq-papel-de-cocina\/","og_site_name":"Foxy","article_publisher":"https:\/\/www.facebook.com\/Foxy.Italia","article_modified_time":"2021-06-29T10:17:32+00:00","og_image":[{"url":"https:\/\/www.foxy.eu\/wp-content\/uploads\/2020\/09\/faq_evidenza@2x.png"}],"twitter_card":"summary_large_image","twitter_misc":{"Est. reading time":"6 minutos"},"schema":{"@context":"https:\/\/schema.org","@graph":[{"@type":"WebPage","@id":"https:\/\/www.foxy.eu\/es\/widget-faq-papel-de-cocina\/","url":"https:\/\/www.foxy.eu\/es\/widget-faq-papel-de-cocina\/","name":"Widget Faq Papel de Cocina - Foxy","isPartOf":{"@id":"https:\/\/www.foxy.eu\/#website"},"datePublished":"2020-09-17T10:19:59+00:00","dateModified":"2021-06-29T10:17:32+00:00","breadcrumb":{"@id":"https:\/\/www.foxy.eu\/es\/widget-faq-papel-de-cocina\/#breadcrumb"},"inLanguage":"es","potentialAction":[{"@type":"ReadAction","target":["https:\/\/www.foxy.eu\/es\/widget-faq-papel-de-cocina\/"]}]},{"@type":"BreadcrumbList","@id":"https:\/\/www.foxy.eu\/es\/widget-faq-papel-de-cocina\/#breadcrumb","itemListElement":[{"@type":"ListItem","position":1,"name":"Home","item":"https:\/\/www.foxy.eu\/es\/"},{"@type":"ListItem","position":2,"name":"Widget Faq Papel de Cocina"}]},{"@type":"WebSite","@id":"https:\/\/www.foxy.eu\/#website","url":"https:\/\/www.foxy.eu\/","name":"Foxy","description":"Un nuovo sito targato WordPress","publisher":{"@id":"https:\/\/www.foxy.eu\/#organization"},"alternateName":"Scopri tutta la gamma di prodotti e iniziative Foxy. Abbiamo pensato a un mondo su misura per te.","potentialAction":[{"@type":"SearchAction","target":{"@type":"EntryPoint","urlTemplate":"https:\/\/www.foxy.eu\/?s={search_term_string}"},"query-input":"required name=search_term_string"}],"inLanguage":"es"},{"@type":"Organization","@id":"https:\/\/www.foxy.eu\/#organization","name":"Foxy | Sempre vicina a te!","alternateName":"Scopri tutta la gamma di prodotti e iniziative Foxy. Abbiamo pensato a un mondo su misura per te.","url":"https:\/\/www.foxy.eu\/","logo":{"@type":"ImageObject","inLanguage":"es","@id":"https:\/\/www.foxy.eu\/#\/schema\/logo\/image\/","url":"https:\/\/enkaz3824io.exactdn.com\/wp-content\/uploads\/2020\/07\/hp_big_logo@2x.png?strip=all&lossy=1&ssl=1","contentUrl":"https:\/\/enkaz3824io.exactdn.com\/wp-content\/uploads\/2020\/07\/hp_big_logo@2x.png?strip=all&lossy=1&ssl=1","width":518,"height":366,"caption":"Foxy | Sempre vicina a te!"},"image":{"@id":"https:\/\/www.foxy.eu\/#\/schema\/logo\/image\/"},"sameAs":["https:\/\/www.instagram.com\/foxy\/","https:\/\/www.youtube.com\/channel\/UCpCfvrNg7u0O0jSeH9B9ygA","https:\/\/www.facebook.com\/Foxy.Italia"]}]}},"_links":{"self":[{"href":"https:\/\/www.foxy.eu\/es\/wp-json\/wp\/v2\/pages\/4560"}],"collection":[{"href":"https:\/\/www.foxy.eu\/es\/wp-json\/wp\/v2\/pages"}],"about":[{"href":"https:\/\/www.foxy.eu\/es\/wp-json\/wp\/v2\/types\/page"}],"author":[{"embeddable":true,"href":"https:\/\/www.foxy.eu\/es\/wp-json\/wp\/v2\/users\/1"}],"replies":[{"embeddable":true,"href":"https:\/\/www.foxy.eu\/es\/wp-json\/wp\/v2\/comments?post=4560"}],"version-history":[{"count":6,"href":"https:\/\/www.foxy.eu\/es\/wp-json\/wp\/v2\/pages\/4560\/revisions"}],"predecessor-version":[{"id":4995,"href":"https:\/\/www.foxy.eu\/es\/wp-json\/wp\/v2\/pages\/4560\/revisions\/4995"}],"wp:attachment":[{"href":"https:\/\/www.foxy.eu\/es\/wp-json\/wp\/v2\/media?parent=4560"}],"wp:term":[{"taxonomy":"category","embeddable":true,"href":"https:\/\/www.foxy.eu\/es\/wp-json\/wp\/v2\/categories?post=4560"},{"taxonomy":"post_tag","embeddable":true,"href":"https:\/\/www.foxy.eu\/es\/wp-json\/wp\/v2\/tags?post=4560"}],"curies":[{"name":"wp","href":"https:\/\/api.w.org\/{rel}","templated":true}]}}