
{"id":4353,"date":"2020-07-30T09:49:44","date_gmt":"2020-07-30T07:49:44","guid":{"rendered":"https:\/\/www.foxy.eu\/nuestros-productos\/tovaglioli\/"},"modified":"2021-06-17T10:43:20","modified_gmt":"2021-06-17T08:43:20","slug":"servilletas","status":"publish","type":"page","link":"https:\/\/www.foxy.eu\/es\/nuestros-productos\/servilletas\/","title":{"rendered":"Servilletas"},"content":{"rendered":"<p>[vc_row el_class=\u00bbfaq_category\u00bb][vc_column width=\u00bb2\/12&#8243;][vc_single_image image=\u00bb4347&#8243; img_size=\u00bbfull\u00bb alignment=\u00bbcenter\u00bb][\/vc_column][vc_column width=\u00bb10\/12&#8243;][vc_column_text el_class=\u00bbtitle_faq_category\u00bb]\u00bfSon seguros los colores utilizados para las decoraciones de las servilletas Foxy?[\/vc_column_text][vc_column_text el_class=\u00bbdesc_faq_category\u00bb]Los colores utilizados para la decoraci\u00f3n de las servilletas Foxy son a base de agua y no son t\u00f3xicos.<br \/>\nAdem\u00e1s, todas las servilletas Foxy est\u00e1n garantizadas para el contacto con alimentos: la idoneidad para el contacto con alimentos est\u00e1 garantizada por rigurosas pruebas realizadas en laboratorios cualificados.[\/vc_column_text][vc_row_inner equal_height=\u00bbyes\u00bb content_placement=\u00bbmiddle\u00bb el_class=\u00bbbottom_faq_category\u00bb][vc_column_inner offset=\u00bbvc_col-lg-7 vc_col-md-7 vc_col-xs-12&#8243;][vc_column_text el_class=\u00bbquestion_faq_category\u00bb]\u00bfQuieres saber m\u00e1s sobre las servilletas Foxy?[\/vc_column_text][\/vc_column_inner][vc_column_inner offset=\u00bbvc_col-lg-5 vc_col-md-5 vc_col-xs-12&#8243;]<div class=\" ubtn-ctn-left btn-freccia freccia-blu btn-white\"><a class=\"ubtn-link ult-adjust-bottom-margin ubtn-left ubtn-normal btn-freccia freccia-blu btn-white\" href=\"http:\/\/www.foxy.eu\/domande-frequenti\/#faq_tovaglioli\" title=\"Domande frequenti\" ><button type=\"button\" id=\"ubtn-7595\"  class=\"ubtn ult-adjust-bottom-margin ult-responsive ubtn-normal ubtn-no-hover-bg  none  ubtn-left   tooltip-69d1b6ddb877f\"  data-hover=\"\" data-border-color=\"\" data-bg=\"\" data-hover-bg=\"\" data-border-hover=\"\" data-shadow-hover=\"\" data-shadow-click=\"none\" data-shadow=\"\" data-shd-shadow=\"\"  data-ultimate-target='#ubtn-7595'  data-responsive-json-new='{\"font-size\":\"\",\"line-height\":\"\"}'  style=\"font-weight:normal;border:none;\"><span class=\"ubtn-hover\" style=\"background-color:\"><\/span><span class=\"ubtn-data ubtn-text \" >Aqui todas las respuestas<\/span><\/button><\/a><\/div>[\/vc_column_inner][\/vc_row_inner][\/vc_column][\/vc_row]<\/p>\n","protected":false},"excerpt":{"rendered":"<p>[vc_row el_class=\u00bbfaq_category\u00bb][vc_column width=\u00bb2\/12&#8243;][vc_single_image image=\u00bb4347&#8243; img_size=\u00bbfull\u00bb alignment=\u00bbcenter\u00bb][\/vc_column][vc_column width=\u00bb10\/12&#8243;][vc_column_text el_class=\u00bbtitle_faq_category\u00bb]\u00bfSon seguros los colores utilizados para las decoraciones de las servilletas Foxy?[\/vc_column_text][vc_column_text el_class=\u00bbdesc_faq_category\u00bb]Los colores utilizados para la decoraci\u00f3n de las servilletas Foxy son&#8230;<\/p>\n","protected":false},"author":1,"featured_media":0,"parent":2974,"menu_order":0,"comment_status":"closed","ping_status":"closed","template":"template-category.php","meta":[],"categories":[42],"tags":[],"yoast_head":"<!-- This site is optimized with the Yoast SEO plugin v19.14 - https:\/\/yoast.com\/wordpress\/plugins\/seo\/ -->\n<title>Servilletas - Foxy<\/title>\n<meta name=\"robots\" content=\"index, follow, max-snippet:-1, max-image-preview:large, max-video-preview:-1\" \/>\n<link rel=\"canonical\" href=\"https:\/\/www.foxy.eu\/es\/nuestros-productos\/servilletas\/\" \/>\n<meta property=\"og:locale\" content=\"es_ES\" \/>\n<meta property=\"og:type\" content=\"article\" \/>\n<meta property=\"og:title\" content=\"Servilletas - Foxy\" \/>\n<meta property=\"og:description\" content=\"[vc_row el_class=\u00bbfaq_category\u00bb][vc_column width=\u00bb2\/12&#8243;][vc_single_image image=\u00bb4347&#8243; img_size=\u00bbfull\u00bb alignment=\u00bbcenter\u00bb][\/vc_column][vc_column width=\u00bb10\/12&#8243;][vc_column_text el_class=\u00bbtitle_faq_category\u00bb]\u00bfSon seguros los colores utilizados para las decoraciones de las servilletas Foxy?[\/vc_column_text][vc_column_text el_class=\u00bbdesc_faq_category\u00bb]Los colores utilizados para la decoraci\u00f3n de las servilletas Foxy son...\" \/>\n<meta property=\"og:url\" content=\"https:\/\/www.foxy.eu\/es\/nuestros-productos\/servilletas\/\" \/>\n<meta property=\"og:site_name\" content=\"Foxy\" \/>\n<meta property=\"article:publisher\" content=\"https:\/\/www.facebook.com\/Foxy.Italia\" \/>\n<meta property=\"article:modified_time\" content=\"2021-06-17T08:43:20+00:00\" \/>\n<meta name=\"twitter:card\" content=\"summary_large_image\" \/>\n<meta name=\"twitter:label1\" content=\"Est. reading time\" \/>\n\t<meta name=\"twitter:data1\" content=\"1 minuto\" \/>\n<script type=\"application\/ld+json\" class=\"yoast-schema-graph\">{\"@context\":\"https:\/\/schema.org\",\"@graph\":[{\"@type\":\"WebPage\",\"@id\":\"https:\/\/www.foxy.eu\/es\/nuestros-productos\/servilletas\/\",\"url\":\"https:\/\/www.foxy.eu\/es\/nuestros-productos\/servilletas\/\",\"name\":\"Servilletas - Foxy\",\"isPartOf\":{\"@id\":\"https:\/\/www.foxy.eu\/#website\"},\"datePublished\":\"2020-07-30T07:49:44+00:00\",\"dateModified\":\"2021-06-17T08:43:20+00:00\",\"breadcrumb\":{\"@id\":\"https:\/\/www.foxy.eu\/es\/nuestros-productos\/servilletas\/#breadcrumb\"},\"inLanguage\":\"es\",\"potentialAction\":[{\"@type\":\"ReadAction\",\"target\":[\"https:\/\/www.foxy.eu\/es\/nuestros-productos\/servilletas\/\"]}]},{\"@type\":\"BreadcrumbList\",\"@id\":\"https:\/\/www.foxy.eu\/es\/nuestros-productos\/servilletas\/#breadcrumb\",\"itemListElement\":[{\"@type\":\"ListItem\",\"position\":1,\"name\":\"Home\",\"item\":\"https:\/\/www.foxy.eu\/es\/\"},{\"@type\":\"ListItem\",\"position\":2,\"name\":\"Nuestros productos\",\"item\":\"https:\/\/www.foxy.eu\/es\/nuestros-productos\/\"},{\"@type\":\"ListItem\",\"position\":3,\"name\":\"Servilletas\"}]},{\"@type\":\"WebSite\",\"@id\":\"https:\/\/www.foxy.eu\/#website\",\"url\":\"https:\/\/www.foxy.eu\/\",\"name\":\"Foxy\",\"description\":\"Un nuovo sito targato WordPress\",\"publisher\":{\"@id\":\"https:\/\/www.foxy.eu\/#organization\"},\"alternateName\":\"Scopri tutta la gamma di prodotti e iniziative Foxy. Abbiamo pensato a un mondo su misura per te.\",\"potentialAction\":[{\"@type\":\"SearchAction\",\"target\":{\"@type\":\"EntryPoint\",\"urlTemplate\":\"https:\/\/www.foxy.eu\/?s={search_term_string}\"},\"query-input\":\"required name=search_term_string\"}],\"inLanguage\":\"es\"},{\"@type\":\"Organization\",\"@id\":\"https:\/\/www.foxy.eu\/#organization\",\"name\":\"Foxy | Sempre vicina a te!\",\"alternateName\":\"Scopri tutta la gamma di prodotti e iniziative Foxy. Abbiamo pensato a un mondo su misura per te.\",\"url\":\"https:\/\/www.foxy.eu\/\",\"logo\":{\"@type\":\"ImageObject\",\"inLanguage\":\"es\",\"@id\":\"https:\/\/www.foxy.eu\/#\/schema\/logo\/image\/\",\"url\":\"https:\/\/enkaz3824io.exactdn.com\/wp-content\/uploads\/2020\/07\/hp_big_logo@2x.png?strip=all&lossy=1&ssl=1\",\"contentUrl\":\"https:\/\/enkaz3824io.exactdn.com\/wp-content\/uploads\/2020\/07\/hp_big_logo@2x.png?strip=all&lossy=1&ssl=1\",\"width\":518,\"height\":366,\"caption\":\"Foxy | Sempre vicina a te!\"},\"image\":{\"@id\":\"https:\/\/www.foxy.eu\/#\/schema\/logo\/image\/\"},\"sameAs\":[\"https:\/\/www.instagram.com\/foxy\/\",\"https:\/\/www.youtube.com\/channel\/UCpCfvrNg7u0O0jSeH9B9ygA\",\"https:\/\/www.facebook.com\/Foxy.Italia\"]}]}<\/script>\n<!-- \/ Yoast SEO plugin. -->","yoast_head_json":{"title":"Servilletas - Foxy","robots":{"index":"index","follow":"follow","max-snippet":"max-snippet:-1","max-image-preview":"max-image-preview:large","max-video-preview":"max-video-preview:-1"},"canonical":"https:\/\/www.foxy.eu\/es\/nuestros-productos\/servilletas\/","og_locale":"es_ES","og_type":"article","og_title":"Servilletas - Foxy","og_description":"[vc_row el_class=\u00bbfaq_category\u00bb][vc_column width=\u00bb2\/12&#8243;][vc_single_image image=\u00bb4347&#8243; img_size=\u00bbfull\u00bb alignment=\u00bbcenter\u00bb][\/vc_column][vc_column width=\u00bb10\/12&#8243;][vc_column_text el_class=\u00bbtitle_faq_category\u00bb]\u00bfSon seguros los colores utilizados para las decoraciones de las servilletas Foxy?[\/vc_column_text][vc_column_text el_class=\u00bbdesc_faq_category\u00bb]Los colores utilizados para la decoraci\u00f3n de las servilletas Foxy son...","og_url":"https:\/\/www.foxy.eu\/es\/nuestros-productos\/servilletas\/","og_site_name":"Foxy","article_publisher":"https:\/\/www.facebook.com\/Foxy.Italia","article_modified_time":"2021-06-17T08:43:20+00:00","twitter_card":"summary_large_image","twitter_misc":{"Est. reading time":"1 minuto"},"schema":{"@context":"https:\/\/schema.org","@graph":[{"@type":"WebPage","@id":"https:\/\/www.foxy.eu\/es\/nuestros-productos\/servilletas\/","url":"https:\/\/www.foxy.eu\/es\/nuestros-productos\/servilletas\/","name":"Servilletas - Foxy","isPartOf":{"@id":"https:\/\/www.foxy.eu\/#website"},"datePublished":"2020-07-30T07:49:44+00:00","dateModified":"2021-06-17T08:43:20+00:00","breadcrumb":{"@id":"https:\/\/www.foxy.eu\/es\/nuestros-productos\/servilletas\/#breadcrumb"},"inLanguage":"es","potentialAction":[{"@type":"ReadAction","target":["https:\/\/www.foxy.eu\/es\/nuestros-productos\/servilletas\/"]}]},{"@type":"BreadcrumbList","@id":"https:\/\/www.foxy.eu\/es\/nuestros-productos\/servilletas\/#breadcrumb","itemListElement":[{"@type":"ListItem","position":1,"name":"Home","item":"https:\/\/www.foxy.eu\/es\/"},{"@type":"ListItem","position":2,"name":"Nuestros productos","item":"https:\/\/www.foxy.eu\/es\/nuestros-productos\/"},{"@type":"ListItem","position":3,"name":"Servilletas"}]},{"@type":"WebSite","@id":"https:\/\/www.foxy.eu\/#website","url":"https:\/\/www.foxy.eu\/","name":"Foxy","description":"Un nuovo sito targato WordPress","publisher":{"@id":"https:\/\/www.foxy.eu\/#organization"},"alternateName":"Scopri tutta la gamma di prodotti e iniziative Foxy. Abbiamo pensato a un mondo su misura per te.","potentialAction":[{"@type":"SearchAction","target":{"@type":"EntryPoint","urlTemplate":"https:\/\/www.foxy.eu\/?s={search_term_string}"},"query-input":"required name=search_term_string"}],"inLanguage":"es"},{"@type":"Organization","@id":"https:\/\/www.foxy.eu\/#organization","name":"Foxy | Sempre vicina a te!","alternateName":"Scopri tutta la gamma di prodotti e iniziative Foxy. Abbiamo pensato a un mondo su misura per te.","url":"https:\/\/www.foxy.eu\/","logo":{"@type":"ImageObject","inLanguage":"es","@id":"https:\/\/www.foxy.eu\/#\/schema\/logo\/image\/","url":"https:\/\/enkaz3824io.exactdn.com\/wp-content\/uploads\/2020\/07\/hp_big_logo@2x.png?strip=all&lossy=1&ssl=1","contentUrl":"https:\/\/enkaz3824io.exactdn.com\/wp-content\/uploads\/2020\/07\/hp_big_logo@2x.png?strip=all&lossy=1&ssl=1","width":518,"height":366,"caption":"Foxy | Sempre vicina a te!"},"image":{"@id":"https:\/\/www.foxy.eu\/#\/schema\/logo\/image\/"},"sameAs":["https:\/\/www.instagram.com\/foxy\/","https:\/\/www.youtube.com\/channel\/UCpCfvrNg7u0O0jSeH9B9ygA","https:\/\/www.facebook.com\/Foxy.Italia"]}]}},"_links":{"self":[{"href":"https:\/\/www.foxy.eu\/es\/wp-json\/wp\/v2\/pages\/4353"}],"collection":[{"href":"https:\/\/www.foxy.eu\/es\/wp-json\/wp\/v2\/pages"}],"about":[{"href":"https:\/\/www.foxy.eu\/es\/wp-json\/wp\/v2\/types\/page"}],"author":[{"embeddable":true,"href":"https:\/\/www.foxy.eu\/es\/wp-json\/wp\/v2\/users\/1"}],"replies":[{"embeddable":true,"href":"https:\/\/www.foxy.eu\/es\/wp-json\/wp\/v2\/comments?post=4353"}],"version-history":[{"count":4,"href":"https:\/\/www.foxy.eu\/es\/wp-json\/wp\/v2\/pages\/4353\/revisions"}],"predecessor-version":[{"id":4756,"href":"https:\/\/www.foxy.eu\/es\/wp-json\/wp\/v2\/pages\/4353\/revisions\/4756"}],"up":[{"embeddable":true,"href":"https:\/\/www.foxy.eu\/es\/wp-json\/wp\/v2\/pages\/2974"}],"wp:attachment":[{"href":"https:\/\/www.foxy.eu\/es\/wp-json\/wp\/v2\/media?parent=4353"}],"wp:term":[{"taxonomy":"category","embeddable":true,"href":"https:\/\/www.foxy.eu\/es\/wp-json\/wp\/v2\/categories?post=4353"},{"taxonomy":"post_tag","embeddable":true,"href":"https:\/\/www.foxy.eu\/es\/wp-json\/wp\/v2\/tags?post=4353"}],"curies":[{"name":"wp","href":"https:\/\/api.w.org\/{rel}","templated":true}]}}