
{"id":2725,"date":"2021-02-15T15:58:26","date_gmt":"2021-02-15T14:58:26","guid":{"rendered":"https:\/\/www.foxy.eu\/?page_id=2725"},"modified":"2022-06-01T17:21:12","modified_gmt":"2022-06-01T15:21:12","slug":"maravillas-de-papel","status":"publish","type":"page","link":"https:\/\/www.foxy.eu\/es\/maravillas-de-papel\/","title":{"rendered":"Maravillas de papel"},"content":{"rendered":"<p>[vc_row el_class=\u00bbh1-w-padding\u00bb][vc_column][vc_column_text]<\/p>\n<h1 class=\"title_page\">Maravillas de papel<\/h1>\n<p>[\/vc_column_text][\/vc_column][\/vc_row][vc_row full_width=\u00bbstretch_row\u00bb el_class=\u00bbfascia-sottopagina\u00bb css=\u00bb.vc_custom_1602239715839{background-image: url(https:\/\/www.foxy.eu\/wp-content\/uploads\/2020\/10\/cover_meraviglie_di_carta_impegno_per_la_trasparenza@2x-scaled.jpg?id=2271) !important;}\u00bb][vc_column width=\u00bb2\/3&#8243; offset=\u00bbvc_col-lg-offset-3 vc_col-lg-6 vc_col-md-offset-3 vc_col-md-6 vc_col-sm-offset-2&#8243;][vc_column_text]<\/p>\n<h2>El compromiso con la transparencia<\/h2>\n<p>[\/vc_column_text][vc_row_inner][vc_column_inner offset=\u00bbvc_col-lg-offset-2 vc_col-lg-8&#8243;][vc_column_text]Transparencia significa, para Foxy, dar respuesta a las preguntas que todo consumidor puede hacerse sobre los productos que usa a diario en su casa.[\/vc_column_text]<div class=\" ubtn-ctn-center btn-blu btn-freccia freccia-blu\"><a class=\"ubtn-link ult-adjust-bottom-margin ubtn-center ubtn-large btn-blu btn-freccia freccia-blu\" href=\"https:\/\/www.foxy.eu\/es\/maravillas-de-papel\/el-compromiso-con-la-transparencia\/\" title=\"Descubre m\u00e1s\" ><button type=\"button\" id=\"ubtn-1801\"  class=\"ubtn ult-adjust-bottom-margin ult-responsive ubtn-large ubtn-no-hover-bg  none  ubtn-center   tooltip-69fe04bdcb3f0\"  data-hover=\"\" data-border-color=\"\" data-bg=\"\" data-hover-bg=\"\" data-border-hover=\"\" data-shadow-hover=\"\" data-shadow-click=\"none\" data-shadow=\"\" data-shd-shadow=\"\"  data-ultimate-target='#ubtn-1801'  data-responsive-json-new='{\"font-size\":\"\",\"line-height\":\"\"}'  style=\"font-weight:normal;border:none;\"><span class=\"ubtn-hover\" style=\"background-color:\"><\/span><span class=\"ubtn-data ubtn-text \" >Descubre m\u00e1s<\/span><\/button><\/a><\/div>[\/vc_column_inner][\/vc_row_inner][\/vc_column][\/vc_row][vc_row full_width=\u00bbstretch_row\u00bb el_class=\u00bbfascia-sottopagina bg-align-top\u00bb css=\u00bb.vc_custom_1601474602303{background-image: url(https:\/\/www.foxy.eu\/wp-content\/uploads\/2020\/09\/cover_meraviglie_di_carta_piccole_creazioni@2x-scaled.jpg?id=1870) !important;}\u00bb][vc_column width=\u00bb2\/3&#8243; offset=\u00bbvc_col-lg-offset-4 vc_col-lg-4 vc_col-md-offset-3 vc_col-md-6 vc_col-sm-offset-2&#8243;][vc_column_text]<\/p>\n<h2>Peque\u00f1as creaciones<\/h2>\n<p>[\/vc_column_text][vc_column_text]Las peque\u00f1as creaciones son divertidas, f\u00e1ciles y ecol\u00f3gicas.<br \/>\n\u00a1Descubre todos los videotutoriales de Foxy y crea peque\u00f1as maravillas de papel con tus hijos![\/vc_column_text]<div class=\" ubtn-ctn-center btn-blu btn-freccia freccia-blu\"><a class=\"ubtn-link ult-adjust-bottom-margin ubtn-center ubtn-large btn-blu btn-freccia freccia-blu\" href=\"https:\/\/www.foxy.eu\/es\/maravillas-de-papel\/peque\u00f1as-creaciones\/\" title=\"Piccole creazioni\" ><button type=\"button\" id=\"ubtn-8692\"  class=\"ubtn ult-adjust-bottom-margin ult-responsive ubtn-large ubtn-no-hover-bg  none  ubtn-center   tooltip-69fe04bdcb45e\"  data-hover=\"\" data-border-color=\"\" data-bg=\"\" data-hover-bg=\"\" data-border-hover=\"\" data-shadow-hover=\"\" data-shadow-click=\"none\" data-shadow=\"\" data-shd-shadow=\"\"  data-ultimate-target='#ubtn-8692'  data-responsive-json-new='{\"font-size\":\"\",\"line-height\":\"\"}'  style=\"font-weight:normal;border:none;\"><span class=\"ubtn-hover\" style=\"background-color:\"><\/span><span class=\"ubtn-data ubtn-text \" >Descubre m\u00e1s<\/span><\/button><\/a><\/div>[\/vc_column][\/vc_row]<\/p>\n","protected":false},"excerpt":{"rendered":"<p>[vc_row el_class=\u00bbh1-w-padding\u00bb][vc_column][vc_column_text] Maravillas de papel [\/vc_column_text][\/vc_column][\/vc_row][vc_row full_width=\u00bbstretch_row\u00bb el_class=\u00bbfascia-sottopagina\u00bb css=\u00bb.vc_custom_1602239715839{background-image: url(https:\/\/www.foxy.eu\/wp-content\/uploads\/2020\/10\/cover_meraviglie_di_carta_impegno_per_la_trasparenza@2x-scaled.jpg?id=2271) !important;}\u00bb][vc_column width=\u00bb2\/3&#8243; offset=\u00bbvc_col-lg-offset-3 vc_col-lg-6 vc_col-md-offset-3 vc_col-md-6 vc_col-sm-offset-2&#8243;][vc_column_text] El compromiso con la transparencia [\/vc_column_text][vc_row_inner][vc_column_inner offset=\u00bbvc_col-lg-offset-2 vc_col-lg-8&#8243;][vc_column_text]Transparencia significa, para Foxy, dar respuesta&#8230;<\/p>\n","protected":false},"author":1,"featured_media":0,"parent":0,"menu_order":0,"comment_status":"closed","ping_status":"closed","template":"template-page-mondo-foxy.php","meta":[],"categories":[],"tags":[],"yoast_head":"<!-- This site is optimized with the Yoast SEO plugin v19.14 - https:\/\/yoast.com\/wordpress\/plugins\/seo\/ -->\n<title>Maravillas de papel - Foxy<\/title>\n<meta name=\"robots\" content=\"index, follow, max-snippet:-1, max-image-preview:large, max-video-preview:-1\" \/>\n<link rel=\"canonical\" href=\"https:\/\/www.foxy.eu\/es\/maravillas-de-papel\/\" \/>\n<meta property=\"og:locale\" content=\"es_ES\" \/>\n<meta property=\"og:type\" content=\"article\" \/>\n<meta property=\"og:title\" content=\"Maravillas de papel - Foxy\" \/>\n<meta property=\"og:description\" content=\"[vc_row el_class=\u00bbh1-w-padding\u00bb][vc_column][vc_column_text] Maravillas de papel [\/vc_column_text][\/vc_column][\/vc_row][vc_row full_width=\u00bbstretch_row\u00bb el_class=\u00bbfascia-sottopagina\u00bb css=\u00bb.vc_custom_1602239715839{background-image: url(https:\/\/www.foxy.eu\/wp-content\/uploads\/2020\/10\/cover_meraviglie_di_carta_impegno_per_la_trasparenza@2x-scaled.jpg?id=2271) !important;}\u00bb][vc_column width=\u00bb2\/3&#8243; offset=\u00bbvc_col-lg-offset-3 vc_col-lg-6 vc_col-md-offset-3 vc_col-md-6 vc_col-sm-offset-2&#8243;][vc_column_text] El compromiso con la transparencia [\/vc_column_text][vc_row_inner][vc_column_inner offset=\u00bbvc_col-lg-offset-2 vc_col-lg-8&#8243;][vc_column_text]Transparencia significa, para Foxy, dar respuesta...\" \/>\n<meta property=\"og:url\" content=\"https:\/\/www.foxy.eu\/es\/maravillas-de-papel\/\" \/>\n<meta property=\"og:site_name\" content=\"Foxy\" \/>\n<meta property=\"article:publisher\" content=\"https:\/\/www.facebook.com\/Foxy.Italia\" \/>\n<meta property=\"article:modified_time\" content=\"2022-06-01T15:21:12+00:00\" \/>\n<meta name=\"twitter:card\" content=\"summary_large_image\" \/>\n<meta name=\"twitter:label1\" content=\"Est. reading time\" \/>\n\t<meta name=\"twitter:data1\" content=\"2 minutos\" \/>\n<script type=\"application\/ld+json\" class=\"yoast-schema-graph\">{\"@context\":\"https:\/\/schema.org\",\"@graph\":[{\"@type\":\"WebPage\",\"@id\":\"https:\/\/www.foxy.eu\/es\/maravillas-de-papel\/\",\"url\":\"https:\/\/www.foxy.eu\/es\/maravillas-de-papel\/\",\"name\":\"Maravillas de papel - Foxy\",\"isPartOf\":{\"@id\":\"https:\/\/www.foxy.eu\/#website\"},\"datePublished\":\"2021-02-15T14:58:26+00:00\",\"dateModified\":\"2022-06-01T15:21:12+00:00\",\"breadcrumb\":{\"@id\":\"https:\/\/www.foxy.eu\/es\/maravillas-de-papel\/#breadcrumb\"},\"inLanguage\":\"es\",\"potentialAction\":[{\"@type\":\"ReadAction\",\"target\":[\"https:\/\/www.foxy.eu\/es\/maravillas-de-papel\/\"]}]},{\"@type\":\"BreadcrumbList\",\"@id\":\"https:\/\/www.foxy.eu\/es\/maravillas-de-papel\/#breadcrumb\",\"itemListElement\":[{\"@type\":\"ListItem\",\"position\":1,\"name\":\"Home\",\"item\":\"https:\/\/www.foxy.eu\/es\/\"},{\"@type\":\"ListItem\",\"position\":2,\"name\":\"Maravillas de papel\"}]},{\"@type\":\"WebSite\",\"@id\":\"https:\/\/www.foxy.eu\/#website\",\"url\":\"https:\/\/www.foxy.eu\/\",\"name\":\"Foxy\",\"description\":\"Un nuovo sito targato WordPress\",\"publisher\":{\"@id\":\"https:\/\/www.foxy.eu\/#organization\"},\"alternateName\":\"Scopri tutta la gamma di prodotti e iniziative Foxy. Abbiamo pensato a un mondo su misura per te.\",\"potentialAction\":[{\"@type\":\"SearchAction\",\"target\":{\"@type\":\"EntryPoint\",\"urlTemplate\":\"https:\/\/www.foxy.eu\/?s={search_term_string}\"},\"query-input\":\"required name=search_term_string\"}],\"inLanguage\":\"es\"},{\"@type\":\"Organization\",\"@id\":\"https:\/\/www.foxy.eu\/#organization\",\"name\":\"Foxy | Sempre vicina a te!\",\"alternateName\":\"Scopri tutta la gamma di prodotti e iniziative Foxy. Abbiamo pensato a un mondo su misura per te.\",\"url\":\"https:\/\/www.foxy.eu\/\",\"logo\":{\"@type\":\"ImageObject\",\"inLanguage\":\"es\",\"@id\":\"https:\/\/www.foxy.eu\/#\/schema\/logo\/image\/\",\"url\":\"https:\/\/enkaz3824io.exactdn.com\/wp-content\/uploads\/2020\/07\/hp_big_logo@2x.png?strip=all&lossy=1&ssl=1\",\"contentUrl\":\"https:\/\/enkaz3824io.exactdn.com\/wp-content\/uploads\/2020\/07\/hp_big_logo@2x.png?strip=all&lossy=1&ssl=1\",\"width\":518,\"height\":366,\"caption\":\"Foxy | Sempre vicina a te!\"},\"image\":{\"@id\":\"https:\/\/www.foxy.eu\/#\/schema\/logo\/image\/\"},\"sameAs\":[\"https:\/\/www.instagram.com\/foxy\/\",\"https:\/\/www.youtube.com\/channel\/UCpCfvrNg7u0O0jSeH9B9ygA\",\"https:\/\/www.facebook.com\/Foxy.Italia\"]}]}<\/script>\n<!-- \/ Yoast SEO plugin. -->","yoast_head_json":{"title":"Maravillas de papel - Foxy","robots":{"index":"index","follow":"follow","max-snippet":"max-snippet:-1","max-image-preview":"max-image-preview:large","max-video-preview":"max-video-preview:-1"},"canonical":"https:\/\/www.foxy.eu\/es\/maravillas-de-papel\/","og_locale":"es_ES","og_type":"article","og_title":"Maravillas de papel - Foxy","og_description":"[vc_row el_class=\u00bbh1-w-padding\u00bb][vc_column][vc_column_text] Maravillas de papel [\/vc_column_text][\/vc_column][\/vc_row][vc_row full_width=\u00bbstretch_row\u00bb el_class=\u00bbfascia-sottopagina\u00bb css=\u00bb.vc_custom_1602239715839{background-image: url(https:\/\/www.foxy.eu\/wp-content\/uploads\/2020\/10\/cover_meraviglie_di_carta_impegno_per_la_trasparenza@2x-scaled.jpg?id=2271) !important;}\u00bb][vc_column width=\u00bb2\/3&#8243; offset=\u00bbvc_col-lg-offset-3 vc_col-lg-6 vc_col-md-offset-3 vc_col-md-6 vc_col-sm-offset-2&#8243;][vc_column_text] El compromiso con la transparencia [\/vc_column_text][vc_row_inner][vc_column_inner offset=\u00bbvc_col-lg-offset-2 vc_col-lg-8&#8243;][vc_column_text]Transparencia significa, para Foxy, dar respuesta...","og_url":"https:\/\/www.foxy.eu\/es\/maravillas-de-papel\/","og_site_name":"Foxy","article_publisher":"https:\/\/www.facebook.com\/Foxy.Italia","article_modified_time":"2022-06-01T15:21:12+00:00","twitter_card":"summary_large_image","twitter_misc":{"Est. reading time":"2 minutos"},"schema":{"@context":"https:\/\/schema.org","@graph":[{"@type":"WebPage","@id":"https:\/\/www.foxy.eu\/es\/maravillas-de-papel\/","url":"https:\/\/www.foxy.eu\/es\/maravillas-de-papel\/","name":"Maravillas de papel - Foxy","isPartOf":{"@id":"https:\/\/www.foxy.eu\/#website"},"datePublished":"2021-02-15T14:58:26+00:00","dateModified":"2022-06-01T15:21:12+00:00","breadcrumb":{"@id":"https:\/\/www.foxy.eu\/es\/maravillas-de-papel\/#breadcrumb"},"inLanguage":"es","potentialAction":[{"@type":"ReadAction","target":["https:\/\/www.foxy.eu\/es\/maravillas-de-papel\/"]}]},{"@type":"BreadcrumbList","@id":"https:\/\/www.foxy.eu\/es\/maravillas-de-papel\/#breadcrumb","itemListElement":[{"@type":"ListItem","position":1,"name":"Home","item":"https:\/\/www.foxy.eu\/es\/"},{"@type":"ListItem","position":2,"name":"Maravillas de papel"}]},{"@type":"WebSite","@id":"https:\/\/www.foxy.eu\/#website","url":"https:\/\/www.foxy.eu\/","name":"Foxy","description":"Un nuovo sito targato WordPress","publisher":{"@id":"https:\/\/www.foxy.eu\/#organization"},"alternateName":"Scopri tutta la gamma di prodotti e iniziative Foxy. Abbiamo pensato a un mondo su misura per te.","potentialAction":[{"@type":"SearchAction","target":{"@type":"EntryPoint","urlTemplate":"https:\/\/www.foxy.eu\/?s={search_term_string}"},"query-input":"required name=search_term_string"}],"inLanguage":"es"},{"@type":"Organization","@id":"https:\/\/www.foxy.eu\/#organization","name":"Foxy | Sempre vicina a te!","alternateName":"Scopri tutta la gamma di prodotti e iniziative Foxy. Abbiamo pensato a un mondo su misura per te.","url":"https:\/\/www.foxy.eu\/","logo":{"@type":"ImageObject","inLanguage":"es","@id":"https:\/\/www.foxy.eu\/#\/schema\/logo\/image\/","url":"https:\/\/enkaz3824io.exactdn.com\/wp-content\/uploads\/2020\/07\/hp_big_logo@2x.png?strip=all&lossy=1&ssl=1","contentUrl":"https:\/\/enkaz3824io.exactdn.com\/wp-content\/uploads\/2020\/07\/hp_big_logo@2x.png?strip=all&lossy=1&ssl=1","width":518,"height":366,"caption":"Foxy | Sempre vicina a te!"},"image":{"@id":"https:\/\/www.foxy.eu\/#\/schema\/logo\/image\/"},"sameAs":["https:\/\/www.instagram.com\/foxy\/","https:\/\/www.youtube.com\/channel\/UCpCfvrNg7u0O0jSeH9B9ygA","https:\/\/www.facebook.com\/Foxy.Italia"]}]}},"_links":{"self":[{"href":"https:\/\/www.foxy.eu\/es\/wp-json\/wp\/v2\/pages\/2725"}],"collection":[{"href":"https:\/\/www.foxy.eu\/es\/wp-json\/wp\/v2\/pages"}],"about":[{"href":"https:\/\/www.foxy.eu\/es\/wp-json\/wp\/v2\/types\/page"}],"author":[{"embeddable":true,"href":"https:\/\/www.foxy.eu\/es\/wp-json\/wp\/v2\/users\/1"}],"replies":[{"embeddable":true,"href":"https:\/\/www.foxy.eu\/es\/wp-json\/wp\/v2\/comments?post=2725"}],"version-history":[{"count":1,"href":"https:\/\/www.foxy.eu\/es\/wp-json\/wp\/v2\/pages\/2725\/revisions"}],"predecessor-version":[{"id":2729,"href":"https:\/\/www.foxy.eu\/es\/wp-json\/wp\/v2\/pages\/2725\/revisions\/2729"}],"wp:attachment":[{"href":"https:\/\/www.foxy.eu\/es\/wp-json\/wp\/v2\/media?parent=2725"}],"wp:term":[{"taxonomy":"category","embeddable":true,"href":"https:\/\/www.foxy.eu\/es\/wp-json\/wp\/v2\/categories?post=2725"},{"taxonomy":"post_tag","embeddable":true,"href":"https:\/\/www.foxy.eu\/es\/wp-json\/wp\/v2\/tags?post=2725"}],"curies":[{"name":"wp","href":"https:\/\/api.w.org\/{rel}","templated":true}]}}