
{"id":21665,"date":"2025-07-22T15:41:11","date_gmt":"2025-07-22T13:41:11","guid":{"rendered":"https:\/\/www.foxy.eu\/?page_id=21665"},"modified":"2025-07-22T17:54:12","modified_gmt":"2025-07-22T15:54:12","slug":"energia-renovable-y-fabricado-con-plastico-reciclado","status":"publish","type":"page","link":"https:\/\/www.foxy.eu\/es\/el-compromiso-de-foxy\/energia-renovable-y-fabricado-con-plastico-reciclado\/","title":{"rendered":"Foxy ecosostenible"},"content":{"rendered":"<p>[vc_row full_width=\u00bbstretch_row\u00bb full_height=\u00bbyes\u00bb columns_placement=\u00bbtop\u00bb equal_height=\u00bbyes\u00bb content_placement=\u00bbtop\u00bb el_class=\u00bbmbot100 row-sostenibilita\u00bb][vc_column width=\u00bb1\/2&#8243; offset=\u00bbvc_col-lg-offset-1 vc_col-lg-5&#8243; el_class=\u00bbcolonna-sostenibilita-ing-titlecolor\u00bb][vc_column_text el_class=\u00bbcolonna-sostenibilita&#8211;title-col azzurro\u00bb]<\/p>\n<p style=\"text-align: center;\"><span style=\"font-weight: 400;\">PRODUCTO ELABORADO CON<br \/>\n<\/span><strong>100% ENERG\u00cdA EL\u00c9CTRICA RENOVABLE<\/strong><\/p>\n<p>[\/vc_column_text][vc_single_image image=\u00bb12718&#8243; img_size=\u00bblarge\u00bb alignment=\u00bbcenter\u00bb][vc_empty_space][vc_column_text el_class=\u00bbcolonna-sostenibilita&#8211;text\u00bb]<\/p>\n<h3><strong>La energ\u00eda de Foxy<\/strong><\/h3>\n<h4><strong>El 100% de la energ\u00eda el\u00e9ctrica adquirida y utilizada para la fabricaci\u00f3n de todos los productos Foxy proviene de fuentes renovables.<\/strong><\/h4>\n<p><span style=\"font-weight: 400;\">Todo el proceso de producci\u00f3n, desde la fabricaci\u00f3n de las bobinas de papel hasta su transformaci\u00f3n en <\/span><span style=\"font-weight: 400;\">rollos, servilletas o pa\u00f1uelos, y su posterior empaquetado<\/span><span style=\"font-weight: 400;\">, utiliza exclusivamente energ\u00eda el\u00e9ctrica limpia y sostenible, generada por fuentes renovables como el sol, el viento y el agua.<br \/>\n<\/span><span style=\"font-weight: 400;\">Gracias a los Certificados <\/span><span style=\"font-weight: 400;\">GDO<\/span><span style=\"font-weight: 400;\"> (Garant\u00eda de Origen), emitidos por el GSE (Gestor de Servicios Energ\u00e9ticos), se demuestra que la energ\u00eda el\u00e9ctrica que compramos proviene de fuentes renovables.<br \/>\n<\/span><span style=\"font-weight: 400;\">De hecho, la Garant\u00eda de Origen <\/span><span style=\"font-weight: 400;\">(GDO) <\/span><span style=\"font-weight: 400;\">es una certificaci\u00f3n electr\u00f3nica que acredita el origen renovable de las fuentes utilizadas por las instalaciones calificadas como IGO.<\/span>[\/vc_column_text][\/vc_column][vc_column width=\u00bb1\/2&#8243; offset=\u00bbvc_col-lg-5&#8243; el_class=\u00bbcolonna-sostenibilita-ing-titlecolor\u00bb][vc_column_text el_class=\u00bbcolonna-sostenibilita&#8211;title-col verde\u00bb]<\/p>\n<p style=\"text-align: center;\"><strong>ENVASE RECICLABLE<br \/>\n<\/strong><span style=\"font-weight: 400;\">FABRICADO CON PL\u00c1STICO RECICLADO<\/span><\/p>\n<p>[\/vc_column_text][vc_single_image image=\u00bb12723&#8243; img_size=\u00bblarge\u00bb alignment=\u00bbcenter\u00bb][vc_empty_space][vc_column_text el_class=\u00bbcolonna-sostenibilita&#8211;text\u00bb]<\/p>\n<h3><strong>Los paquetes de Foxy<\/strong><\/h3>\n<h4><strong>El embalaje utilizado para empaquetar los productos Foxy son reciclables y pueden eliminarse f\u00e1cilmente.<\/strong><\/h4>\n<p><span style=\"font-weight: 400;\">Adem\u00e1s, el compromiso de Foxy es reducir el consumo de pl\u00e1stico virgen actuando simult\u00e1neamente en dos frentes: reducir el peso de los envases e incrementar el uso de pl\u00e1stico reciclado. <\/span><span style=\"font-weight: 400;\">En la etiqueta de transparencia en la parte posterior de los <\/span><span style=\"font-weight: 400;\">paquetes<\/span><span style=\"font-weight: 400;\"> se indica el porcentaje exacto de pl\u00e1stico reciclado utilizado y la informaci\u00f3n sobre la correcta eliminaci\u00f3n del envase. <\/span><span style=\"font-weight: 400;\">Para realizar correctamente la separaci\u00f3n de residuos, se recomienda consultar la normativa de reciclaje del municipio de residencia.<\/span>[\/vc_column_text][\/vc_column][\/vc_row][vc_section full_width=\u00bbstretch_row\u00bb parallax=\u00bbcontent-moving\u00bb parallax_image=\u00bb12739&#8243; el_class=\u00bbbanner-fullimg-cta\u00bb][vc_row el_class=\u00bb.banner-fullimg-cta&#8211;text\u00bb][vc_column][vc_column_text]<\/p>\n<h3 style=\"text-align: center;\"><strong>La promesa de Foxy es estar siempre cerca de ti, hoy y en el futuro.<\/strong><\/h3>\n<p>[\/vc_column_text]<div class=\" ubtn-ctn-center btn-blu btn-freccia\"><a class=\"ubtn-link ult-adjust-bottom-margin ubtn-center ubtn-normal btn-blu btn-freccia\" href=\"https:\/\/www.foxy.eu\/es\/el-compromiso-de-foxy\/\" title=\"Descubre el compromiso de Foxy\" ><button type=\"button\" id=\"ubtn-2691\"  class=\"ubtn ult-adjust-bottom-margin ult-responsive ubtn-normal ubtn-no-hover-bg  none  ubtn-center   tooltip-69f0a4ecd681e\"  data-hover=\"\" data-border-color=\"\" data-bg=\"\" data-hover-bg=\"\" data-border-hover=\"\" data-shadow-hover=\"\" data-shadow-click=\"none\" data-shadow=\"\" data-shd-shadow=\"\"  data-ultimate-target='#ubtn-2691'  data-responsive-json-new='{\"font-size\":\"\",\"line-height\":\"\"}'  style=\"font-weight:normal;border:none;\"><span class=\"ubtn-hover\" style=\"background-color:\"><\/span><span class=\"ubtn-data ubtn-text \" >Descubre el compromiso de Foxy<\/span><\/button><\/a><\/div>[\/vc_column][\/vc_row][\/vc_section]<\/p>\n","protected":false},"excerpt":{"rendered":"<p>[vc_row full_width=\u00bbstretch_row\u00bb full_height=\u00bbyes\u00bb columns_placement=\u00bbtop\u00bb equal_height=\u00bbyes\u00bb content_placement=\u00bbtop\u00bb el_class=\u00bbmbot100 row-sostenibilita\u00bb][vc_column width=\u00bb1\/2&#8243; offset=\u00bbvc_col-lg-offset-1 vc_col-lg-5&#8243; el_class=\u00bbcolonna-sostenibilita-ing-titlecolor\u00bb][vc_column_text el_class=\u00bbcolonna-sostenibilita&#8211;title-col azzurro\u00bb] PRODUCTO ELABORADO CON 100% ENERG\u00cdA EL\u00c9CTRICA RENOVABLE [\/vc_column_text][vc_single_image image=\u00bb12718&#8243; img_size=\u00bblarge\u00bb alignment=\u00bbcenter\u00bb][vc_empty_space][vc_column_text el_class=\u00bbcolonna-sostenibilita&#8211;text\u00bb] La energ\u00eda de Foxy&#8230;<\/p>\n","protected":false},"author":1,"featured_media":0,"parent":10795,"menu_order":0,"comment_status":"closed","ping_status":"closed","template":"template-page-mondo-foxy.php","meta":[],"categories":[],"tags":[],"yoast_head":"<!-- This site is optimized with the Yoast SEO plugin v19.14 - https:\/\/yoast.com\/wordpress\/plugins\/seo\/ -->\n<title>Foxy ecosostenible - Foxy<\/title>\n<meta name=\"robots\" content=\"index, follow, max-snippet:-1, max-image-preview:large, max-video-preview:-1\" \/>\n<link rel=\"canonical\" href=\"https:\/\/www.foxy.eu\/es\/el-compromiso-de-foxy\/energia-renovable-y-fabricado-con-plastico-reciclado\/\" \/>\n<meta property=\"og:locale\" content=\"es_ES\" \/>\n<meta property=\"og:type\" content=\"article\" \/>\n<meta property=\"og:title\" content=\"Foxy ecosostenible - Foxy\" \/>\n<meta property=\"og:description\" content=\"[vc_row full_width=\u00bbstretch_row\u00bb full_height=\u00bbyes\u00bb columns_placement=\u00bbtop\u00bb equal_height=\u00bbyes\u00bb content_placement=\u00bbtop\u00bb el_class=\u00bbmbot100 row-sostenibilita\u00bb][vc_column width=\u00bb1\/2&#8243; offset=\u00bbvc_col-lg-offset-1 vc_col-lg-5&#8243; el_class=\u00bbcolonna-sostenibilita-ing-titlecolor\u00bb][vc_column_text el_class=\u00bbcolonna-sostenibilita&#8211;title-col azzurro\u00bb] PRODUCTO ELABORADO CON 100% ENERG\u00cdA EL\u00c9CTRICA RENOVABLE [\/vc_column_text][vc_single_image image=\u00bb12718&#8243; img_size=\u00bblarge\u00bb alignment=\u00bbcenter\u00bb][vc_empty_space][vc_column_text el_class=\u00bbcolonna-sostenibilita&#8211;text\u00bb] La energ\u00eda de Foxy...\" \/>\n<meta property=\"og:url\" content=\"https:\/\/www.foxy.eu\/es\/el-compromiso-de-foxy\/energia-renovable-y-fabricado-con-plastico-reciclado\/\" \/>\n<meta property=\"og:site_name\" content=\"Foxy\" \/>\n<meta property=\"article:publisher\" content=\"https:\/\/www.facebook.com\/Foxy.Italia\" \/>\n<meta property=\"article:modified_time\" content=\"2025-07-22T15:54:12+00:00\" \/>\n<meta name=\"twitter:card\" content=\"summary_large_image\" \/>\n<meta name=\"twitter:label1\" content=\"Est. reading time\" \/>\n\t<meta name=\"twitter:data1\" content=\"2 minutos\" \/>\n<script type=\"application\/ld+json\" class=\"yoast-schema-graph\">{\"@context\":\"https:\/\/schema.org\",\"@graph\":[{\"@type\":\"WebPage\",\"@id\":\"https:\/\/www.foxy.eu\/es\/el-compromiso-de-foxy\/energia-renovable-y-fabricado-con-plastico-reciclado\/\",\"url\":\"https:\/\/www.foxy.eu\/es\/el-compromiso-de-foxy\/energia-renovable-y-fabricado-con-plastico-reciclado\/\",\"name\":\"Foxy ecosostenible - Foxy\",\"isPartOf\":{\"@id\":\"https:\/\/www.foxy.eu\/#website\"},\"datePublished\":\"2025-07-22T13:41:11+00:00\",\"dateModified\":\"2025-07-22T15:54:12+00:00\",\"breadcrumb\":{\"@id\":\"https:\/\/www.foxy.eu\/es\/el-compromiso-de-foxy\/energia-renovable-y-fabricado-con-plastico-reciclado\/#breadcrumb\"},\"inLanguage\":\"es\",\"potentialAction\":[{\"@type\":\"ReadAction\",\"target\":[\"https:\/\/www.foxy.eu\/es\/el-compromiso-de-foxy\/energia-renovable-y-fabricado-con-plastico-reciclado\/\"]}]},{\"@type\":\"BreadcrumbList\",\"@id\":\"https:\/\/www.foxy.eu\/es\/el-compromiso-de-foxy\/energia-renovable-y-fabricado-con-plastico-reciclado\/#breadcrumb\",\"itemListElement\":[{\"@type\":\"ListItem\",\"position\":1,\"name\":\"Home\",\"item\":\"https:\/\/www.foxy.eu\/es\/\"},{\"@type\":\"ListItem\",\"position\":2,\"name\":\"El compromiso de Foxy\",\"item\":\"https:\/\/www.foxy.eu\/es\/el-compromiso-de-foxy\/\"},{\"@type\":\"ListItem\",\"position\":3,\"name\":\"Foxy ecosostenible\"}]},{\"@type\":\"WebSite\",\"@id\":\"https:\/\/www.foxy.eu\/#website\",\"url\":\"https:\/\/www.foxy.eu\/\",\"name\":\"Foxy\",\"description\":\"Un nuovo sito targato WordPress\",\"publisher\":{\"@id\":\"https:\/\/www.foxy.eu\/#organization\"},\"alternateName\":\"Scopri tutta la gamma di prodotti e iniziative Foxy. Abbiamo pensato a un mondo su misura per te.\",\"potentialAction\":[{\"@type\":\"SearchAction\",\"target\":{\"@type\":\"EntryPoint\",\"urlTemplate\":\"https:\/\/www.foxy.eu\/?s={search_term_string}\"},\"query-input\":\"required name=search_term_string\"}],\"inLanguage\":\"es\"},{\"@type\":\"Organization\",\"@id\":\"https:\/\/www.foxy.eu\/#organization\",\"name\":\"Foxy | Sempre vicina a te!\",\"alternateName\":\"Scopri tutta la gamma di prodotti e iniziative Foxy. Abbiamo pensato a un mondo su misura per te.\",\"url\":\"https:\/\/www.foxy.eu\/\",\"logo\":{\"@type\":\"ImageObject\",\"inLanguage\":\"es\",\"@id\":\"https:\/\/www.foxy.eu\/#\/schema\/logo\/image\/\",\"url\":\"https:\/\/enkaz3824io.exactdn.com\/wp-content\/uploads\/2020\/07\/hp_big_logo@2x.png?strip=all&lossy=1&ssl=1\",\"contentUrl\":\"https:\/\/enkaz3824io.exactdn.com\/wp-content\/uploads\/2020\/07\/hp_big_logo@2x.png?strip=all&lossy=1&ssl=1\",\"width\":518,\"height\":366,\"caption\":\"Foxy | Sempre vicina a te!\"},\"image\":{\"@id\":\"https:\/\/www.foxy.eu\/#\/schema\/logo\/image\/\"},\"sameAs\":[\"https:\/\/www.instagram.com\/foxy\/\",\"https:\/\/www.youtube.com\/channel\/UCpCfvrNg7u0O0jSeH9B9ygA\",\"https:\/\/www.facebook.com\/Foxy.Italia\"]}]}<\/script>\n<!-- \/ Yoast SEO plugin. -->","yoast_head_json":{"title":"Foxy ecosostenible - Foxy","robots":{"index":"index","follow":"follow","max-snippet":"max-snippet:-1","max-image-preview":"max-image-preview:large","max-video-preview":"max-video-preview:-1"},"canonical":"https:\/\/www.foxy.eu\/es\/el-compromiso-de-foxy\/energia-renovable-y-fabricado-con-plastico-reciclado\/","og_locale":"es_ES","og_type":"article","og_title":"Foxy ecosostenible - Foxy","og_description":"[vc_row full_width=\u00bbstretch_row\u00bb full_height=\u00bbyes\u00bb columns_placement=\u00bbtop\u00bb equal_height=\u00bbyes\u00bb content_placement=\u00bbtop\u00bb el_class=\u00bbmbot100 row-sostenibilita\u00bb][vc_column width=\u00bb1\/2&#8243; offset=\u00bbvc_col-lg-offset-1 vc_col-lg-5&#8243; el_class=\u00bbcolonna-sostenibilita-ing-titlecolor\u00bb][vc_column_text el_class=\u00bbcolonna-sostenibilita&#8211;title-col azzurro\u00bb] PRODUCTO ELABORADO CON 100% ENERG\u00cdA EL\u00c9CTRICA RENOVABLE [\/vc_column_text][vc_single_image image=\u00bb12718&#8243; img_size=\u00bblarge\u00bb alignment=\u00bbcenter\u00bb][vc_empty_space][vc_column_text el_class=\u00bbcolonna-sostenibilita&#8211;text\u00bb] La energ\u00eda de Foxy...","og_url":"https:\/\/www.foxy.eu\/es\/el-compromiso-de-foxy\/energia-renovable-y-fabricado-con-plastico-reciclado\/","og_site_name":"Foxy","article_publisher":"https:\/\/www.facebook.com\/Foxy.Italia","article_modified_time":"2025-07-22T15:54:12+00:00","twitter_card":"summary_large_image","twitter_misc":{"Est. reading time":"2 minutos"},"schema":{"@context":"https:\/\/schema.org","@graph":[{"@type":"WebPage","@id":"https:\/\/www.foxy.eu\/es\/el-compromiso-de-foxy\/energia-renovable-y-fabricado-con-plastico-reciclado\/","url":"https:\/\/www.foxy.eu\/es\/el-compromiso-de-foxy\/energia-renovable-y-fabricado-con-plastico-reciclado\/","name":"Foxy ecosostenible - Foxy","isPartOf":{"@id":"https:\/\/www.foxy.eu\/#website"},"datePublished":"2025-07-22T13:41:11+00:00","dateModified":"2025-07-22T15:54:12+00:00","breadcrumb":{"@id":"https:\/\/www.foxy.eu\/es\/el-compromiso-de-foxy\/energia-renovable-y-fabricado-con-plastico-reciclado\/#breadcrumb"},"inLanguage":"es","potentialAction":[{"@type":"ReadAction","target":["https:\/\/www.foxy.eu\/es\/el-compromiso-de-foxy\/energia-renovable-y-fabricado-con-plastico-reciclado\/"]}]},{"@type":"BreadcrumbList","@id":"https:\/\/www.foxy.eu\/es\/el-compromiso-de-foxy\/energia-renovable-y-fabricado-con-plastico-reciclado\/#breadcrumb","itemListElement":[{"@type":"ListItem","position":1,"name":"Home","item":"https:\/\/www.foxy.eu\/es\/"},{"@type":"ListItem","position":2,"name":"El compromiso de Foxy","item":"https:\/\/www.foxy.eu\/es\/el-compromiso-de-foxy\/"},{"@type":"ListItem","position":3,"name":"Foxy ecosostenible"}]},{"@type":"WebSite","@id":"https:\/\/www.foxy.eu\/#website","url":"https:\/\/www.foxy.eu\/","name":"Foxy","description":"Un nuovo sito targato WordPress","publisher":{"@id":"https:\/\/www.foxy.eu\/#organization"},"alternateName":"Scopri tutta la gamma di prodotti e iniziative Foxy. Abbiamo pensato a un mondo su misura per te.","potentialAction":[{"@type":"SearchAction","target":{"@type":"EntryPoint","urlTemplate":"https:\/\/www.foxy.eu\/?s={search_term_string}"},"query-input":"required name=search_term_string"}],"inLanguage":"es"},{"@type":"Organization","@id":"https:\/\/www.foxy.eu\/#organization","name":"Foxy | Sempre vicina a te!","alternateName":"Scopri tutta la gamma di prodotti e iniziative Foxy. Abbiamo pensato a un mondo su misura per te.","url":"https:\/\/www.foxy.eu\/","logo":{"@type":"ImageObject","inLanguage":"es","@id":"https:\/\/www.foxy.eu\/#\/schema\/logo\/image\/","url":"https:\/\/enkaz3824io.exactdn.com\/wp-content\/uploads\/2020\/07\/hp_big_logo@2x.png?strip=all&lossy=1&ssl=1","contentUrl":"https:\/\/enkaz3824io.exactdn.com\/wp-content\/uploads\/2020\/07\/hp_big_logo@2x.png?strip=all&lossy=1&ssl=1","width":518,"height":366,"caption":"Foxy | Sempre vicina a te!"},"image":{"@id":"https:\/\/www.foxy.eu\/#\/schema\/logo\/image\/"},"sameAs":["https:\/\/www.instagram.com\/foxy\/","https:\/\/www.youtube.com\/channel\/UCpCfvrNg7u0O0jSeH9B9ygA","https:\/\/www.facebook.com\/Foxy.Italia"]}]}},"_links":{"self":[{"href":"https:\/\/www.foxy.eu\/es\/wp-json\/wp\/v2\/pages\/21665"}],"collection":[{"href":"https:\/\/www.foxy.eu\/es\/wp-json\/wp\/v2\/pages"}],"about":[{"href":"https:\/\/www.foxy.eu\/es\/wp-json\/wp\/v2\/types\/page"}],"author":[{"embeddable":true,"href":"https:\/\/www.foxy.eu\/es\/wp-json\/wp\/v2\/users\/1"}],"replies":[{"embeddable":true,"href":"https:\/\/www.foxy.eu\/es\/wp-json\/wp\/v2\/comments?post=21665"}],"version-history":[{"count":5,"href":"https:\/\/www.foxy.eu\/es\/wp-json\/wp\/v2\/pages\/21665\/revisions"}],"predecessor-version":[{"id":21670,"href":"https:\/\/www.foxy.eu\/es\/wp-json\/wp\/v2\/pages\/21665\/revisions\/21670"}],"up":[{"embeddable":true,"href":"https:\/\/www.foxy.eu\/es\/wp-json\/wp\/v2\/pages\/10795"}],"wp:attachment":[{"href":"https:\/\/www.foxy.eu\/es\/wp-json\/wp\/v2\/media?parent=21665"}],"wp:term":[{"taxonomy":"category","embeddable":true,"href":"https:\/\/www.foxy.eu\/es\/wp-json\/wp\/v2\/categories?post=21665"},{"taxonomy":"post_tag","embeddable":true,"href":"https:\/\/www.foxy.eu\/es\/wp-json\/wp\/v2\/tags?post=21665"}],"curies":[{"name":"wp","href":"https:\/\/api.w.org\/{rel}","templated":true}]}}