
{"id":21428,"date":"2025-06-23T16:58:25","date_gmt":"2025-06-23T14:58:25","guid":{"rendered":"https:\/\/www.foxy.eu\/?page_id=21428"},"modified":"2025-06-23T17:00:55","modified_gmt":"2025-06-23T15:00:55","slug":"privacy-cookie-policy","status":"publish","type":"page","link":"https:\/\/www.foxy.eu\/es\/privacy-cookie-policy\/","title":{"rendered":"Privacy &#038; Cookie Policy"},"content":{"rendered":"<p>[vc_row][vc_column width=\u00bb2\/3&#8243; offset=\u00bbvc_col-lg-offset-2 vc_col-md-offset-2 vc_col-sm-offset-2&#8243; css=\u00bb.vc_custom_1750690853086{margin-top: 120px !important;}\u00bb el_class=\u00bbprivacy-policy\u00bb][vc_column_text]<\/p>\n<h1>Pol\u00edtica de privacidad y uso de cookies conforme a los art\u00edculos 122, apartado 1, y 154, apartado 1, letra h], del C\u00f3digo de protecci\u00f3n de datos personales y al art\u00edculo 13 del Reglamento UE 2016\/679<\/h1>\n<p>Industrie Cartarie Tronchetti S.p.A. presta la m\u00e1xima atenci\u00f3n al respeto y protecci\u00f3n de su privacidad. A continuaci\u00f3n, le proporcionamos la informaci\u00f3n relativa al tratamiento de los datos personales de los usuarios [en adelante, los \u00abUsuarios\u00bb] que interact\u00faan con el sitio web www.foxy.eu [en adelante, el \u00abSitio\u00bb] de Industrie Cartarie Tronchetti S.p.A., con especial referencia al tratamiento de cookies recogidas durante la navegaci\u00f3n.<\/p>\n<p>La presente pol\u00edtica, por tanto, se refiere exclusivamente al posible tratamiento de datos personales de los usuarios por parte de Industrie Cartarie Tronchetti S.p.A. durante y con ocasi\u00f3n de la navegaci\u00f3n en el Sitio.<\/p>\n<p>Responsable del tratamiento. El responsable del tratamiento de los datos personales relativos a los Usuarios del Sitio es Industrie Cartarie Tronchetti S.p.A., con domicilio social en Piano della Rocca, 55023 Borgo a Mozzano [LU].<br \/>\nFinalidad del tratamiento de los datos. Los datos de los Usuarios son recogidos y utilizados para permitir la navegaci\u00f3n en el Sitio, mejorar la experiencia de navegaci\u00f3n y responder a eventuales solicitudes y comunicaciones de los Usuarios a trav\u00e9s del \u201cFormulario de Contacto\u201d presente en la p\u00e1gina web www.foxy.eu.<\/p>\n<p><strong>Tipos de datos tratados.<\/strong><\/p>\n<p><strong>Datos de navegaci\u00f3n:<\/strong> los sistemas inform\u00e1ticos y los procedimientos software que permiten el funcionamiento de este Sitio adquieren, durante su funcionamiento normal, algunos datos personales cuya transmisi\u00f3n est\u00e1 impl\u00edcita en el uso de los protocolos de comunicaci\u00f3n de Internet. Se trata de informaci\u00f3n que no se recoge para ser asociada a interesados identificados, pero que por su naturaleza podr\u00edan, mediante asociaciones con datos en poder de terceros, permitir identificar a los Usuarios. Esta categor\u00eda de datos incluye las direcciones IP o los nombres de dominio de los ordenadores utilizados por los Usuarios que se conectan al Sitio, las direcciones en notaci\u00f3n URI (Uniform Resource Identifier) de los recursos solicitados, la hora de la solicitud, el m\u00e9todo utilizado para realizar la solicitud al servidor, el tama\u00f1o del archivo obtenido en respuesta, el c\u00f3digo num\u00e9rico que indica el estado de la respuesta del servidor (por ejemplo, \u00e9xito, error, etc.) y otros par\u00e1metros relativos al sistema operativo y al entorno inform\u00e1tico del Usuario. Estos datos se utilizan \u00fanicamente con el fin de obtener informaci\u00f3n estad\u00edstica an\u00f3nima sobre el uso del Sitio, verificar su correcto funcionamiento y mejorar la experiencia de navegaci\u00f3n de los Usuarios, y se eliminan inmediatamente despu\u00e9s del procesamiento. Los datos podr\u00edan utilizarse para determinar responsabilidades en caso de delitos inform\u00e1ticos hipot\u00e9ticos en perjuicio del Sitio.<\/p>\n<p><strong>Datos proporcionados voluntariamente por los Usuarios:<\/strong> el env\u00edo voluntario y expl\u00edcito de datos a trav\u00e9s del \u201cFormulario de contacto\u201d presente en el Sitio implica la posterior adquisici\u00f3n del nombre, apellidos y direcci\u00f3n de correo electr\u00f3nico del remitente, necesarios para responder a las solicitudes, as\u00ed como de cualquier otro dato personal incluido en la comunicaci\u00f3n. Para el tratamiento de datos con tales fines no se requiere su consentimiento, ya que el tratamiento es necesario para la ejecuci\u00f3n de un contrato del que usted es parte o para la adopci\u00f3n de medidas precontractuales a solicitud suya [art. 6, apartado 1, letra b del Reglamento], as\u00ed como, cuando sea aplicable, para cumplir una obligaci\u00f3n legal [art. 6, apartado 1, letra c del Reglamento].<\/p>\n<p><strong>Seguimiento estad\u00edstico mediante servidor intermedio con Stape.io:<\/strong> con fines estad\u00edsticos y de optimizaci\u00f3n del rendimiento del Sitio, Industrie Cartarie Tronchetti S.p.A. utiliza una soluci\u00f3n de gesti\u00f3n de etiquetas del lado del servidor a trav\u00e9s de la plataforma Stape.io, que act\u00faa como nuestro Encargado del Tratamiento de datos \u00fanicamente para este servicio. Los servidores utilizados para este fin est\u00e1n ubicados dentro de la Uni\u00f3n Europea. Puede consultar la pol\u00edtica de privacidad de Stape aqu\u00ed. Este sistema permite gestionar las etiquetas de seguimiento (por ejemplo, Google Analytics, Meta Pixel) mediante un servidor intermedio controlado por el Responsable, reduciendo as\u00ed la exposici\u00f3n directa de datos personales a terceros.\u2028Los datos recogidos mediante este m\u00e9todo incluyen informaci\u00f3n sobre el dispositivo, navegador, direcci\u00f3n IP anonimizada, p\u00e1ginas visitadas, eventos de navegaci\u00f3n y URL de referencia, as\u00ed como informaci\u00f3n t\u00e9cnica \u00fatil para la medici\u00f3n y an\u00e1lisis del tr\u00e1fico. Esta configuraci\u00f3n tambi\u00e9n permite filtrar, agregar y anonimizar los datos antes de enviarlos eventualmente a servicios de an\u00e1lisis estad\u00edstico, garantizando un mayor nivel de protecci\u00f3n de los datos personales. El tratamiento se basa en el inter\u00e9s leg\u00edtimo del Responsable seg\u00fan el art. 6, apartado 1, letra f del Reglamento, y las tecnolog\u00edas no esenciales solo se activan con el consentimiento previo del Usuario, tal como se indica en el banner o panel de gesti\u00f3n de cookies. El Usuario puede modificar o revocar su consentimiento en cualquier momento accediendo a la configuraci\u00f3n correspondiente en el sitio web.<\/p>\n<p><strong>Car\u00e1cter facultativo de la aportaci\u00f3n de datos.<\/strong> A excepci\u00f3n de los datos de navegaci\u00f3n y cookies, el Usuario es libre de proporcionar sus datos personales para solicitar el env\u00edo de material informativo u otras comunicaciones.<\/p>\n<p><strong>Modalidades de tratamiento de los datos.<\/strong> El tratamiento se realiza mediante herramientas automatizadas [por ejemplo, procedimientos y soportes electr\u00f3nicos] durante el tiempo estrictamente necesario para alcanzar los fines para los cuales se han recogido los datos y, en todo caso, conforme a las disposiciones legales vigentes. Se observan medidas espec\u00edficas de seguridad para prevenir la p\u00e9rdida de los datos, usos il\u00edcitos o incorrectos y accesos no autorizados. Los datos son tratados por empleados autorizados por el Responsable del tratamiento y por los encargados del tratamiento que hayan sido nombrados.<\/p>\n<p><strong>Seguridad de los datos personales.<\/strong> ndustrie Cartarie Tronchetti S.p.A. adopta medidas de seguridad destinadas a proteger la confidencialidad, integridad, totalidad y disponibilidad de los datos personales.<\/p>\n<p><strong>Tratamiento de cookies.<\/strong> Las cookies son cadenas de texto peque\u00f1as que los sitios visitados por el usuario env\u00edan al navegador de su terminal, donde se almacenan para ser retransmitidas a los mismos sitios en visitas sucesivas. Durante la navegaci\u00f3n en un sitio, el usuario puede recibir tambi\u00e9n cookies enviadas por sitios o servidores web distintos (las llamadas \u00abterceras partes\u00bb), en los que pueden residir algunos elementos (por ejemplo, im\u00e1genes, mapas, sonidos, enlaces espec\u00edficos a p\u00e1ginas de otros dominios) presentes en el sitio que est\u00e1 visitando. Las cookies pueden tener diversas funciones:<br \/>\nCookies t\u00e9cnicas: permiten recordar al usuario durante su navegaci\u00f3n en el sitio web. Los datos derivados de estas cookies no requieren consentimiento, ya que el tratamiento es necesario para la ejecuci\u00f3n de un contrato del que el interesado forma parte.<br \/>\nCookies anal\u00edticas: recogen informaci\u00f3n agregada sobre las partes del sitio web m\u00e1s frecuentadas y supervisan los mensajes promocionales del sitio, con el fin de mejorar los contenidos y facilitar la navegaci\u00f3n. Los datos derivados de estas cookies se tratan sobre la base de su consentimiento libre e informado. El consentimiento se otorga al continuar navegando tras el cierre del banner informativo de cookies. Conforme al art. 7 del Reglamento UE 2016\/679, el consentimiento puede revocarse en cualquier momento con los mismos medios con que fue otorgado.<br \/>\nCookies de perfilado: tienen por objetivo crear perfiles del usuario en funci\u00f3n de su experiencia de navegaci\u00f3n, no solo en un \u00fanico sitio, sino en general en toda la web, y se utilizan para enviar mensajes publicitarios acordes a las preferencias expresadas por el usuario durante la navegaci\u00f3n en l\u00ednea. Los datos derivados de estas cookies se tratan con base en su consentimiento libre e informado. El consentimiento se otorga al continuar navegando tras el cierre del banner informativo de cookies. Conforme al art. 7 del Reglamento UE 2016\/679, el consentimiento puede revocarse en cualquier momento con los mismos medios con que fue otorgado.<\/p>\n<p><strong>Cookies instaladas por el sitio:<\/strong><\/p>\n<p><strong>Cookies t\u00e9cnicas:<\/strong> pueden subdividirse en cookies de navegaci\u00f3n o de sesi\u00f3n, que garantizan la navegaci\u00f3n y utilizaci\u00f3n normales del sitio web; cookies anal\u00edticas, asimiladas a cookies t\u00e9cnicas cuando son utilizadas directamente por el operador del sitio para recoger informaci\u00f3n agregada sobre el n\u00famero de usuarios y c\u00f3mo visitan el sitio; cookies de funcionalidad, que permiten al Usuario navegar seg\u00fan una serie de criterios seleccionados (por ejemplo, el idioma) con el fin de mejorar el servicio ofrecido. Para la instalaci\u00f3n de estas cookies no se requiere el consentimiento previo de los usuarios.<\/p>\n<p><strong>Cookies de perfilado de terceros:<\/strong> stas cookies permiten crear un perfil an\u00f3nimo de los usuarios en base a su experiencia de navegaci\u00f3n en este y otros sitios. De este modo, se puede ofrecer al usuario, durante su navegaci\u00f3n, publicidad dirigida a sus intereses en lugar de publicidad gen\u00e9rica. Estas cookies no son gestionadas por nuestra empresa y se conocen como cookies de terceros.<\/p>\n<p><strong>Enlaces de cookies de plug-ins de redes sociales:<\/strong> Industrie Cartarie Tronchetti S.p.A. informa que las cookies de redes sociales no est\u00e1n presentes en los sitios de su propiedad y no se env\u00edan al terminal del usuario. Estas cookies, absolutamente no necesarias para la navegaci\u00f3n, se activan \u00fanicamente al acceder a la p\u00e1gina web correspondiente haciendo clic en los respectivos iconos o entrando en los respectivos sitios sociales, a los cuales se remite para obtener m\u00e1s informaci\u00f3n y desactivar su almacenamiento en el terminal del usuario:<\/p>\n<p><a href=\"https:\/\/www.facebook.com\/Foxy.Italia\">Facebook<\/a>, <a href=\"https:\/\/www.youtube.com\/channel\/UCpCfvrNg7u0O0jSeH9B9ygA\">Youtube<\/a>, <a href=\"https:\/\/www.instagram.com\/foxy\/\">Instagram<\/a><\/p>\n<p>Tenga en cuenta que, si desactiva las cookies, no tendr\u00e1 acceso a muchas funciones que mejoran la eficiencia de este sitio.<\/p>\n<p>A continuaci\u00f3n, encontrar\u00e1 detalles de las cookies individuales enviadas por el sitio y m\u00e1s informaci\u00f3n \u00fatil para comprender su uso.[\/vc_column_text][\/vc_column][\/vc_row][vc_row][vc_column width=\u00bb2\/3&#8243; offset=\u00bbvc_col-lg-offset-2 vc_col-md-offset-2 vc_col-sm-offset-2&#8243;][vc_column_text]<script id=\"CookieDeclaration\" src=\"https:\/\/consent.cookiebot.com\/04bf182a-380e-4d96-9e62-ca563236715e\/cd.js\" type=\"text\/javascript\" async><\/script>[\/vc_column_text][vc_column_text]<b>Comunicaci\u00f3n de datos a terceros. <\/b><span style=\"font-weight: 400;\">Salvo en el caso de cualquier tratamiento realizado por terceros designados por el titular para la gesti\u00f3n del Sitio, debidamente designados como responsables externos del tratamiento, ning\u00fan dato recopilado durante la navegaci\u00f3n del Usuario en el Sitio se comunica a terceros ni se divulga.<\/span><\/p>\n<p>&nbsp;<\/p>\n<p><b>Sus derechos. <\/b><span style=\"font-weight: 400;\">De conformidad con los art\u00edculos 15 a 22 del Reglamento (UE) 2016\/679, usted tendr\u00e1 derecho en cualquier momento a: [I] obtener la confirmaci\u00f3n de la existencia o no de datos personales que le conciernen; [II] conocer la finalidad y los m\u00e9todos del tratamiento, los destinatarios de dichos datos y el plazo de conservaci\u00f3n; [III] obtener la rectificaci\u00f3n o supresi\u00f3n y, en su caso, la limitaci\u00f3n del tratamiento; [IV] oponerse al tratamiento; [V] en su caso, recibir en un formato estructurado, de uso com\u00fan y lectura mec\u00e1nica los datos personales que le conciernen facilitados a la Empresa y transmitirlos a otro responsable del tratamiento sin que la Empresa lo impida; [VI] presentar una reclamaci\u00f3n ante la Autoridad de Protecci\u00f3n de Datos Personales. Las solicitudes deben dirigirse al titular por correo electr\u00f3nico a<\/span><a href=\"mailto:privacy@ictit.eu\"><span style=\"font-weight: 400;\">privacy@ictit.eu<\/span><\/a><span style=\"font-weight: 400;\">.<\/span><\/p>\n<p>&nbsp;<\/p>\n<p><b> Enlaces a otros sitios web. <\/b><span style=\"font-weight: 400;\"> Esta pol\u00edtica de privacidad se refiere exclusivamente al Sitio. El Sitio contiene enlaces a sitios web de terceros, sobre los cuales el propietario no ejerce ning\u00fan tipo de control. Por lo tanto, el propietario no ser\u00e1 responsable en ning\u00fan caso del tratamiento de datos personales que dichos terceros puedan realizar.\u00a0<\/span>[\/vc_column_text][\/vc_column][\/vc_row]<\/p>\n","protected":false},"excerpt":{"rendered":"<p>[vc_row][vc_column width=\u00bb2\/3&#8243; offset=\u00bbvc_col-lg-offset-2 vc_col-md-offset-2 vc_col-sm-offset-2&#8243; css=\u00bb.vc_custom_1750690853086{margin-top: 120px !important;}\u00bb el_class=\u00bbprivacy-policy\u00bb][vc_column_text] Pol\u00edtica de privacidad y uso de cookies conforme a los art\u00edculos 122, apartado 1, y 154, apartado 1, letra h], del&#8230;<\/p>\n","protected":false},"author":1,"featured_media":0,"parent":0,"menu_order":0,"comment_status":"closed","ping_status":"open","template":"template-page-mondo-foxy.php","meta":[],"categories":[],"tags":[],"yoast_head":"<!-- This site is optimized with the Yoast SEO plugin v19.14 - https:\/\/yoast.com\/wordpress\/plugins\/seo\/ -->\n<title>Privacy &amp; Cookie Policy - Foxy<\/title>\n<meta name=\"robots\" content=\"index, follow, max-snippet:-1, max-image-preview:large, max-video-preview:-1\" \/>\n<link rel=\"canonical\" href=\"https:\/\/www.foxy.eu\/es\/privacy-cookie-policy\/\" \/>\n<meta property=\"og:locale\" content=\"es_ES\" \/>\n<meta property=\"og:type\" content=\"article\" \/>\n<meta property=\"og:title\" content=\"Privacy &amp; Cookie Policy - Foxy\" \/>\n<meta property=\"og:description\" content=\"[vc_row][vc_column width=\u00bb2\/3&#8243; offset=\u00bbvc_col-lg-offset-2 vc_col-md-offset-2 vc_col-sm-offset-2&#8243; css=\u00bb.vc_custom_1750690853086{margin-top: 120px !important;}\u00bb el_class=\u00bbprivacy-policy\u00bb][vc_column_text] Pol\u00edtica de privacidad y uso de cookies conforme a los art\u00edculos 122, apartado 1, y 154, apartado 1, letra h], del...\" \/>\n<meta property=\"og:url\" content=\"https:\/\/www.foxy.eu\/es\/privacy-cookie-policy\/\" \/>\n<meta property=\"og:site_name\" content=\"Foxy\" \/>\n<meta property=\"article:publisher\" content=\"https:\/\/www.facebook.com\/Foxy.Italia\" \/>\n<meta property=\"article:modified_time\" content=\"2025-06-23T15:00:55+00:00\" \/>\n<meta name=\"twitter:card\" content=\"summary_large_image\" \/>\n<meta name=\"twitter:label1\" content=\"Est. reading time\" \/>\n\t<meta name=\"twitter:data1\" content=\"10 minutos\" \/>\n<script type=\"application\/ld+json\" class=\"yoast-schema-graph\">{\"@context\":\"https:\/\/schema.org\",\"@graph\":[{\"@type\":\"WebPage\",\"@id\":\"https:\/\/www.foxy.eu\/es\/privacy-cookie-policy\/\",\"url\":\"https:\/\/www.foxy.eu\/es\/privacy-cookie-policy\/\",\"name\":\"Privacy & Cookie Policy - Foxy\",\"isPartOf\":{\"@id\":\"https:\/\/www.foxy.eu\/#website\"},\"datePublished\":\"2025-06-23T14:58:25+00:00\",\"dateModified\":\"2025-06-23T15:00:55+00:00\",\"breadcrumb\":{\"@id\":\"https:\/\/www.foxy.eu\/es\/privacy-cookie-policy\/#breadcrumb\"},\"inLanguage\":\"es\",\"potentialAction\":[{\"@type\":\"ReadAction\",\"target\":[\"https:\/\/www.foxy.eu\/es\/privacy-cookie-policy\/\"]}]},{\"@type\":\"BreadcrumbList\",\"@id\":\"https:\/\/www.foxy.eu\/es\/privacy-cookie-policy\/#breadcrumb\",\"itemListElement\":[{\"@type\":\"ListItem\",\"position\":1,\"name\":\"Home\",\"item\":\"https:\/\/www.foxy.eu\/es\/\"},{\"@type\":\"ListItem\",\"position\":2,\"name\":\"Privacy &#038; Cookie Policy\"}]},{\"@type\":\"WebSite\",\"@id\":\"https:\/\/www.foxy.eu\/#website\",\"url\":\"https:\/\/www.foxy.eu\/\",\"name\":\"Foxy\",\"description\":\"Un nuovo sito targato WordPress\",\"publisher\":{\"@id\":\"https:\/\/www.foxy.eu\/#organization\"},\"alternateName\":\"Scopri tutta la gamma di prodotti e iniziative Foxy. Abbiamo pensato a un mondo su misura per te.\",\"potentialAction\":[{\"@type\":\"SearchAction\",\"target\":{\"@type\":\"EntryPoint\",\"urlTemplate\":\"https:\/\/www.foxy.eu\/?s={search_term_string}\"},\"query-input\":\"required name=search_term_string\"}],\"inLanguage\":\"es\"},{\"@type\":\"Organization\",\"@id\":\"https:\/\/www.foxy.eu\/#organization\",\"name\":\"Foxy | Sempre vicina a te!\",\"alternateName\":\"Scopri tutta la gamma di prodotti e iniziative Foxy. Abbiamo pensato a un mondo su misura per te.\",\"url\":\"https:\/\/www.foxy.eu\/\",\"logo\":{\"@type\":\"ImageObject\",\"inLanguage\":\"es\",\"@id\":\"https:\/\/www.foxy.eu\/#\/schema\/logo\/image\/\",\"url\":\"https:\/\/enkaz3824io.exactdn.com\/wp-content\/uploads\/2020\/07\/hp_big_logo@2x.png?strip=all&lossy=1&ssl=1\",\"contentUrl\":\"https:\/\/enkaz3824io.exactdn.com\/wp-content\/uploads\/2020\/07\/hp_big_logo@2x.png?strip=all&lossy=1&ssl=1\",\"width\":518,\"height\":366,\"caption\":\"Foxy | Sempre vicina a te!\"},\"image\":{\"@id\":\"https:\/\/www.foxy.eu\/#\/schema\/logo\/image\/\"},\"sameAs\":[\"https:\/\/www.instagram.com\/foxy\/\",\"https:\/\/www.youtube.com\/channel\/UCpCfvrNg7u0O0jSeH9B9ygA\",\"https:\/\/www.facebook.com\/Foxy.Italia\"]}]}<\/script>\n<!-- \/ Yoast SEO plugin. -->","yoast_head_json":{"title":"Privacy & Cookie Policy - Foxy","robots":{"index":"index","follow":"follow","max-snippet":"max-snippet:-1","max-image-preview":"max-image-preview:large","max-video-preview":"max-video-preview:-1"},"canonical":"https:\/\/www.foxy.eu\/es\/privacy-cookie-policy\/","og_locale":"es_ES","og_type":"article","og_title":"Privacy & Cookie Policy - Foxy","og_description":"[vc_row][vc_column width=\u00bb2\/3&#8243; offset=\u00bbvc_col-lg-offset-2 vc_col-md-offset-2 vc_col-sm-offset-2&#8243; css=\u00bb.vc_custom_1750690853086{margin-top: 120px !important;}\u00bb el_class=\u00bbprivacy-policy\u00bb][vc_column_text] Pol\u00edtica de privacidad y uso de cookies conforme a los art\u00edculos 122, apartado 1, y 154, apartado 1, letra h], del...","og_url":"https:\/\/www.foxy.eu\/es\/privacy-cookie-policy\/","og_site_name":"Foxy","article_publisher":"https:\/\/www.facebook.com\/Foxy.Italia","article_modified_time":"2025-06-23T15:00:55+00:00","twitter_card":"summary_large_image","twitter_misc":{"Est. reading time":"10 minutos"},"schema":{"@context":"https:\/\/schema.org","@graph":[{"@type":"WebPage","@id":"https:\/\/www.foxy.eu\/es\/privacy-cookie-policy\/","url":"https:\/\/www.foxy.eu\/es\/privacy-cookie-policy\/","name":"Privacy & Cookie Policy - Foxy","isPartOf":{"@id":"https:\/\/www.foxy.eu\/#website"},"datePublished":"2025-06-23T14:58:25+00:00","dateModified":"2025-06-23T15:00:55+00:00","breadcrumb":{"@id":"https:\/\/www.foxy.eu\/es\/privacy-cookie-policy\/#breadcrumb"},"inLanguage":"es","potentialAction":[{"@type":"ReadAction","target":["https:\/\/www.foxy.eu\/es\/privacy-cookie-policy\/"]}]},{"@type":"BreadcrumbList","@id":"https:\/\/www.foxy.eu\/es\/privacy-cookie-policy\/#breadcrumb","itemListElement":[{"@type":"ListItem","position":1,"name":"Home","item":"https:\/\/www.foxy.eu\/es\/"},{"@type":"ListItem","position":2,"name":"Privacy &#038; Cookie Policy"}]},{"@type":"WebSite","@id":"https:\/\/www.foxy.eu\/#website","url":"https:\/\/www.foxy.eu\/","name":"Foxy","description":"Un nuovo sito targato WordPress","publisher":{"@id":"https:\/\/www.foxy.eu\/#organization"},"alternateName":"Scopri tutta la gamma di prodotti e iniziative Foxy. Abbiamo pensato a un mondo su misura per te.","potentialAction":[{"@type":"SearchAction","target":{"@type":"EntryPoint","urlTemplate":"https:\/\/www.foxy.eu\/?s={search_term_string}"},"query-input":"required name=search_term_string"}],"inLanguage":"es"},{"@type":"Organization","@id":"https:\/\/www.foxy.eu\/#organization","name":"Foxy | Sempre vicina a te!","alternateName":"Scopri tutta la gamma di prodotti e iniziative Foxy. Abbiamo pensato a un mondo su misura per te.","url":"https:\/\/www.foxy.eu\/","logo":{"@type":"ImageObject","inLanguage":"es","@id":"https:\/\/www.foxy.eu\/#\/schema\/logo\/image\/","url":"https:\/\/enkaz3824io.exactdn.com\/wp-content\/uploads\/2020\/07\/hp_big_logo@2x.png?strip=all&lossy=1&ssl=1","contentUrl":"https:\/\/enkaz3824io.exactdn.com\/wp-content\/uploads\/2020\/07\/hp_big_logo@2x.png?strip=all&lossy=1&ssl=1","width":518,"height":366,"caption":"Foxy | Sempre vicina a te!"},"image":{"@id":"https:\/\/www.foxy.eu\/#\/schema\/logo\/image\/"},"sameAs":["https:\/\/www.instagram.com\/foxy\/","https:\/\/www.youtube.com\/channel\/UCpCfvrNg7u0O0jSeH9B9ygA","https:\/\/www.facebook.com\/Foxy.Italia"]}]}},"_links":{"self":[{"href":"https:\/\/www.foxy.eu\/es\/wp-json\/wp\/v2\/pages\/21428"}],"collection":[{"href":"https:\/\/www.foxy.eu\/es\/wp-json\/wp\/v2\/pages"}],"about":[{"href":"https:\/\/www.foxy.eu\/es\/wp-json\/wp\/v2\/types\/page"}],"author":[{"embeddable":true,"href":"https:\/\/www.foxy.eu\/es\/wp-json\/wp\/v2\/users\/1"}],"replies":[{"embeddable":true,"href":"https:\/\/www.foxy.eu\/es\/wp-json\/wp\/v2\/comments?post=21428"}],"version-history":[{"count":2,"href":"https:\/\/www.foxy.eu\/es\/wp-json\/wp\/v2\/pages\/21428\/revisions"}],"predecessor-version":[{"id":21430,"href":"https:\/\/www.foxy.eu\/es\/wp-json\/wp\/v2\/pages\/21428\/revisions\/21430"}],"wp:attachment":[{"href":"https:\/\/www.foxy.eu\/es\/wp-json\/wp\/v2\/media?parent=21428"}],"wp:term":[{"taxonomy":"category","embeddable":true,"href":"https:\/\/www.foxy.eu\/es\/wp-json\/wp\/v2\/categories?post=21428"},{"taxonomy":"post_tag","embeddable":true,"href":"https:\/\/www.foxy.eu\/es\/wp-json\/wp\/v2\/tags?post=21428"}],"curies":[{"name":"wp","href":"https:\/\/api.w.org\/{rel}","templated":true}]}}