
{"id":12621,"date":"2023-03-31T17:02:12","date_gmt":"2023-03-31T15:02:12","guid":{"rendered":"https:\/\/www.foxy.eu\/?page_id=12621"},"modified":"2023-04-03T14:37:50","modified_gmt":"2023-04-03T12:37:50","slug":"juega-tu-papel","status":"publish","type":"page","link":"https:\/\/www.foxy.eu\/es\/el-compromiso-de-foxy\/juega-tu-papel\/","title":{"rendered":"Juega tu papel"},"content":{"rendered":"<p>[vc_row full_width=\u00bbstretch_row_content\u00bb equal_height=\u00bbyes\u00bb content_placement=\u00bbmiddle\u00bb el_class=\u00bbsotto-hero\u00bb][vc_column width=\u00bb1\/3&#8243;]<div class=\" ubtn-ctn-left btn-freccia btn-freccia-back\"><a class=\"ubtn-link ult-adjust-bottom-margin ubtn-left ubtn-large btn-freccia btn-freccia-back\" href=\"https:\/\/www.foxy.eu\/es\/el-compromiso-de-foxy\/\" title=\"El compromiso de Foxy\" ><button type=\"button\" id=\"ubtn-3236\"  class=\"ubtn ult-adjust-bottom-margin ult-responsive ubtn-large ubtn-no-hover-bg  none  ubtn-left   tooltip-69f08a1b4efee\"  data-hover=\"\" data-border-color=\"\" data-bg=\"\" data-hover-bg=\"\" data-border-hover=\"\" data-shadow-hover=\"\" data-shadow-click=\"none\" data-shadow=\"\" data-shd-shadow=\"\"  data-ultimate-target='#ubtn-3236'  data-responsive-json-new='{\"font-size\":\"\",\"line-height\":\"\"}'  style=\"font-weight:normal;border:none;\"><span class=\"ubtn-hover\" style=\"background-color:\"><\/span><span class=\"ubtn-data ubtn-text \" >El compromiso de Foxy<\/span><\/button><\/a><\/div>[\/vc_column][vc_column width=\u00bb1\/3&#8243;][vc_single_image image=\u00bb12629&#8243; img_size=\u00bbfull\u00bb alignment=\u00bbcenter\u00bb el_class=\u00bblogo-associazione\u00bb][\/vc_column][vc_column width=\u00bb1\/3&#8243;][\/vc_column][\/vc_row][vc_row el_class=\u00bbmbot60&#8243;][vc_column width=\u00bb5\/6&#8243; offset=\u00bbvc_col-lg-offset-2 vc_col-lg-8 vc_col-md-offset-2 vc_col-md-8 vc_col-sm-offset-1&#8243;][vc_column_text el_class=\u00bbtext-center\u00bb]<\/p>\n<h2>Foxy, junto con la Fundaci\u00f3n Alcoraz y CO2 Gesti\u00f3n, inician un proyecto de reforestaci\u00f3n impulsando la creaci\u00f3n de espacios verdes.<\/h2>\n<p>[\/vc_column_text][\/vc_column][\/vc_row][vc_row full_width=\u00bbstretch_row\u00bb equal_height=\u00bbyes\u00bb content_placement=\u00bbmiddle\u00bb el_class=\u00bbmbot100&#8243;][vc_column width=\u00bb1\/2&#8243;][vc_single_image image=\u00bb12637&#8243; img_size=\u00bbfull\u00bb el_class=\u00bbimg-radius img-shadow-basso-destra\u00bb][\/vc_column][vc_column width=\u00bb1\/2&#8243; offset=\u00bbvc_col-lg-offset-1 vc_col-lg-4&#8243;][vc_column_text]<\/p>\n<h3><strong>Juega tu papel<\/strong> es un proyecto sostenible y social cuya finalidad es repoblar diversas zonas geogr\u00e1ficas en todo el \u00e1mbito nacional para concienciar a la sociedad de la importancia que tiene el medioambiente en el mundo que vivimos.<\/h3>\n<p>[\/vc_column_text][vc_column_text]Las acciones no solo van a contribuir con el medio ambiente, sino que tambi\u00e9n van a ayudar a generar empleo local en zonas de riesgo de despoblaci\u00f3n. <strong>Anualmente se llevar\u00e1 a cabo la plantaci\u00f3n de 3.000 \u00e1rboles, distribuidos en tres \u00e1reas del territorio nacional.<\/strong>[\/vc_column_text][\/vc_column][\/vc_row][vc_row full_width=\u00bbstretch_row\u00bb equal_height=\u00bbyes\u00bb content_placement=\u00bbmiddle\u00bb el_class=\u00bbrow-mappa-es-green mbot100&#8243;][vc_column offset=\u00bbvc_col-lg-offset-1 vc_col-lg-4&#8243;][vc_column_text]<\/p>\n<h3><strong><span style=\"color: #ffffff;\">Un compromiso plurianual, un camino compuesto de acciones concretas en toda Espa\u00f1a.<\/span><\/strong><\/h3>\n<p>[\/vc_column_text][vc_column_text]<span style=\"color: #ffffff;\">Los principales objetivos del proyecto son ayudar a <strong>mitigar los efectos del cambio clim\u00e1tico a trav\u00e9s de la reforestaci\u00f3n<\/strong>, contribuir a la purificaci\u00f3n del aire y la atm\u00f3sfera, compensar la huella de carbono, <strong>crear espacios verdes y generar empleo local.<\/strong><\/span>[\/vc_column_text][\/vc_column][vc_column width=\u00bb1\/2&#8243; offset=\u00bbvc_col-lg-offset-0&#8243; el_class=\u00bbfx-img-map-mobile\u00bb][vc_single_image image=\u00bb12647&#8243; img_size=\u00bbfull\u00bb alignment=\u00bbcenter\u00bb][\/vc_column][\/vc_row][vc_row equal_height=\u00bbyes\u00bb content_placement=\u00bbmiddle\u00bb el_class=\u00bbmbot100&#8243;][vc_column width=\u00bb1\/2&#8243; offset=\u00bbvc_col-lg-offset-1 vc_col-lg-4&#8243;][vc_column_text]<\/p>\n<h3><span style=\"color: #1e2d75;\"><strong>\u00c1REA 1<\/strong><\/span><\/h3>\n<p>[\/vc_column_text][vc_column_text]<strong><span style=\"color: #1e2d75;\">Municipio:<\/span><\/strong> Pina de Ebro (Zaragoza)<\/p>\n<p><span style=\"color: #1e2d75;\"><strong>Destacable:<\/strong><\/span> En la Ribera Baja del Ebro, m\u00e1s concretamente en el municipio de Pina de Ebro. Se trata de una parcela agr\u00edcola en desuso que va a ser transformada a bosque con los objetivos de reducir la p\u00e9rdida de suelo por erosi\u00f3n y crear una nueva zona de refugio para la fauna cineg\u00e9tica.<\/p>\n<p><span style=\"color: #1e2d75;\"><strong>N\u00famero de \u00e1rboles a plantar:<\/strong><\/span> 1.000 ud.<\/p>\n<p><span style=\"color: #1e2d75;\"><strong>Especies:<\/strong><\/span> Juniperus thurifera (sabina), Juniperus phoenicea (sabina), Pinus halepensis (pino)[\/vc_column_text][\/vc_column][vc_column width=\u00bb1\/2&#8243; offset=\u00bbvc_col-lg-offset-1&#8243;][vc_single_image image=\u00bb12653&#8243; img_size=\u00bbfull\u00bb el_class=\u00bbimg-radius img-shadow-basso-destra\u00bb][\/vc_column][\/vc_row][vc_row equal_height=\u00bbyes\u00bb content_placement=\u00bbmiddle\u00bb el_class=\u00bbmbot100&#8243;][vc_column width=\u00bb1\/2&#8243; offset=\u00bbvc_col-lg-offset-0&#8243;][vc_single_image image=\u00bb12661&#8243; img_size=\u00bbfull\u00bb el_class=\u00bbimg-radius img-shadow-basso-destra\u00bb][\/vc_column][vc_column width=\u00bb1\/2&#8243; offset=\u00bbvc_col-lg-offset-1 vc_col-lg-4&#8243;][vc_column_text]<\/p>\n<h3><strong><span style=\"color: #1e2d75;\">\u00c1REA 2<\/span><br \/>\n<\/strong><\/h3>\n<p>[\/vc_column_text][vc_column_text]<span style=\"color: #1e2d75;\"><strong>Municipio:<\/strong><\/span> Ribas de Saelices (Guadalajara)<\/p>\n<p><span style=\"color: #1e2d75;\"><strong>Destacable:<\/strong><\/span> Es una parcela de bosque en las inmediaciones del Parque Natural del Alto Tajo. \u00c9sta fue afectada por un tr\u00e1gico incendio ocurrido en 2005 en el que perdieron la vida luchando contra el fuego once personas, y que se origin\u00f3 por el encendido de una barbacoa por unos excursionistas.<\/p>\n<p><span style=\"color: #1e2d75;\"><strong>N\u00famero de \u00e1rboles a plantar:<\/strong><\/span> 1.000 ud.<\/p>\n<p><span style=\"color: #1e2d75;\"><strong>Especies:<\/strong><\/span> est\u00e1 previsto que la localizaci\u00f3n se reforeste con \u00e1rboles de la especie Juniperus thurifera (sabinas) principalmente, con alg\u00fan acompa\u00f1ante tipo Crataegus monogyna (espino)[\/vc_column_text][\/vc_column][\/vc_row][vc_row equal_height=\u00bbyes\u00bb content_placement=\u00bbmiddle\u00bb el_class=\u00bbmbot100&#8243;][vc_column width=\u00bb1\/2&#8243; offset=\u00bbvc_col-lg-offset-1 vc_col-lg-4&#8243;][vc_column_text]<\/p>\n<h3><span style=\"color: #1e2d75;\"><strong>\u00c1REA 3<br \/>\n<\/strong><\/span><\/h3>\n<p>[\/vc_column_text][vc_column_text]<span style=\"color: #1e2d75;\"><strong>Municipio:<\/strong><\/span> T\u00e1bara (Zamora)<\/p>\n<p><span style=\"color: #1e2d75;\"><strong>Destacable:<\/strong><\/span> En plena Sierra de la Culebra, se trata de una zona arbolada que est\u00e1 quemada. La localizaci\u00f3n ha sido pasto de las llamas de los dos incendios del verano de 2022, catalogados como los dos mayores incendios de la historia de Castilla y Le\u00f3n, y dos de los m\u00e1s devastadores en Espa\u00f1a desde que se tienen Registros.<\/p>\n<p><span style=\"color: #1e2d75;\"><strong>N\u00famero de \u00e1rboles a plantar:<\/strong><\/span> 1.000 ud.<\/p>\n<p><span style=\"color: #1e2d75;\"><strong>Especies:<\/strong><\/span> Las dos especies principales que se plantean para esta zona son Quercus pirenaica (roble) y Pinus pinaster\/Pinus nigra.[\/vc_column_text][\/vc_column][vc_column width=\u00bb1\/2&#8243; offset=\u00bbvc_col-lg-offset-1&#8243;][vc_single_image image=\u00bb12667&#8243; img_size=\u00bbfull\u00bb el_class=\u00bbimg-radius img-shadow-basso-destra\u00bb][\/vc_column][\/vc_row][vc_row equal_height=\u00bbyes\u00bb el_class=\u00bbbanner_schede\u00bb css=\u00bb.vc_custom_1680271448453{margin-bottom: 0px !important;}\u00bb][vc_column offset=\u00bbvc_col-lg-offset-0 vc_col-md-offset-0&#8243;][vc_column_text el_class=\u00bbtext-center title_mondo_foxy_related\u00bb]Descubre el compromiso de Foxy[\/vc_column_text][\/vc_column][vc_column width=\u00bb5\/12&#8243; offset=\u00bbvc_col-lg-offset-1 vc_col-md-offset-1 vc_col-sm-offset-1&#8243;][vc_single_image image=\u00bb12402&#8243; img_size=\u00bbfull\u00bb alignment=\u00bbcenter\u00bb onclick=\u00bbcustom_link\u00bb link=\u00bbhttps:\/\/www.foxy.eu\/es\/el-compromiso-de-foxy\/3bee\/\u00bb][vc_column_text el_class=\u00bbbanner_schede_cta\u00bb]<\/p>\n<div class=\"wpb_text_column wpb_content_element \">\n<div class=\"wpb_wrapper\">\n<p><a href=\"https:\/\/www.foxy.eu\/es\/el-compromiso-de-foxy\/3bee\/\">Foxy a favor de 3Bee<\/a><\/p>\n<\/div>\n<\/div>\n<p>[\/vc_column_text][\/vc_column][vc_column width=\u00bb5\/12&#8243; offset=\u00bbvc_col-lg-offset-0 vc_col-md-offset-0&#8243;][vc_single_image image=\u00bb12407&#8243; img_size=\u00bbfull\u00bb alignment=\u00bbcenter\u00bb onclick=\u00bbcustom_link\u00bb link=\u00bbhttps:\/\/www.foxy.eu\/es\/el-compromiso-de-foxy\/etiqueta-transparencia\/\u00bb][vc_column_text el_class=\u00bbbanner_schede_cta\u00bb]<a href=\"https:\/\/www.foxy.eu\/es\/el-compromiso-de-foxy\/etiqueta-transparencia\/\">Etiqueta de transparencia<\/a>[\/vc_column_text][\/vc_column][\/vc_row][vc_row equal_height=\u00bbyes\u00bb el_class=\u00bbbanner_schede\u00bb][vc_column width=\u00bb5\/12&#8243; offset=\u00bbvc_col-lg-offset-1 vc_col-md-offset-1 vc_col-sm-offset-1&#8243;][vc_single_image image=\u00bb6846&#8243; img_size=\u00bbfull\u00bb alignment=\u00bbcenter\u00bb onclick=\u00bbcustom_link\u00bb link=\u00bbhttps:\/\/www.foxy.eu\/es\/el-compromiso-de-foxy\/foxy-a-favor-de-unicef\/\u00bb][vc_column_text el_class=\u00bbbanner_schede_cta\u00bb]<\/p>\n<div class=\"wpb_text_column wpb_content_element \">\n<div class=\"wpb_wrapper\">\n<p><a href=\"https:\/\/www.foxy.eu\/es\/el-compromiso-de-foxy\/foxy-a-favor-de-unicef\/\">Foxy a favor de UNICEF<\/a><\/p>\n<\/div>\n<\/div>\n<p>[\/vc_column_text][\/vc_column][vc_column width=\u00bb5\/12&#8243; offset=\u00bbvc_col-lg-offset-0 vc_col-md-offset-0&#8243;][vc_single_image image=\u00bb12674&#8243; img_size=\u00bbfull\u00bb alignment=\u00bbcenter\u00bb onclick=\u00bbcustom_link\u00bb link=\u00bbhttps:\/\/www.foxy.eu\/es\/el-compromiso-de-foxy\/fundacion-integralia\/\u00bb][vc_column_text el_class=\u00bbbanner_schede_cta\u00bb]<a href=\"https:\/\/www.foxy.eu\/es\/el-compromiso-de-foxy\/fundacion-integralia\/\">Fundaci\u00f3n Integralia<\/a>[\/vc_column_text][\/vc_column][\/vc_row]<\/p>\n","protected":false},"excerpt":{"rendered":"<p>[vc_row full_width=\u00bbstretch_row_content\u00bb equal_height=\u00bbyes\u00bb content_placement=\u00bbmiddle\u00bb el_class=\u00bbsotto-hero\u00bb][vc_column width=\u00bb1\/3&#8243;][\/vc_column][vc_column width=\u00bb1\/3&#8243;][vc_single_image image=\u00bb12629&#8243; img_size=\u00bbfull\u00bb alignment=\u00bbcenter\u00bb el_class=\u00bblogo-associazione\u00bb][\/vc_column][vc_column width=\u00bb1\/3&#8243;][\/vc_column][\/vc_row][vc_row el_class=\u00bbmbot60&#8243;][vc_column width=\u00bb5\/6&#8243; offset=\u00bbvc_col-lg-offset-2 vc_col-lg-8 vc_col-md-offset-2 vc_col-md-8 vc_col-sm-offset-1&#8243;][vc_column_text el_class=\u00bbtext-center\u00bb] Foxy, junto con la Fundaci\u00f3n Alcoraz y CO2 Gesti\u00f3n, inician&#8230;<\/p>\n","protected":false},"author":1,"featured_media":12624,"parent":10795,"menu_order":0,"comment_status":"closed","ping_status":"closed","template":"template-page-mondo-foxy.php","meta":[],"categories":[],"tags":[],"yoast_head":"<!-- This site is optimized with the Yoast SEO plugin v19.14 - https:\/\/yoast.com\/wordpress\/plugins\/seo\/ -->\n<title>Juega tu papel - Foxy<\/title>\n<meta name=\"robots\" content=\"index, follow, max-snippet:-1, max-image-preview:large, max-video-preview:-1\" \/>\n<link rel=\"canonical\" href=\"https:\/\/www.foxy.eu\/es\/el-compromiso-de-foxy\/juega-tu-papel\/\" \/>\n<meta property=\"og:locale\" content=\"es_ES\" \/>\n<meta property=\"og:type\" content=\"article\" \/>\n<meta property=\"og:title\" content=\"Juega tu papel - Foxy\" \/>\n<meta property=\"og:description\" content=\"[vc_row full_width=\u00bbstretch_row_content\u00bb equal_height=\u00bbyes\u00bb content_placement=\u00bbmiddle\u00bb el_class=\u00bbsotto-hero\u00bb][vc_column width=\u00bb1\/3&#8243;][\/vc_column][vc_column width=\u00bb1\/3&#8243;][vc_single_image image=\u00bb12629&#8243; img_size=\u00bbfull\u00bb alignment=\u00bbcenter\u00bb el_class=\u00bblogo-associazione\u00bb][\/vc_column][vc_column width=\u00bb1\/3&#8243;][\/vc_column][\/vc_row][vc_row el_class=\u00bbmbot60&#8243;][vc_column width=\u00bb5\/6&#8243; offset=\u00bbvc_col-lg-offset-2 vc_col-lg-8 vc_col-md-offset-2 vc_col-md-8 vc_col-sm-offset-1&#8243;][vc_column_text el_class=\u00bbtext-center\u00bb] Foxy, junto con la Fundaci\u00f3n Alcoraz y CO2 Gesti\u00f3n, inician...\" \/>\n<meta property=\"og:url\" content=\"https:\/\/www.foxy.eu\/es\/el-compromiso-de-foxy\/juega-tu-papel\/\" \/>\n<meta property=\"og:site_name\" content=\"Foxy\" \/>\n<meta property=\"article:publisher\" content=\"https:\/\/www.facebook.com\/Foxy.Italia\" \/>\n<meta property=\"article:modified_time\" content=\"2023-04-03T12:37:50+00:00\" \/>\n<meta property=\"og:image\" content=\"https:\/\/enkaz3824io.exactdn.com\/wp-content\/uploads\/2023\/03\/juega_tu_papel_hero@2x.jpg?strip=all&lossy=1&ssl=1\" \/>\n\t<meta property=\"og:image:width\" content=\"1920\" \/>\n\t<meta property=\"og:image:height\" content=\"532\" \/>\n\t<meta property=\"og:image:type\" content=\"image\/jpeg\" \/>\n<meta name=\"twitter:card\" content=\"summary_large_image\" \/>\n<meta name=\"twitter:label1\" content=\"Est. reading time\" \/>\n\t<meta name=\"twitter:data1\" content=\"4 minutos\" \/>\n<script type=\"application\/ld+json\" class=\"yoast-schema-graph\">{\"@context\":\"https:\/\/schema.org\",\"@graph\":[{\"@type\":\"WebPage\",\"@id\":\"https:\/\/www.foxy.eu\/es\/el-compromiso-de-foxy\/juega-tu-papel\/\",\"url\":\"https:\/\/www.foxy.eu\/es\/el-compromiso-de-foxy\/juega-tu-papel\/\",\"name\":\"Juega tu papel - Foxy\",\"isPartOf\":{\"@id\":\"https:\/\/www.foxy.eu\/#website\"},\"datePublished\":\"2023-03-31T15:02:12+00:00\",\"dateModified\":\"2023-04-03T12:37:50+00:00\",\"breadcrumb\":{\"@id\":\"https:\/\/www.foxy.eu\/es\/el-compromiso-de-foxy\/juega-tu-papel\/#breadcrumb\"},\"inLanguage\":\"es\",\"potentialAction\":[{\"@type\":\"ReadAction\",\"target\":[\"https:\/\/www.foxy.eu\/es\/el-compromiso-de-foxy\/juega-tu-papel\/\"]}]},{\"@type\":\"BreadcrumbList\",\"@id\":\"https:\/\/www.foxy.eu\/es\/el-compromiso-de-foxy\/juega-tu-papel\/#breadcrumb\",\"itemListElement\":[{\"@type\":\"ListItem\",\"position\":1,\"name\":\"Home\",\"item\":\"https:\/\/www.foxy.eu\/es\/\"},{\"@type\":\"ListItem\",\"position\":2,\"name\":\"El compromiso de Foxy\",\"item\":\"https:\/\/www.foxy.eu\/es\/el-compromiso-de-foxy\/\"},{\"@type\":\"ListItem\",\"position\":3,\"name\":\"Juega tu papel\"}]},{\"@type\":\"WebSite\",\"@id\":\"https:\/\/www.foxy.eu\/#website\",\"url\":\"https:\/\/www.foxy.eu\/\",\"name\":\"Foxy\",\"description\":\"Un nuovo sito targato WordPress\",\"publisher\":{\"@id\":\"https:\/\/www.foxy.eu\/#organization\"},\"alternateName\":\"Scopri tutta la gamma di prodotti e iniziative Foxy. Abbiamo pensato a un mondo su misura per te.\",\"potentialAction\":[{\"@type\":\"SearchAction\",\"target\":{\"@type\":\"EntryPoint\",\"urlTemplate\":\"https:\/\/www.foxy.eu\/?s={search_term_string}\"},\"query-input\":\"required name=search_term_string\"}],\"inLanguage\":\"es\"},{\"@type\":\"Organization\",\"@id\":\"https:\/\/www.foxy.eu\/#organization\",\"name\":\"Foxy | Sempre vicina a te!\",\"alternateName\":\"Scopri tutta la gamma di prodotti e iniziative Foxy. Abbiamo pensato a un mondo su misura per te.\",\"url\":\"https:\/\/www.foxy.eu\/\",\"logo\":{\"@type\":\"ImageObject\",\"inLanguage\":\"es\",\"@id\":\"https:\/\/www.foxy.eu\/#\/schema\/logo\/image\/\",\"url\":\"https:\/\/enkaz3824io.exactdn.com\/wp-content\/uploads\/2020\/07\/hp_big_logo@2x.png?strip=all&lossy=1&ssl=1\",\"contentUrl\":\"https:\/\/enkaz3824io.exactdn.com\/wp-content\/uploads\/2020\/07\/hp_big_logo@2x.png?strip=all&lossy=1&ssl=1\",\"width\":518,\"height\":366,\"caption\":\"Foxy | Sempre vicina a te!\"},\"image\":{\"@id\":\"https:\/\/www.foxy.eu\/#\/schema\/logo\/image\/\"},\"sameAs\":[\"https:\/\/www.instagram.com\/foxy\/\",\"https:\/\/www.youtube.com\/channel\/UCpCfvrNg7u0O0jSeH9B9ygA\",\"https:\/\/www.facebook.com\/Foxy.Italia\"]}]}<\/script>\n<!-- \/ Yoast SEO plugin. -->","yoast_head_json":{"title":"Juega tu papel - Foxy","robots":{"index":"index","follow":"follow","max-snippet":"max-snippet:-1","max-image-preview":"max-image-preview:large","max-video-preview":"max-video-preview:-1"},"canonical":"https:\/\/www.foxy.eu\/es\/el-compromiso-de-foxy\/juega-tu-papel\/","og_locale":"es_ES","og_type":"article","og_title":"Juega tu papel - Foxy","og_description":"[vc_row full_width=\u00bbstretch_row_content\u00bb equal_height=\u00bbyes\u00bb content_placement=\u00bbmiddle\u00bb el_class=\u00bbsotto-hero\u00bb][vc_column width=\u00bb1\/3&#8243;][\/vc_column][vc_column width=\u00bb1\/3&#8243;][vc_single_image image=\u00bb12629&#8243; img_size=\u00bbfull\u00bb alignment=\u00bbcenter\u00bb el_class=\u00bblogo-associazione\u00bb][\/vc_column][vc_column width=\u00bb1\/3&#8243;][\/vc_column][\/vc_row][vc_row el_class=\u00bbmbot60&#8243;][vc_column width=\u00bb5\/6&#8243; offset=\u00bbvc_col-lg-offset-2 vc_col-lg-8 vc_col-md-offset-2 vc_col-md-8 vc_col-sm-offset-1&#8243;][vc_column_text el_class=\u00bbtext-center\u00bb] Foxy, junto con la Fundaci\u00f3n Alcoraz y CO2 Gesti\u00f3n, inician...","og_url":"https:\/\/www.foxy.eu\/es\/el-compromiso-de-foxy\/juega-tu-papel\/","og_site_name":"Foxy","article_publisher":"https:\/\/www.facebook.com\/Foxy.Italia","article_modified_time":"2023-04-03T12:37:50+00:00","og_image":[{"width":1920,"height":532,"url":"https:\/\/enkaz3824io.exactdn.com\/wp-content\/uploads\/2023\/03\/juega_tu_papel_hero@2x.jpg?strip=all&lossy=1&ssl=1","type":"image\/jpeg"}],"twitter_card":"summary_large_image","twitter_misc":{"Est. reading time":"4 minutos"},"schema":{"@context":"https:\/\/schema.org","@graph":[{"@type":"WebPage","@id":"https:\/\/www.foxy.eu\/es\/el-compromiso-de-foxy\/juega-tu-papel\/","url":"https:\/\/www.foxy.eu\/es\/el-compromiso-de-foxy\/juega-tu-papel\/","name":"Juega tu papel - Foxy","isPartOf":{"@id":"https:\/\/www.foxy.eu\/#website"},"datePublished":"2023-03-31T15:02:12+00:00","dateModified":"2023-04-03T12:37:50+00:00","breadcrumb":{"@id":"https:\/\/www.foxy.eu\/es\/el-compromiso-de-foxy\/juega-tu-papel\/#breadcrumb"},"inLanguage":"es","potentialAction":[{"@type":"ReadAction","target":["https:\/\/www.foxy.eu\/es\/el-compromiso-de-foxy\/juega-tu-papel\/"]}]},{"@type":"BreadcrumbList","@id":"https:\/\/www.foxy.eu\/es\/el-compromiso-de-foxy\/juega-tu-papel\/#breadcrumb","itemListElement":[{"@type":"ListItem","position":1,"name":"Home","item":"https:\/\/www.foxy.eu\/es\/"},{"@type":"ListItem","position":2,"name":"El compromiso de Foxy","item":"https:\/\/www.foxy.eu\/es\/el-compromiso-de-foxy\/"},{"@type":"ListItem","position":3,"name":"Juega tu papel"}]},{"@type":"WebSite","@id":"https:\/\/www.foxy.eu\/#website","url":"https:\/\/www.foxy.eu\/","name":"Foxy","description":"Un nuovo sito targato WordPress","publisher":{"@id":"https:\/\/www.foxy.eu\/#organization"},"alternateName":"Scopri tutta la gamma di prodotti e iniziative Foxy. Abbiamo pensato a un mondo su misura per te.","potentialAction":[{"@type":"SearchAction","target":{"@type":"EntryPoint","urlTemplate":"https:\/\/www.foxy.eu\/?s={search_term_string}"},"query-input":"required name=search_term_string"}],"inLanguage":"es"},{"@type":"Organization","@id":"https:\/\/www.foxy.eu\/#organization","name":"Foxy | Sempre vicina a te!","alternateName":"Scopri tutta la gamma di prodotti e iniziative Foxy. Abbiamo pensato a un mondo su misura per te.","url":"https:\/\/www.foxy.eu\/","logo":{"@type":"ImageObject","inLanguage":"es","@id":"https:\/\/www.foxy.eu\/#\/schema\/logo\/image\/","url":"https:\/\/enkaz3824io.exactdn.com\/wp-content\/uploads\/2020\/07\/hp_big_logo@2x.png?strip=all&lossy=1&ssl=1","contentUrl":"https:\/\/enkaz3824io.exactdn.com\/wp-content\/uploads\/2020\/07\/hp_big_logo@2x.png?strip=all&lossy=1&ssl=1","width":518,"height":366,"caption":"Foxy | Sempre vicina a te!"},"image":{"@id":"https:\/\/www.foxy.eu\/#\/schema\/logo\/image\/"},"sameAs":["https:\/\/www.instagram.com\/foxy\/","https:\/\/www.youtube.com\/channel\/UCpCfvrNg7u0O0jSeH9B9ygA","https:\/\/www.facebook.com\/Foxy.Italia"]}]}},"_links":{"self":[{"href":"https:\/\/www.foxy.eu\/es\/wp-json\/wp\/v2\/pages\/12621"}],"collection":[{"href":"https:\/\/www.foxy.eu\/es\/wp-json\/wp\/v2\/pages"}],"about":[{"href":"https:\/\/www.foxy.eu\/es\/wp-json\/wp\/v2\/types\/page"}],"author":[{"embeddable":true,"href":"https:\/\/www.foxy.eu\/es\/wp-json\/wp\/v2\/users\/1"}],"replies":[{"embeddable":true,"href":"https:\/\/www.foxy.eu\/es\/wp-json\/wp\/v2\/comments?post=12621"}],"version-history":[{"count":18,"href":"https:\/\/www.foxy.eu\/es\/wp-json\/wp\/v2\/pages\/12621\/revisions"}],"predecessor-version":[{"id":12682,"href":"https:\/\/www.foxy.eu\/es\/wp-json\/wp\/v2\/pages\/12621\/revisions\/12682"}],"up":[{"embeddable":true,"href":"https:\/\/www.foxy.eu\/es\/wp-json\/wp\/v2\/pages\/10795"}],"wp:featuredmedia":[{"embeddable":true,"href":"https:\/\/www.foxy.eu\/es\/wp-json\/wp\/v2\/media\/12624"}],"wp:attachment":[{"href":"https:\/\/www.foxy.eu\/es\/wp-json\/wp\/v2\/media?parent=12621"}],"wp:term":[{"taxonomy":"category","embeddable":true,"href":"https:\/\/www.foxy.eu\/es\/wp-json\/wp\/v2\/categories?post=12621"},{"taxonomy":"post_tag","embeddable":true,"href":"https:\/\/www.foxy.eu\/es\/wp-json\/wp\/v2\/tags?post=12621"}],"curies":[{"name":"wp","href":"https:\/\/api.w.org\/{rel}","templated":true}]}}