
{"id":12547,"date":"2023-03-31T15:16:50","date_gmt":"2023-03-31T13:16:50","guid":{"rendered":"https:\/\/www.foxy.eu\/?page_id=12547"},"modified":"2023-04-03T15:14:42","modified_gmt":"2023-04-03T13:14:42","slug":"fundacion-integralia","status":"publish","type":"page","link":"https:\/\/www.foxy.eu\/es\/el-compromiso-de-foxy\/fundacion-integralia\/","title":{"rendered":"Fundaci\u00f3n Integralia"},"content":{"rendered":"<p>[vc_row full_width=\u00bbstretch_row_content\u00bb equal_height=\u00bbyes\u00bb content_placement=\u00bbmiddle\u00bb el_class=\u00bbsotto-hero\u00bb][vc_column width=\u00bb1\/3&#8243;]<div class=\" ubtn-ctn-left btn-freccia btn-freccia-back\"><a class=\"ubtn-link ult-adjust-bottom-margin ubtn-left ubtn-large btn-freccia btn-freccia-back\" href=\"https:\/\/www.foxy.eu\/es\/el-compromiso-de-foxy\/\" title=\"El compromiso de Foxy\" ><button type=\"button\" id=\"ubtn-1894\"  class=\"ubtn ult-adjust-bottom-margin ult-responsive ubtn-large ubtn-no-hover-bg  none  ubtn-left   tooltip-6a0926593be69\"  data-hover=\"\" data-border-color=\"\" data-bg=\"\" data-hover-bg=\"\" data-border-hover=\"\" data-shadow-hover=\"\" data-shadow-click=\"none\" data-shadow=\"\" data-shd-shadow=\"\"  data-ultimate-target='#ubtn-1894'  data-responsive-json-new='{\"font-size\":\"\",\"line-height\":\"\"}'  style=\"font-weight:normal;border:none;\"><span class=\"ubtn-hover\" style=\"background-color:\"><\/span><span class=\"ubtn-data ubtn-text \" >El compromiso de Foxy<\/span><\/button><\/a><\/div>[\/vc_column][vc_column width=\u00bb1\/3&#8243;][vc_single_image image=\u00bb12558&#8243; img_size=\u00bbfull\u00bb alignment=\u00bbcenter\u00bb el_class=\u00bblogo-associazione\u00bb][\/vc_column][vc_column width=\u00bb1\/3&#8243;][\/vc_column][\/vc_row][vc_row][vc_column width=\u00bb5\/6&#8243; offset=\u00bbvc_col-lg-offset-2 vc_col-lg-8 vc_col-md-offset-2 vc_col-md-8 vc_col-sm-offset-1&#8243;][vc_column_text el_class=\u00bbtext-center\u00bb]<\/p>\n<h2>Foxy comenz\u00f3 su colaboraci\u00f3n con la Fundaci\u00f3n Integralia en el a\u00f1o 2009.<\/h2>\n<p>[\/vc_column_text][\/vc_column][\/vc_row][vc_row el_class=\u00bbmbot60&#8243;][vc_column width=\u00bb5\/6&#8243; offset=\u00bbvc_col-lg-offset-2 vc_col-lg-8 vc_col-md-offset-2 vc_col-md-8 vc_col-sm-offset-1&#8243;][vc_column_text el_class=\u00bbtext-center\u00bb]La Fundaci\u00f3n Integralia tiene como misi\u00f3n la inclusi\u00f3n sociolaboral de personas con discapacidad y enfermedades cr\u00f3nicas\/degenerativas, con prioridad en la alta discapacidad y con dificultades para incorporarse al mercado laboral. La Fundaci\u00f3n Integralia DKV es una iniciativa de emprendimiento social de DKV, convirti\u00e9ndose en <strong>el primer Contact Center en Europa gestionado exclusivamente por personas con discapacidad.<\/strong> Su objetivo es mejorar la vida de las personas con discapacidad facilitando su desarrollo y su inclusi\u00f3n socio-laboral.[\/vc_column_text][\/vc_column][\/vc_row][vc_row gap=\u00bb35&#8243; equal_height=\u00bbyes\u00bb content_placement=\u00bbmiddle\u00bb el_class=\u00bbmbot100&#8243;][vc_column width=\u00bb1\/2&#8243;][vc_single_image image=\u00bb12565&#8243; img_size=\u00bbfull\u00bb el_class=\u00bbimg-radius img-shadow-basso-destra\u00bb][\/vc_column][vc_column width=\u00bb1\/2&#8243;][vc_single_image image=\u00bb12570&#8243; img_size=\u00bbfull\u00bb el_class=\u00bbimg-radius img-shadow-basso-destra\u00bb][\/vc_column][\/vc_row][vc_row full_width=\u00bbstretch_row\u00bb equal_height=\u00bbyes\u00bb content_placement=\u00bbmiddle\u00bb el_class=\u00bbrow-mappa-es-green mbot100&#8243;][vc_column offset=\u00bbvc_col-lg-offset-1 vc_col-lg-4&#8243;][vc_column_text]<\/p>\n<h3><strong><span style=\"color: #ffffff;\">Cuenta con una plantilla de 500 empleados con discapacidad, distribuida en 8 Centros Especiales de Empleo a nivel nacional.<\/span><\/strong><\/h3>\n<p>[\/vc_column_text][\/vc_column][vc_column width=\u00bb1\/2&#8243; offset=\u00bbvc_col-lg-offset-0&#8243; el_class=\u00bbfx-img-map-mobile\u00bb][vc_single_image image=\u00bb12601&#8243; img_size=\u00bbfull\u00bb alignment=\u00bbcenter\u00bb][\/vc_column][\/vc_row][vc_row equal_height=\u00bbyes\u00bb content_placement=\u00bbmiddle\u00bb el_class=\u00bbmbot100&#8243;][vc_column width=\u00bb1\/2&#8243;][vc_single_image image=\u00bb12579&#8243; img_size=\u00bbfull\u00bb el_class=\u00bbimg-radius img-shadow-basso-destra\u00bb][\/vc_column][vc_column width=\u00bb1\/2&#8243; offset=\u00bbvc_col-lg-offset-1 vc_col-lg-4&#8243;][vc_column_text]<\/p>\n<h3><strong>Un proyecto Global que va desde la formaci\u00f3n y el asesoramiento, hasta el negocio digital y cualquier actividad de gesti\u00f3n administrativa.<\/strong><\/h3>\n<p>[\/vc_column_text][vc_column_text]La fundaci\u00f3n, adem\u00e1s del servicio atenci\u00f3n telef\u00f3nica omnicanal con una gran experiencia, provee otro tipo de servicios como el asesoramiento para la inclusi\u00f3n laboral de personas con discapacidad, servicios para la transformaci\u00f3n y el Marketing Digital, procesos internos administrativos, seguimiento comercial y otras labores de Back Office que permiten ir integrando y progresar laboralmente a toda la plantilla.[\/vc_column_text][\/vc_column][\/vc_row][vc_row equal_height=\u00bbyes\u00bb el_class=\u00bbbanner_schede\u00bb css=\u00bb.vc_custom_1680271448453{margin-bottom: 0px !important;}\u00bb][vc_column offset=\u00bbvc_col-lg-offset-0 vc_col-md-offset-0&#8243;][vc_column_text el_class=\u00bbtext-center title_mondo_foxy_related\u00bb]Descubre el compromiso de Foxy[\/vc_column_text][\/vc_column][vc_column width=\u00bb5\/12&#8243; offset=\u00bbvc_col-lg-offset-1 vc_col-md-offset-1 vc_col-sm-offset-1&#8243;][vc_single_image image=\u00bb12402&#8243; img_size=\u00bbfull\u00bb alignment=\u00bbcenter\u00bb onclick=\u00bbcustom_link\u00bb link=\u00bbhttps:\/\/www.foxy.eu\/es\/el-compromiso-de-foxy\/3bee\/\u00bb][vc_column_text el_class=\u00bbbanner_schede_cta\u00bb]<\/p>\n<div class=\"wpb_text_column wpb_content_element \">\n<div class=\"wpb_wrapper\">\n<p><a href=\"https:\/\/www.foxy.eu\/es\/el-compromiso-de-foxy\/3bee\/\">Foxy a favor de 3Bee<\/a><\/p>\n<\/div>\n<\/div>\n<p>[\/vc_column_text][\/vc_column][vc_column width=\u00bb5\/12&#8243; offset=\u00bbvc_col-lg-offset-0 vc_col-md-offset-0&#8243;][vc_single_image image=\u00bb12407&#8243; img_size=\u00bbfull\u00bb alignment=\u00bbcenter\u00bb onclick=\u00bbcustom_link\u00bb link=\u00bbhttps:\/\/www.foxy.eu\/es\/el-compromiso-de-foxy\/etiqueta-transparencia\/\u00bb][vc_column_text el_class=\u00bbbanner_schede_cta\u00bb]<a href=\"https:\/\/www.foxy.eu\/es\/el-compromiso-de-foxy\/etiqueta-transparencia\/\">Etiqueta de transparencia<\/a>[\/vc_column_text][\/vc_column][\/vc_row][vc_row equal_height=\u00bbyes\u00bb el_class=\u00bbbanner_schede\u00bb][vc_column width=\u00bb5\/12&#8243; offset=\u00bbvc_col-lg-offset-1 vc_col-md-offset-1 vc_col-sm-offset-1&#8243;][vc_single_image image=\u00bb6846&#8243; img_size=\u00bbfull\u00bb alignment=\u00bbcenter\u00bb onclick=\u00bbcustom_link\u00bb link=\u00bbhttps:\/\/www.foxy.eu\/es\/el-compromiso-de-foxy\/foxy-a-favor-de-unicef\/\u00bb][vc_column_text el_class=\u00bbbanner_schede_cta\u00bb]<\/p>\n<div class=\"wpb_text_column wpb_content_element \">\n<div class=\"wpb_wrapper\">\n<p><a href=\"https:\/\/www.foxy.eu\/es\/el-compromiso-de-foxy\/foxy-a-favor-de-unicef\/\">Foxy a favor de UNICEF<\/a><\/p>\n<\/div>\n<\/div>\n<p>[\/vc_column_text][\/vc_column][vc_column width=\u00bb5\/12&#8243; offset=\u00bbvc_col-lg-offset-0 vc_col-md-offset-0&#8243;][vc_single_image image=\u00bb12593&#8243; img_size=\u00bbfull\u00bb alignment=\u00bbcenter\u00bb onclick=\u00bbcustom_link\u00bb link=\u00bbhttps:\/\/www.foxy.eu\/es\/el-compromiso-de-foxy\/juega-tu-papel\/\u00bb][vc_column_text el_class=\u00bbbanner_schede_cta\u00bb]<a href=\"https:\/\/www.foxy.eu\/es\/el-compromiso-de-foxy\/juega-tu-papel\/\">Juega tu papel<\/a>[\/vc_column_text][\/vc_column][\/vc_row]<\/p>\n","protected":false},"excerpt":{"rendered":"<p>[vc_row full_width=\u00bbstretch_row_content\u00bb equal_height=\u00bbyes\u00bb content_placement=\u00bbmiddle\u00bb el_class=\u00bbsotto-hero\u00bb][vc_column width=\u00bb1\/3&#8243;][\/vc_column][vc_column width=\u00bb1\/3&#8243;][vc_single_image image=\u00bb12558&#8243; img_size=\u00bbfull\u00bb alignment=\u00bbcenter\u00bb el_class=\u00bblogo-associazione\u00bb][\/vc_column][vc_column width=\u00bb1\/3&#8243;][\/vc_column][\/vc_row][vc_row][vc_column width=\u00bb5\/6&#8243; offset=\u00bbvc_col-lg-offset-2 vc_col-lg-8 vc_col-md-offset-2 vc_col-md-8 vc_col-sm-offset-1&#8243;][vc_column_text el_class=\u00bbtext-center\u00bb] Foxy comenz\u00f3 su colaboraci\u00f3n con la Fundaci\u00f3n Integralia en el a\u00f1o&#8230;<\/p>\n","protected":false},"author":1,"featured_media":12551,"parent":10795,"menu_order":0,"comment_status":"closed","ping_status":"closed","template":"template-page-mondo-foxy.php","meta":[],"categories":[],"tags":[],"yoast_head":"<!-- This site is optimized with the Yoast SEO plugin v19.14 - https:\/\/yoast.com\/wordpress\/plugins\/seo\/ -->\n<title>Fundaci\u00f3n Integralia - Foxy<\/title>\n<meta name=\"robots\" content=\"index, follow, max-snippet:-1, max-image-preview:large, max-video-preview:-1\" \/>\n<link rel=\"canonical\" href=\"https:\/\/www.foxy.eu\/es\/el-compromiso-de-foxy\/fundacion-integralia\/\" \/>\n<meta property=\"og:locale\" content=\"es_ES\" \/>\n<meta property=\"og:type\" content=\"article\" \/>\n<meta property=\"og:title\" content=\"Fundaci\u00f3n Integralia - Foxy\" \/>\n<meta property=\"og:description\" content=\"[vc_row full_width=\u00bbstretch_row_content\u00bb equal_height=\u00bbyes\u00bb content_placement=\u00bbmiddle\u00bb el_class=\u00bbsotto-hero\u00bb][vc_column width=\u00bb1\/3&#8243;][\/vc_column][vc_column width=\u00bb1\/3&#8243;][vc_single_image image=\u00bb12558&#8243; img_size=\u00bbfull\u00bb alignment=\u00bbcenter\u00bb el_class=\u00bblogo-associazione\u00bb][\/vc_column][vc_column width=\u00bb1\/3&#8243;][\/vc_column][\/vc_row][vc_row][vc_column width=\u00bb5\/6&#8243; offset=\u00bbvc_col-lg-offset-2 vc_col-lg-8 vc_col-md-offset-2 vc_col-md-8 vc_col-sm-offset-1&#8243;][vc_column_text el_class=\u00bbtext-center\u00bb] Foxy comenz\u00f3 su colaboraci\u00f3n con la Fundaci\u00f3n Integralia en el a\u00f1o...\" \/>\n<meta property=\"og:url\" content=\"https:\/\/www.foxy.eu\/es\/el-compromiso-de-foxy\/fundacion-integralia\/\" \/>\n<meta property=\"og:site_name\" content=\"Foxy\" \/>\n<meta property=\"article:publisher\" content=\"https:\/\/www.facebook.com\/Foxy.Italia\" \/>\n<meta property=\"article:modified_time\" content=\"2023-04-03T13:14:42+00:00\" \/>\n<meta property=\"og:image\" content=\"https:\/\/enkaz3824io.exactdn.com\/wp-content\/uploads\/2023\/03\/integralia_hero@2x.jpg?strip=all&lossy=1&ssl=1\" \/>\n\t<meta property=\"og:image:width\" content=\"1920\" \/>\n\t<meta property=\"og:image:height\" content=\"532\" \/>\n\t<meta property=\"og:image:type\" content=\"image\/jpeg\" \/>\n<meta name=\"twitter:card\" content=\"summary_large_image\" \/>\n<meta name=\"twitter:label1\" content=\"Est. reading time\" \/>\n\t<meta name=\"twitter:data1\" content=\"2 minutos\" \/>\n<script type=\"application\/ld+json\" class=\"yoast-schema-graph\">{\"@context\":\"https:\/\/schema.org\",\"@graph\":[{\"@type\":\"WebPage\",\"@id\":\"https:\/\/www.foxy.eu\/es\/el-compromiso-de-foxy\/fundacion-integralia\/\",\"url\":\"https:\/\/www.foxy.eu\/es\/el-compromiso-de-foxy\/fundacion-integralia\/\",\"name\":\"Fundaci\u00f3n Integralia - Foxy\",\"isPartOf\":{\"@id\":\"https:\/\/www.foxy.eu\/#website\"},\"datePublished\":\"2023-03-31T13:16:50+00:00\",\"dateModified\":\"2023-04-03T13:14:42+00:00\",\"breadcrumb\":{\"@id\":\"https:\/\/www.foxy.eu\/es\/el-compromiso-de-foxy\/fundacion-integralia\/#breadcrumb\"},\"inLanguage\":\"es\",\"potentialAction\":[{\"@type\":\"ReadAction\",\"target\":[\"https:\/\/www.foxy.eu\/es\/el-compromiso-de-foxy\/fundacion-integralia\/\"]}]},{\"@type\":\"BreadcrumbList\",\"@id\":\"https:\/\/www.foxy.eu\/es\/el-compromiso-de-foxy\/fundacion-integralia\/#breadcrumb\",\"itemListElement\":[{\"@type\":\"ListItem\",\"position\":1,\"name\":\"Home\",\"item\":\"https:\/\/www.foxy.eu\/es\/\"},{\"@type\":\"ListItem\",\"position\":2,\"name\":\"El compromiso de Foxy\",\"item\":\"https:\/\/www.foxy.eu\/es\/el-compromiso-de-foxy\/\"},{\"@type\":\"ListItem\",\"position\":3,\"name\":\"Fundaci\u00f3n Integralia\"}]},{\"@type\":\"WebSite\",\"@id\":\"https:\/\/www.foxy.eu\/#website\",\"url\":\"https:\/\/www.foxy.eu\/\",\"name\":\"Foxy\",\"description\":\"Un nuovo sito targato WordPress\",\"publisher\":{\"@id\":\"https:\/\/www.foxy.eu\/#organization\"},\"alternateName\":\"Scopri tutta la gamma di prodotti e iniziative Foxy. Abbiamo pensato a un mondo su misura per te.\",\"potentialAction\":[{\"@type\":\"SearchAction\",\"target\":{\"@type\":\"EntryPoint\",\"urlTemplate\":\"https:\/\/www.foxy.eu\/?s={search_term_string}\"},\"query-input\":\"required name=search_term_string\"}],\"inLanguage\":\"es\"},{\"@type\":\"Organization\",\"@id\":\"https:\/\/www.foxy.eu\/#organization\",\"name\":\"Foxy | Sempre vicina a te!\",\"alternateName\":\"Scopri tutta la gamma di prodotti e iniziative Foxy. Abbiamo pensato a un mondo su misura per te.\",\"url\":\"https:\/\/www.foxy.eu\/\",\"logo\":{\"@type\":\"ImageObject\",\"inLanguage\":\"es\",\"@id\":\"https:\/\/www.foxy.eu\/#\/schema\/logo\/image\/\",\"url\":\"https:\/\/enkaz3824io.exactdn.com\/wp-content\/uploads\/2020\/07\/hp_big_logo@2x.png?strip=all&lossy=1&ssl=1\",\"contentUrl\":\"https:\/\/enkaz3824io.exactdn.com\/wp-content\/uploads\/2020\/07\/hp_big_logo@2x.png?strip=all&lossy=1&ssl=1\",\"width\":518,\"height\":366,\"caption\":\"Foxy | Sempre vicina a te!\"},\"image\":{\"@id\":\"https:\/\/www.foxy.eu\/#\/schema\/logo\/image\/\"},\"sameAs\":[\"https:\/\/www.instagram.com\/foxy\/\",\"https:\/\/www.youtube.com\/channel\/UCpCfvrNg7u0O0jSeH9B9ygA\",\"https:\/\/www.facebook.com\/Foxy.Italia\"]}]}<\/script>\n<!-- \/ Yoast SEO plugin. -->","yoast_head_json":{"title":"Fundaci\u00f3n Integralia - Foxy","robots":{"index":"index","follow":"follow","max-snippet":"max-snippet:-1","max-image-preview":"max-image-preview:large","max-video-preview":"max-video-preview:-1"},"canonical":"https:\/\/www.foxy.eu\/es\/el-compromiso-de-foxy\/fundacion-integralia\/","og_locale":"es_ES","og_type":"article","og_title":"Fundaci\u00f3n Integralia - Foxy","og_description":"[vc_row full_width=\u00bbstretch_row_content\u00bb equal_height=\u00bbyes\u00bb content_placement=\u00bbmiddle\u00bb el_class=\u00bbsotto-hero\u00bb][vc_column width=\u00bb1\/3&#8243;][\/vc_column][vc_column width=\u00bb1\/3&#8243;][vc_single_image image=\u00bb12558&#8243; img_size=\u00bbfull\u00bb alignment=\u00bbcenter\u00bb el_class=\u00bblogo-associazione\u00bb][\/vc_column][vc_column width=\u00bb1\/3&#8243;][\/vc_column][\/vc_row][vc_row][vc_column width=\u00bb5\/6&#8243; offset=\u00bbvc_col-lg-offset-2 vc_col-lg-8 vc_col-md-offset-2 vc_col-md-8 vc_col-sm-offset-1&#8243;][vc_column_text el_class=\u00bbtext-center\u00bb] Foxy comenz\u00f3 su colaboraci\u00f3n con la Fundaci\u00f3n Integralia en el a\u00f1o...","og_url":"https:\/\/www.foxy.eu\/es\/el-compromiso-de-foxy\/fundacion-integralia\/","og_site_name":"Foxy","article_publisher":"https:\/\/www.facebook.com\/Foxy.Italia","article_modified_time":"2023-04-03T13:14:42+00:00","og_image":[{"width":1920,"height":532,"url":"https:\/\/enkaz3824io.exactdn.com\/wp-content\/uploads\/2023\/03\/integralia_hero@2x.jpg?strip=all&lossy=1&ssl=1","type":"image\/jpeg"}],"twitter_card":"summary_large_image","twitter_misc":{"Est. reading time":"2 minutos"},"schema":{"@context":"https:\/\/schema.org","@graph":[{"@type":"WebPage","@id":"https:\/\/www.foxy.eu\/es\/el-compromiso-de-foxy\/fundacion-integralia\/","url":"https:\/\/www.foxy.eu\/es\/el-compromiso-de-foxy\/fundacion-integralia\/","name":"Fundaci\u00f3n Integralia - Foxy","isPartOf":{"@id":"https:\/\/www.foxy.eu\/#website"},"datePublished":"2023-03-31T13:16:50+00:00","dateModified":"2023-04-03T13:14:42+00:00","breadcrumb":{"@id":"https:\/\/www.foxy.eu\/es\/el-compromiso-de-foxy\/fundacion-integralia\/#breadcrumb"},"inLanguage":"es","potentialAction":[{"@type":"ReadAction","target":["https:\/\/www.foxy.eu\/es\/el-compromiso-de-foxy\/fundacion-integralia\/"]}]},{"@type":"BreadcrumbList","@id":"https:\/\/www.foxy.eu\/es\/el-compromiso-de-foxy\/fundacion-integralia\/#breadcrumb","itemListElement":[{"@type":"ListItem","position":1,"name":"Home","item":"https:\/\/www.foxy.eu\/es\/"},{"@type":"ListItem","position":2,"name":"El compromiso de Foxy","item":"https:\/\/www.foxy.eu\/es\/el-compromiso-de-foxy\/"},{"@type":"ListItem","position":3,"name":"Fundaci\u00f3n Integralia"}]},{"@type":"WebSite","@id":"https:\/\/www.foxy.eu\/#website","url":"https:\/\/www.foxy.eu\/","name":"Foxy","description":"Un nuovo sito targato WordPress","publisher":{"@id":"https:\/\/www.foxy.eu\/#organization"},"alternateName":"Scopri tutta la gamma di prodotti e iniziative Foxy. Abbiamo pensato a un mondo su misura per te.","potentialAction":[{"@type":"SearchAction","target":{"@type":"EntryPoint","urlTemplate":"https:\/\/www.foxy.eu\/?s={search_term_string}"},"query-input":"required name=search_term_string"}],"inLanguage":"es"},{"@type":"Organization","@id":"https:\/\/www.foxy.eu\/#organization","name":"Foxy | Sempre vicina a te!","alternateName":"Scopri tutta la gamma di prodotti e iniziative Foxy. Abbiamo pensato a un mondo su misura per te.","url":"https:\/\/www.foxy.eu\/","logo":{"@type":"ImageObject","inLanguage":"es","@id":"https:\/\/www.foxy.eu\/#\/schema\/logo\/image\/","url":"https:\/\/enkaz3824io.exactdn.com\/wp-content\/uploads\/2020\/07\/hp_big_logo@2x.png?strip=all&lossy=1&ssl=1","contentUrl":"https:\/\/enkaz3824io.exactdn.com\/wp-content\/uploads\/2020\/07\/hp_big_logo@2x.png?strip=all&lossy=1&ssl=1","width":518,"height":366,"caption":"Foxy | Sempre vicina a te!"},"image":{"@id":"https:\/\/www.foxy.eu\/#\/schema\/logo\/image\/"},"sameAs":["https:\/\/www.instagram.com\/foxy\/","https:\/\/www.youtube.com\/channel\/UCpCfvrNg7u0O0jSeH9B9ygA","https:\/\/www.facebook.com\/Foxy.Italia"]}]}},"_links":{"self":[{"href":"https:\/\/www.foxy.eu\/es\/wp-json\/wp\/v2\/pages\/12547"}],"collection":[{"href":"https:\/\/www.foxy.eu\/es\/wp-json\/wp\/v2\/pages"}],"about":[{"href":"https:\/\/www.foxy.eu\/es\/wp-json\/wp\/v2\/types\/page"}],"author":[{"embeddable":true,"href":"https:\/\/www.foxy.eu\/es\/wp-json\/wp\/v2\/users\/1"}],"replies":[{"embeddable":true,"href":"https:\/\/www.foxy.eu\/es\/wp-json\/wp\/v2\/comments?post=12547"}],"version-history":[{"count":41,"href":"https:\/\/www.foxy.eu\/es\/wp-json\/wp\/v2\/pages\/12547\/revisions"}],"predecessor-version":[{"id":12685,"href":"https:\/\/www.foxy.eu\/es\/wp-json\/wp\/v2\/pages\/12547\/revisions\/12685"}],"up":[{"embeddable":true,"href":"https:\/\/www.foxy.eu\/es\/wp-json\/wp\/v2\/pages\/10795"}],"wp:featuredmedia":[{"embeddable":true,"href":"https:\/\/www.foxy.eu\/es\/wp-json\/wp\/v2\/media\/12551"}],"wp:attachment":[{"href":"https:\/\/www.foxy.eu\/es\/wp-json\/wp\/v2\/media?parent=12547"}],"wp:term":[{"taxonomy":"category","embeddable":true,"href":"https:\/\/www.foxy.eu\/es\/wp-json\/wp\/v2\/categories?post=12547"},{"taxonomy":"post_tag","embeddable":true,"href":"https:\/\/www.foxy.eu\/es\/wp-json\/wp\/v2\/tags?post=12547"}],"curies":[{"name":"wp","href":"https:\/\/api.w.org\/{rel}","templated":true}]}}