
{"id":11756,"date":"2023-03-06T16:32:54","date_gmt":"2023-03-06T15:32:54","guid":{"rendered":"https:\/\/www.foxy.eu\/?page_id=11756"},"modified":"2025-01-10T12:47:01","modified_gmt":"2025-01-10T11:47:01","slug":"3bee","status":"publish","type":"page","link":"https:\/\/www.foxy.eu\/es\/el-compromiso-de-foxy\/3bee\/","title":{"rendered":"3Bee"},"content":{"rendered":"<p>[vc_row full_width=\u00bbstretch_row_content\u00bb equal_height=\u00bbyes\u00bb content_placement=\u00bbmiddle\u00bb el_class=\u00bbsotto-hero\u00bb][vc_column width=\u00bb1\/3&#8243;]<div class=\" ubtn-ctn-left btn-freccia btn-freccia-back\"><a class=\"ubtn-link ult-adjust-bottom-margin ubtn-left ubtn-large btn-freccia btn-freccia-back\" href=\"https:\/\/www.foxy.eu\/es\/el-compromiso-de-foxy\/\" title=\"El compromiso de Foxy\" ><button type=\"button\" id=\"ubtn-2738\"  class=\"ubtn ult-adjust-bottom-margin ult-responsive ubtn-large ubtn-no-hover-bg  none  ubtn-left   tooltip-69f08a4eee1bb\"  data-hover=\"\" data-border-color=\"\" data-bg=\"\" data-hover-bg=\"\" data-border-hover=\"\" data-shadow-hover=\"\" data-shadow-click=\"none\" data-shadow=\"\" data-shd-shadow=\"\"  data-ultimate-target='#ubtn-2738'  data-responsive-json-new='{\"font-size\":\"\",\"line-height\":\"\"}'  style=\"font-weight:normal;border:none;\"><span class=\"ubtn-hover\" style=\"background-color:\"><\/span><span class=\"ubtn-data ubtn-text \" >El compromiso de Foxy<\/span><\/button><\/a><\/div>[\/vc_column][vc_column width=\u00bb1\/3&#8243;][vc_single_image image=\u00bb19971&#8243; img_size=\u00bbfull\u00bb alignment=\u00bbcenter\u00bb el_class=\u00bblogo-associazione-medio\u00bb][\/vc_column][vc_column width=\u00bb1\/3&#8243;][\/vc_column][\/vc_row][vc_row equal_height=\u00bbyes\u00bb el_class=\u00bbmbot60&#8243;][vc_column width=\u00bb1\/6&#8243; offset=\u00bbvc_col-lg-2 vc_col-md-2&#8243; el_class=\u00bbape-basso\u00bb][vc_single_image image=\u00bb11238&#8243; img_size=\u00bbfull\u00bb el_class=\u00bbape\u00bb][\/vc_column][vc_column width=\u00bb2\/3&#8243; offset=\u00bbvc_col-lg-8 vc_col-md-8&#8243;][vc_column_text el_class=\u00bbtext-center tit-h2-normal\u00bb]<\/p>\n<h2 class=\"p1\"><b>Foxy ha firmado un acuerdo plurianual con 3Bee para la protecci\u00f3n de las abejas <\/b>y otros insectos polinizadores, <b>s\u00edmbolo de la biodiversidad<\/b>, gracias al seguimiento de las colmenas y la creaci\u00f3n de oasis de n\u00e9ctar.<\/h2>\n<p>[\/vc_column_text][\/vc_column][vc_column width=\u00bb1\/6&#8243; offset=\u00bbvc_col-lg-2 vc_col-md-2&#8243; el_class=\u00bbape-medio\u00bb][vc_single_image image=\u00bb11243&#8243; img_size=\u00bbfull\u00bb alignment=\u00bbright\u00bb el_class=\u00bbape\u00bb][\/vc_column][\/vc_row][vc_row equal_height=\u00bbyes\u00bb content_placement=\u00bbmiddle\u00bb el_class=\u00bbmbot100&#8243;][vc_column width=\u00bb1\/2&#8243;][vc_single_image image=\u00bb11207&#8243; img_size=\u00bbfull\u00bb el_class=\u00bbimg-radius img-shadow-basso-destra\u00bb][\/vc_column][vc_column width=\u00bb1\/2&#8243; offset=\u00bbvc_col-lg-offset-1 vc_col-lg-4&#8243;][vc_column_text el_class=\u00bbtit-h3-small\u00bb]<\/p>\n<h3>Las abejas son indispensables. <strong>Gracias a su incansable labor de polinizaci\u00f3n, las abejas son responsables de 1\/3 de la producci\u00f3n mundial de alimentos y de m\u00e1s del 70% de las especies vegetales que habitan el planeta.<\/strong><\/h3>\n<p>[\/vc_column_text][vc_column_text]Pero en los \u00faltimos a\u00f1os las abejas est\u00e1n en peligro y corren el riesgo de desaparecer, con da\u00f1os inestimables para la biodiversidad. <strong>El cambio clim\u00e1tico<\/strong>, el uso de <strong>pesticidas<\/strong> en la agricultura industrial, la <strong>p\u00e9rdida de h\u00e1bitats naturales<\/strong> pero tambi\u00e9n la presencia de <strong>par\u00e1sitos, enfermedades y bacterias<\/strong> est\u00e1n minando su supervivencia, y es importante intervenir lo antes posible.[\/vc_column_text][\/vc_column][\/vc_row][vc_row equal_height=\u00bbyes\u00bb content_placement=\u00bbmiddle\u00bb el_class=\u00bbmbot100&#8243;][vc_column width=\u00bb1\/2&#8243; offset=\u00bbvc_col-lg-offset-1 vc_col-lg-4&#8243; el_class=\u00bborder-2&#8243;][vc_column_text el_class=\u00bbtit-h3-small\u00bb]<\/p>\n<h3 class=\"p1\">Foxy ha decidido proteger a las abejas y la biodiversidad iniciando un proyecto purianual a nivel europeo con el socio cient\u00edfico 3Bee.<br \/>\n3Bee es una empresa italiana de tecnolog\u00eda aplicada a la naturaleza<strong> que desarrolla tecnolog\u00edas para el monitoreo, la protecci\u00f3n y la regeneraci\u00f3n de la biodiversidad.<\/strong><\/h3>\n<p>[\/vc_column_text][vc_column_text]Comenzando con la abeja, un bioindicador fundamental, 3Bee recoge e interpreta los datos ambientales a trav\u00e9s de sistemas innovadores propietarios para monitorear la salud de los polinizadores y su conexi\u00f3n con los ecosistemas, ofreciendo soluciones de evaluaci\u00f3n, monitoreo, regeneraci\u00f3n y formaci\u00f3n para la biodiversidad.<br \/>\nPara m\u00e1s informaci\u00f3n, visita el sitio <a href=\"https:\/\/www.3bee.com\/es\/\" target=\"_blank\" rel=\"noopener\"><strong>https:\/\/www.3bee.com\/<\/strong><\/a>[\/vc_column_text][\/vc_column][vc_column width=\u00bb1\/2&#8243; offset=\u00bbvc_col-lg-offset-1 vc_col-lg-6&#8243;][vc_single_image image=\u00bb20689&#8243; img_size=\u00bbfull\u00bb el_class=\u00bbimg-radius img-shadow-basso-destra\u00bb][\/vc_column][\/vc_row][vc_row equal_height=\u00bbyes\u00bb][vc_column width=\u00bb1\/6&#8243; offset=\u00bbvc_col-lg-2 vc_col-md-2&#8243; el_class=\u00bbape-basso\u00bb][vc_single_image image=\u00bb11226&#8243; img_size=\u00bbfull\u00bb el_class=\u00bbape-big\u00bb][\/vc_column][vc_column width=\u00bb2\/3&#8243; offset=\u00bbvc_col-lg-8 vc_col-md-8&#8243; el_class=\u00bbcorpo-stretto\u00bb][vc_column_text el_class=\u00bbtit-h3-small text-center\u00bb]<\/p>\n<h3 class=\"p1\">Gracias a este proyecto con 3Bee, se han instalado <strong>73 colmenas tecnol\u00f3gicas<\/strong> en Italia, Espa\u00f1a, Polonia, Francia, Reino Unido, Irlanda y Alemania, <strong>que permiten observar de manera precisa el estado de salud de las abejas y al mismo tiempo monitorear las condiciones del entorno circundante<\/strong>. Anualmente, a nivel europeo, Foxy contribuye al monitoreo y la protecci\u00f3n de <strong>21 millones de abejas.<\/strong><\/h3>\n<p>Adem\u00e1s, en Italia, Francia, Espa\u00f1a, Alemania y Polonia se han creado <strong>24 oasis de biodiversidad<\/strong>: se han plantado <strong>2.350 plantas aut\u00f3ctonas con alto potencial nectar\u00edfero<\/strong> que, una vez alcanzado su r\u00e9gimen de crecimiento, contribuir\u00e1n a recrear h\u00e1bitats acogedores para los insectos polinizadores y a proporcionarles alimento y refugio.[\/vc_column_text][\/vc_column][vc_column width=\u00bb1\/6&#8243; offset=\u00bbvc_col-lg-2 vc_col-md-2&#8243;][vc_single_image image=\u00bb11231&#8243; img_size=\u00bbfull\u00bb alignment=\u00bbright\u00bb el_class=\u00bbape-big\u00bb][\/vc_column][\/vc_row][vc_row full_width=\u00bbstretch_row\u00bb el_class=\u00bbriga-fucsia-api\u00bb][vc_column width=\u00bb1\/2&#8243; offset=\u00bbvc_col-lg-offset-1 vc_col-lg-4&#8243;][vc_single_image image=\u00bb11254&#8243; img_size=\u00bbfull\u00bb alignment=\u00bbcenter\u00bb][vc_column_text el_class=\u00bbtext-center\u00bb]<\/p>\n<p id=\"tw-target-text\" class=\"tw-data-text tw-text-large tw-ta\" dir=\"ltr\" data-placeholder=\"Traduzione\" data-ved=\"2ahUKEwiayOie5cCCAxVZ2gIHHSJkCRgQ3ewLegQICRAQ\"><span class=\"Y2IQFc\" lang=\"es\"><strong>21 millones<\/strong><br \/>\nde abejas monitoreadas y protegidas cada a\u00f1o<br \/>\n<\/span><\/p>\n<p>[\/vc_column_text][vc_raw_html]JTNDZGl2JTIwY2xhc3MlM0QlMjJ0ZXh0LWNlbnRlciUyMiUzRSUzQ2ElMjBjbGFzcyUzRCUyMmJ0bi1mcmVjY2lhJTIwZnJlY2NpYS1ibHUlMjBidG4td2hpdGUlMjIlMjBocmVmJTNEJTIyaHR0cHMlM0ElMkYlMkZ3d3cuZm94eS5ldSUyRmVzJTJGZm94eS1hLWZhdm9yLWRlLTNiZWUlMkYlM0ZmaWx0cm8lM0RhcGljb2x0b3JpJTIyJTNFJTNDYnV0dG9uJTIwdHlwZSUzRCUyMmJ1dHRvbiUyMiUyMGNsYXNzJTNEJTIydWJ0biUyMHVsdC1hZGp1c3QtYm90dG9tLW1hcmdpbiUyMHVsdC1yZXNwb25zaXZlJTIwdWJ0bi1sYXJnZSUyMHVidG4tbm8taG92ZXItYmclMjAlMjBub25lJTIwJTIwdWJ0bi1jZW50ZXIlMjAlMjAlMjIlM0UlM0NzcGFuJTIwY2xhc3MlM0QlMjJ1YnRuLWhvdmVyJTIyJTNFJTNDJTJGc3BhbiUzRSUzQ2RpdiUyMGNsYXNzJTNEJTIydWJ0bi1kYXRhJTIwdWJ0bi10ZXh0JTIyJTNFRGVzY3VicmUlMjBlbCUyMG1hcGElMjBkZSUyMGxhcyUyMGNvbG1lbmFzJTIwdGVjbm9sJUMzJUIzZ2ljYXMlMEElM0MlMkZkaXYlM0UlM0MlMkZidXR0b24lM0UlM0MlMkZhJTNFJTNDJTJGZGl2JTNF[\/vc_raw_html][\/vc_column][vc_column width=\u00bb1\/2&#8243; offset=\u00bbvc_col-lg-offset-2 vc_col-lg-4&#8243;][vc_single_image image=\u00bb11259&#8243; img_size=\u00bbfull\u00bb alignment=\u00bbcenter\u00bb][vc_column_text el_class=\u00bbtext-center\u00bb]<\/p>\n<div id=\"tw-target-text-container\" class=\"tw-ta-container F0azHf tw-nfl\" tabindex=\"0\">\n<p id=\"tw-target-text\" class=\"tw-data-text tw-text-large tw-ta\" dir=\"ltr\" data-placeholder=\"Traduzione\" data-ved=\"2ahUKEwiayOie5cCCAxVZ2gIHHSJkCRgQ3ewLegQICRAQ\"><span class=\"Y2IQFc\" lang=\"es\"><strong>2.350<\/strong><br \/>\nplantas nectar\u00edferas cuidadas<br \/>\n<\/span><\/p>\n<\/div>\n<p>[\/vc_column_text][vc_raw_html]JTNDZGl2JTIwY2xhc3MlM0QlMjJ0ZXh0LWNlbnRlciUyMiUzRSUzQ2ElMjBjbGFzcyUzRCUyMmJ0bi1mcmVjY2lhJTIwZnJlY2NpYS1ibHUlMjBidG4td2hpdGUlMjIlMjBocmVmJTNEJTIyaHR0cHMlM0ElMkYlMkZ3d3cuZm94eS5ldSUyRmVzJTJGZm94eS1hLWZhdm9yLWRlLTNiZWUlMkYlM0ZmaWx0cm8lM0RvYXNpJTIyJTNFJTNDYnV0dG9uJTIwdHlwZSUzRCUyMmJ1dHRvbiUyMiUyMGNsYXNzJTNEJTIydWJ0biUyMHVsdC1hZGp1c3QtYm90dG9tLW1hcmdpbiUyMHVsdC1yZXNwb25zaXZlJTIwdWJ0bi1sYXJnZSUyMHVidG4tbm8taG92ZXItYmclMjAlMjBub25lJTIwJTIwdWJ0bi1jZW50ZXIlMjAlMjAlMjIlM0UlM0NzcGFuJTIwY2xhc3MlM0QlMjJ1YnRuLWhvdmVyJTIyJTNFJTNDJTJGc3BhbiUzRSUzQ2RpdiUyMGNsYXNzJTNEJTIydWJ0bi1kYXRhJTIwdWJ0bi10ZXh0JTIyJTNFRGVzY3VicmUlMjBlbCUyMG1hcGElMjBkZSUyMGxvcyUyMG9hc2lzJTIwZGUlMjBiaW9kaXZlcnNpZGFkJTNDJTJGZGl2JTNFJTNDJTJGYnV0dG9uJTNFJTNDJTJGYSUzRSUzQyUyRmRpdiUzRQ==[\/vc_raw_html][\/vc_column][\/vc_row][vc_row equal_height=\u00bbyes\u00bb content_placement=\u00bbmiddle\u00bb el_class=\u00bbmtop60&#8243; css=\u00bb.vc_custom_1667985380198{margin-bottom: 0px !important;}\u00bb][vc_column width=\u00bb1\/6&#8243; offset=\u00bbvc_col-lg-2 vc_col-md-2&#8243; el_class=\u00bbape-medio\u00bb][vc_single_image image=\u00bb11271&#8243; img_size=\u00bbfull\u00bb el_class=\u00bbape ape-sx\u00bb][vc_single_image image=\u00bb11266&#8243; img_size=\u00bbfull\u00bb alignment=\u00bbright\u00bb el_class=\u00bbape-big\u00bb][\/vc_column][vc_column width=\u00bb2\/3&#8243; offset=\u00bbvc_col-lg-8 vc_col-md-8&#8243;][vc_column_text el_class=\u00bbtext-center tit-h2-normal\u00bb]<\/p>\n<h2>Foxy dedica toda <strong>una gama de productos<\/strong> a este proyecto: <strong>Foxy Love the Bee<\/strong>, papel higi\u00e9nico y papel de cocina,\u00a0<strong>\u00a1el papel que ama y protege a las abejas!<\/strong><\/h2>\n<p>[\/vc_column_text][\/vc_column][vc_column width=\u00bb1\/6&#8243; offset=\u00bbvc_col-lg-2 vc_col-md-2&#8243; el_class=\u00bbape-basso\u00bb][vc_single_image image=\u00bb11281&#8243; img_size=\u00bbfull\u00bb alignment=\u00bbright\u00bb el_class=\u00bbape\u00bb][vc_single_image image=\u00bb11286&#8243; img_size=\u00bbfull\u00bb alignment=\u00bbcenter\u00bb el_class=\u00bbape-big\u00bb css=\u00bb.vc_custom_1667985337661{margin-bottom: 0px !important;}\u00bb][\/vc_column][\/vc_row][vc_row full_width=\u00bbstretch_row_content_no_spaces\u00bb equal_height=\u00bbyes\u00bb content_placement=\u00bbmiddle\u00bb el_class=\u00bbriga-prodotti-api\u00bb][vc_column width=\u00bb1\/3&#8243; el_class=\u00bbprodotto-bee\u00bb][vc_single_image image=\u00bb11811&#8243; img_size=\u00bbfull\u00bb alignment=\u00bbcenter\u00bb onclick=\u00bbcustom_link\u00bb link=\u00bbhttps:\/\/www.foxy.eu\/es\/productos\/foxy-love-the-bee-papel-cocina\/\u00bb][vc_raw_html]JTNDZGl2JTIwY2xhc3MlM0QlMjJjYXRlZ29yeV9yZWxhdGVkJTIyJTNFUEFQRUwlMjBDT0NJTkElM0MlMkZkaXYlM0UlMEElM0NhJTIwY2xhc3MlM0QlMjJ1YnRuLWxpbmslMjB1bHQtYWRqdXN0LWJvdHRvbS1tYXJnaW4lMjB1YnRuLWNlbnRlciUyMHVidG4tbGFyZ2UlMjBidG4td2hpdGUlMjIlMjBocmVmJTNEJTIyaHR0cHMlM0ElMkYlMkZ3d3cuZm94eS5ldSUyRmVzJTJGcHJvZHVjdG9zJTJGZm94eS1sb3ZlLXRoZS1iZWUtcGFwZWwtY29jaW5hJTJGJTIyJTNFJTNDYnV0dG9uJTIwdHlwZSUzRCUyMmJ1dHRvbiUyMiUyMGNsYXNzJTNEJTIydWJ0biUyMHVsdC1hZGp1c3QtYm90dG9tLW1hcmdpbiUyMHVsdC1yZXNwb25zaXZlJTIwdWJ0bi1sYXJnZSUyMHVidG4tbm8taG92ZXItYmclMjAlMjBub25lJTIwJTIwdWJ0bi1jZW50ZXIlMjAlMjAlMjIlM0UlM0NzcGFuJTIwY2xhc3MlM0QlMjJ1YnRuLWhvdmVyJTIyJTNFJTNDJTJGc3BhbiUzRSUzQ2RpdiUyMGNsYXNzJTNEJTIydWJ0bi1kYXRhJTIwdWJ0bi10ZXh0JTIyJTNFRm94eSUyMExvdmUlMjB0aGUlMjBCZWUlM0MlMkZkaXYlM0UlM0MlMkZidXR0b24lM0UlM0MlMkZhJTNF[\/vc_raw_html][\/vc_column][vc_column width=\u00bb1\/3&#8243; el_class=\u00bbprodotto-bee\u00bb][vc_single_image image=\u00bb11823&#8243; img_size=\u00bbfull\u00bb alignment=\u00bbcenter\u00bb onclick=\u00bbcustom_link\u00bb link=\u00bbhttps:\/\/www.foxy.eu\/es\/productos\/foxy-love-the-bee-papel-higienicos\/\u00bb][vc_raw_html]JTNDZGl2JTIwY2xhc3MlM0QlMjJjYXRlZ29yeV9yZWxhdGVkJTIyJTNFUEFQRUwlMjBISUdJJUMzJTg5TklDTyUzQyUyRmRpdiUzRSUwQSUzQ2ElMjBjbGFzcyUzRCUyMnVidG4tbGluayUyMHVsdC1hZGp1c3QtYm90dG9tLW1hcmdpbiUyMHVidG4tY2VudGVyJTIwdWJ0bi1sYXJnZSUyMGJ0bi13aGl0ZSUyMiUyMGhyZWYlM0QlMjJodHRwcyUzQSUyRiUyRnd3dy5mb3h5LmV1JTJGZXMlMkZwcm9kdWN0b3MlMkZmb3h5LWxvdmUtdGhlLWJlZS1wYXBlbC1oaWdpZW5pY29zJTJGJTIyJTNFJTNDYnV0dG9uJTIwdHlwZSUzRCUyMmJ1dHRvbiUyMiUyMGNsYXNzJTNEJTIydWJ0biUyMHVsdC1hZGp1c3QtYm90dG9tLW1hcmdpbiUyMHVsdC1yZXNwb25zaXZlJTIwdWJ0bi1sYXJnZSUyMHVidG4tbm8taG92ZXItYmclMjAlMjBub25lJTIwJTIwdWJ0bi1jZW50ZXIlMjAlMjAlMjIlM0UlM0NzcGFuJTIwY2xhc3MlM0QlMjJ1YnRuLWhvdmVyJTIyJTNFJTNDJTJGc3BhbiUzRSUzQ2RpdiUyMGNsYXNzJTNEJTIydWJ0bi1kYXRhJTIwdWJ0bi10ZXh0JTIyJTNFRm94eSUyMExvdmUlMjB0aGUlMjBCZWUlM0MlMkZkaXYlM0UlM0MlMkZidXR0b24lM0UlM0MlMkZhJTNF[\/vc_raw_html][\/vc_column][vc_column width=\u00bb1\/3&#8243; el_class=\u00bbprodotto-bee\u00bb][vc_single_image image=\u00bb11841&#8243; img_size=\u00bbfull\u00bb alignment=\u00bbcenter\u00bb onclick=\u00bbcustom_link\u00bb link=\u00bbhttps:\/\/www.foxy.eu\/es\/productos\/love-the-bee-jumbo\/\u00bb][vc_raw_html]JTNDZGl2JTIwY2xhc3MlM0QlMjJjYXRlZ29yeV9yZWxhdGVkJTIyJTNFUEFQRUwlMjBDT0NJTkElM0MlMkZkaXYlM0UlMEElM0NhJTIwY2xhc3MlM0QlMjJ1YnRuLWxpbmslMjB1bHQtYWRqdXN0LWJvdHRvbS1tYXJnaW4lMjB1YnRuLWNlbnRlciUyMHVidG4tbGFyZ2UlMjBidG4td2hpdGUlMjIlMjBocmVmJTNEJTIyaHR0cHMlM0ElMkYlMkZ3d3cuZm94eS5ldSUyRmVzJTJGcHJvZG90dGklMkZsb3ZlLXRoZS1iZWUtanVtYm8lMjIlMkYlM0UlM0NidXR0b24lMjB0eXBlJTNEJTIyYnV0dG9uJTIyJTIwY2xhc3MlM0QlMjJ1YnRuJTIwdWx0LWFkanVzdC1ib3R0b20tbWFyZ2luJTIwdWx0LXJlc3BvbnNpdmUlMjB1YnRuLWxhcmdlJTIwdWJ0bi1uby1ob3Zlci1iZyUyMCUyMG5vbmUlMjAlMjB1YnRuLWNlbnRlciUyMCUyMCUyMiUzRSUzQ3NwYW4lMjBjbGFzcyUzRCUyMnVidG4taG92ZXIlMjIlM0UlM0MlMkZzcGFuJTNFJTNDZGl2JTIwY2xhc3MlM0QlMjJ1YnRuLWRhdGElMjB1YnRuLXRleHQlMjIlM0VGb3h5JTIwTG92ZSUyMHRoZSUyMEJlZSUyMEp1bWJvJTNDJTJGZGl2JTNFJTNDJTJGYnV0dG9uJTNFJTNDJTJGYSUzRQ==[\/vc_raw_html][\/vc_column][\/vc_row][vc_row equal_height=\u00bbyes\u00bb el_class=\u00bbbanner_schede\u00bb][vc_column offset=\u00bbvc_col-lg-offset-0 vc_col-md-offset-0&#8243;][vc_column_text el_class=\u00bbtext-center title_mondo_foxy_related\u00bb]Descubre el compromiso de Foxy[\/vc_column_text][\/vc_column][vc_column width=\u00bb5\/12&#8243; offset=\u00bbvc_col-lg-offset-1 vc_col-md-offset-1 vc_col-sm-offset-1&#8243;][vc_single_image image=\u00bb11885&#8243; img_size=\u00bbfull\u00bb alignment=\u00bbcenter\u00bb onclick=\u00bbcustom_link\u00bb link=\u00bbhttps:\/\/www.foxy.eu\/es\/el-compromiso-de-foxy\/foxy-a-favor-de-unicef\/\u00bb][vc_column_text el_class=\u00bbbanner_schede_cta\u00bb]<a href=\"https:\/\/www.foxy.eu\/es\/el-compromiso-de-foxy\/foxy-a-favor-de-unicef\/\">Foxy a favor de UNICEF<\/a>[\/vc_column_text][\/vc_column][vc_column width=\u00bb5\/12&#8243; offset=\u00bbvc_col-lg-offset-0 vc_col-md-offset-0&#8243;][vc_single_image image=\u00bb11878&#8243; img_size=\u00bbfull\u00bb alignment=\u00bbcenter\u00bb onclick=\u00bbcustom_link\u00bb link=\u00bbhttps:\/\/www.foxy.eu\/es\/el-compromiso-de-foxy\/etiqueta-transparencia\/\u00bb][vc_column_text el_class=\u00bbbanner_schede_cta\u00bb]<a href=\"https:\/\/www.foxy.eu\/es\/el-compromiso-de-foxy\/etiqueta-transparencia\/\">Etiqueta de transparencia<\/a>[\/vc_column_text][\/vc_column][\/vc_row]<\/p>\n","protected":false},"excerpt":{"rendered":"<p>[vc_row full_width=\u00bbstretch_row_content\u00bb equal_height=\u00bbyes\u00bb content_placement=\u00bbmiddle\u00bb el_class=\u00bbsotto-hero\u00bb][vc_column width=\u00bb1\/3&#8243;][\/vc_column][vc_column width=\u00bb1\/3&#8243;][vc_single_image image=\u00bb19971&#8243; img_size=\u00bbfull\u00bb alignment=\u00bbcenter\u00bb el_class=\u00bblogo-associazione-medio\u00bb][\/vc_column][vc_column width=\u00bb1\/3&#8243;][\/vc_column][\/vc_row][vc_row equal_height=\u00bbyes\u00bb el_class=\u00bbmbot60&#8243;][vc_column width=\u00bb1\/6&#8243; offset=\u00bbvc_col-lg-2 vc_col-md-2&#8243; el_class=\u00bbape-basso\u00bb][vc_single_image image=\u00bb11238&#8243; img_size=\u00bbfull\u00bb el_class=\u00bbape\u00bb][\/vc_column][vc_column width=\u00bb2\/3&#8243; offset=\u00bbvc_col-lg-8 vc_col-md-8&#8243;][vc_column_text el_class=\u00bbtext-center tit-h2-normal\u00bb] Foxy ha firmado un&#8230;<\/p>\n","protected":false},"author":1,"featured_media":0,"parent":10795,"menu_order":0,"comment_status":"closed","ping_status":"closed","template":"template-page-mondo-foxy.php","meta":[],"categories":[],"tags":[],"yoast_head":"<!-- This site is optimized with the Yoast SEO plugin v19.14 - https:\/\/yoast.com\/wordpress\/plugins\/seo\/ -->\n<title>3Bee - Foxy<\/title>\n<meta name=\"robots\" content=\"index, follow, max-snippet:-1, max-image-preview:large, max-video-preview:-1\" \/>\n<link rel=\"canonical\" href=\"https:\/\/www.foxy.eu\/es\/el-compromiso-de-foxy\/3bee\/\" \/>\n<meta property=\"og:locale\" content=\"es_ES\" \/>\n<meta property=\"og:type\" content=\"article\" \/>\n<meta property=\"og:title\" content=\"3Bee - Foxy\" \/>\n<meta property=\"og:description\" content=\"[vc_row full_width=\u00bbstretch_row_content\u00bb equal_height=\u00bbyes\u00bb content_placement=\u00bbmiddle\u00bb el_class=\u00bbsotto-hero\u00bb][vc_column width=\u00bb1\/3&#8243;][\/vc_column][vc_column width=\u00bb1\/3&#8243;][vc_single_image image=\u00bb19971&#8243; img_size=\u00bbfull\u00bb alignment=\u00bbcenter\u00bb el_class=\u00bblogo-associazione-medio\u00bb][\/vc_column][vc_column width=\u00bb1\/3&#8243;][\/vc_column][\/vc_row][vc_row equal_height=\u00bbyes\u00bb el_class=\u00bbmbot60&#8243;][vc_column width=\u00bb1\/6&#8243; offset=\u00bbvc_col-lg-2 vc_col-md-2&#8243; el_class=\u00bbape-basso\u00bb][vc_single_image image=\u00bb11238&#8243; img_size=\u00bbfull\u00bb el_class=\u00bbape\u00bb][\/vc_column][vc_column width=\u00bb2\/3&#8243; offset=\u00bbvc_col-lg-8 vc_col-md-8&#8243;][vc_column_text el_class=\u00bbtext-center tit-h2-normal\u00bb] Foxy ha firmado un...\" \/>\n<meta property=\"og:url\" content=\"https:\/\/www.foxy.eu\/es\/el-compromiso-de-foxy\/3bee\/\" \/>\n<meta property=\"og:site_name\" content=\"Foxy\" \/>\n<meta property=\"article:publisher\" content=\"https:\/\/www.facebook.com\/Foxy.Italia\" \/>\n<meta property=\"article:modified_time\" content=\"2025-01-10T11:47:01+00:00\" \/>\n<meta name=\"twitter:card\" content=\"summary_large_image\" \/>\n<meta name=\"twitter:label1\" content=\"Est. reading time\" \/>\n\t<meta name=\"twitter:data1\" content=\"4 minutos\" \/>\n<script type=\"application\/ld+json\" class=\"yoast-schema-graph\">{\"@context\":\"https:\/\/schema.org\",\"@graph\":[{\"@type\":\"WebPage\",\"@id\":\"https:\/\/www.foxy.eu\/es\/el-compromiso-de-foxy\/3bee\/\",\"url\":\"https:\/\/www.foxy.eu\/es\/el-compromiso-de-foxy\/3bee\/\",\"name\":\"3Bee - Foxy\",\"isPartOf\":{\"@id\":\"https:\/\/www.foxy.eu\/#website\"},\"datePublished\":\"2023-03-06T15:32:54+00:00\",\"dateModified\":\"2025-01-10T11:47:01+00:00\",\"breadcrumb\":{\"@id\":\"https:\/\/www.foxy.eu\/es\/el-compromiso-de-foxy\/3bee\/#breadcrumb\"},\"inLanguage\":\"es\",\"potentialAction\":[{\"@type\":\"ReadAction\",\"target\":[\"https:\/\/www.foxy.eu\/es\/el-compromiso-de-foxy\/3bee\/\"]}]},{\"@type\":\"BreadcrumbList\",\"@id\":\"https:\/\/www.foxy.eu\/es\/el-compromiso-de-foxy\/3bee\/#breadcrumb\",\"itemListElement\":[{\"@type\":\"ListItem\",\"position\":1,\"name\":\"Home\",\"item\":\"https:\/\/www.foxy.eu\/es\/\"},{\"@type\":\"ListItem\",\"position\":2,\"name\":\"El compromiso de Foxy\",\"item\":\"https:\/\/www.foxy.eu\/es\/el-compromiso-de-foxy\/\"},{\"@type\":\"ListItem\",\"position\":3,\"name\":\"3Bee\"}]},{\"@type\":\"WebSite\",\"@id\":\"https:\/\/www.foxy.eu\/#website\",\"url\":\"https:\/\/www.foxy.eu\/\",\"name\":\"Foxy\",\"description\":\"Un nuovo sito targato WordPress\",\"publisher\":{\"@id\":\"https:\/\/www.foxy.eu\/#organization\"},\"alternateName\":\"Scopri tutta la gamma di prodotti e iniziative Foxy. Abbiamo pensato a un mondo su misura per te.\",\"potentialAction\":[{\"@type\":\"SearchAction\",\"target\":{\"@type\":\"EntryPoint\",\"urlTemplate\":\"https:\/\/www.foxy.eu\/?s={search_term_string}\"},\"query-input\":\"required name=search_term_string\"}],\"inLanguage\":\"es\"},{\"@type\":\"Organization\",\"@id\":\"https:\/\/www.foxy.eu\/#organization\",\"name\":\"Foxy | Sempre vicina a te!\",\"alternateName\":\"Scopri tutta la gamma di prodotti e iniziative Foxy. Abbiamo pensato a un mondo su misura per te.\",\"url\":\"https:\/\/www.foxy.eu\/\",\"logo\":{\"@type\":\"ImageObject\",\"inLanguage\":\"es\",\"@id\":\"https:\/\/www.foxy.eu\/#\/schema\/logo\/image\/\",\"url\":\"https:\/\/enkaz3824io.exactdn.com\/wp-content\/uploads\/2020\/07\/hp_big_logo@2x.png?strip=all&lossy=1&ssl=1\",\"contentUrl\":\"https:\/\/enkaz3824io.exactdn.com\/wp-content\/uploads\/2020\/07\/hp_big_logo@2x.png?strip=all&lossy=1&ssl=1\",\"width\":518,\"height\":366,\"caption\":\"Foxy | Sempre vicina a te!\"},\"image\":{\"@id\":\"https:\/\/www.foxy.eu\/#\/schema\/logo\/image\/\"},\"sameAs\":[\"https:\/\/www.instagram.com\/foxy\/\",\"https:\/\/www.youtube.com\/channel\/UCpCfvrNg7u0O0jSeH9B9ygA\",\"https:\/\/www.facebook.com\/Foxy.Italia\"]}]}<\/script>\n<!-- \/ Yoast SEO plugin. -->","yoast_head_json":{"title":"3Bee - Foxy","robots":{"index":"index","follow":"follow","max-snippet":"max-snippet:-1","max-image-preview":"max-image-preview:large","max-video-preview":"max-video-preview:-1"},"canonical":"https:\/\/www.foxy.eu\/es\/el-compromiso-de-foxy\/3bee\/","og_locale":"es_ES","og_type":"article","og_title":"3Bee - Foxy","og_description":"[vc_row full_width=\u00bbstretch_row_content\u00bb equal_height=\u00bbyes\u00bb content_placement=\u00bbmiddle\u00bb el_class=\u00bbsotto-hero\u00bb][vc_column width=\u00bb1\/3&#8243;][\/vc_column][vc_column width=\u00bb1\/3&#8243;][vc_single_image image=\u00bb19971&#8243; img_size=\u00bbfull\u00bb alignment=\u00bbcenter\u00bb el_class=\u00bblogo-associazione-medio\u00bb][\/vc_column][vc_column width=\u00bb1\/3&#8243;][\/vc_column][\/vc_row][vc_row equal_height=\u00bbyes\u00bb el_class=\u00bbmbot60&#8243;][vc_column width=\u00bb1\/6&#8243; offset=\u00bbvc_col-lg-2 vc_col-md-2&#8243; el_class=\u00bbape-basso\u00bb][vc_single_image image=\u00bb11238&#8243; img_size=\u00bbfull\u00bb el_class=\u00bbape\u00bb][\/vc_column][vc_column width=\u00bb2\/3&#8243; offset=\u00bbvc_col-lg-8 vc_col-md-8&#8243;][vc_column_text el_class=\u00bbtext-center tit-h2-normal\u00bb] Foxy ha firmado un...","og_url":"https:\/\/www.foxy.eu\/es\/el-compromiso-de-foxy\/3bee\/","og_site_name":"Foxy","article_publisher":"https:\/\/www.facebook.com\/Foxy.Italia","article_modified_time":"2025-01-10T11:47:01+00:00","twitter_card":"summary_large_image","twitter_misc":{"Est. reading time":"4 minutos"},"schema":{"@context":"https:\/\/schema.org","@graph":[{"@type":"WebPage","@id":"https:\/\/www.foxy.eu\/es\/el-compromiso-de-foxy\/3bee\/","url":"https:\/\/www.foxy.eu\/es\/el-compromiso-de-foxy\/3bee\/","name":"3Bee - Foxy","isPartOf":{"@id":"https:\/\/www.foxy.eu\/#website"},"datePublished":"2023-03-06T15:32:54+00:00","dateModified":"2025-01-10T11:47:01+00:00","breadcrumb":{"@id":"https:\/\/www.foxy.eu\/es\/el-compromiso-de-foxy\/3bee\/#breadcrumb"},"inLanguage":"es","potentialAction":[{"@type":"ReadAction","target":["https:\/\/www.foxy.eu\/es\/el-compromiso-de-foxy\/3bee\/"]}]},{"@type":"BreadcrumbList","@id":"https:\/\/www.foxy.eu\/es\/el-compromiso-de-foxy\/3bee\/#breadcrumb","itemListElement":[{"@type":"ListItem","position":1,"name":"Home","item":"https:\/\/www.foxy.eu\/es\/"},{"@type":"ListItem","position":2,"name":"El compromiso de Foxy","item":"https:\/\/www.foxy.eu\/es\/el-compromiso-de-foxy\/"},{"@type":"ListItem","position":3,"name":"3Bee"}]},{"@type":"WebSite","@id":"https:\/\/www.foxy.eu\/#website","url":"https:\/\/www.foxy.eu\/","name":"Foxy","description":"Un nuovo sito targato WordPress","publisher":{"@id":"https:\/\/www.foxy.eu\/#organization"},"alternateName":"Scopri tutta la gamma di prodotti e iniziative Foxy. Abbiamo pensato a un mondo su misura per te.","potentialAction":[{"@type":"SearchAction","target":{"@type":"EntryPoint","urlTemplate":"https:\/\/www.foxy.eu\/?s={search_term_string}"},"query-input":"required name=search_term_string"}],"inLanguage":"es"},{"@type":"Organization","@id":"https:\/\/www.foxy.eu\/#organization","name":"Foxy | Sempre vicina a te!","alternateName":"Scopri tutta la gamma di prodotti e iniziative Foxy. Abbiamo pensato a un mondo su misura per te.","url":"https:\/\/www.foxy.eu\/","logo":{"@type":"ImageObject","inLanguage":"es","@id":"https:\/\/www.foxy.eu\/#\/schema\/logo\/image\/","url":"https:\/\/enkaz3824io.exactdn.com\/wp-content\/uploads\/2020\/07\/hp_big_logo@2x.png?strip=all&lossy=1&ssl=1","contentUrl":"https:\/\/enkaz3824io.exactdn.com\/wp-content\/uploads\/2020\/07\/hp_big_logo@2x.png?strip=all&lossy=1&ssl=1","width":518,"height":366,"caption":"Foxy | Sempre vicina a te!"},"image":{"@id":"https:\/\/www.foxy.eu\/#\/schema\/logo\/image\/"},"sameAs":["https:\/\/www.instagram.com\/foxy\/","https:\/\/www.youtube.com\/channel\/UCpCfvrNg7u0O0jSeH9B9ygA","https:\/\/www.facebook.com\/Foxy.Italia"]}]}},"_links":{"self":[{"href":"https:\/\/www.foxy.eu\/es\/wp-json\/wp\/v2\/pages\/11756"}],"collection":[{"href":"https:\/\/www.foxy.eu\/es\/wp-json\/wp\/v2\/pages"}],"about":[{"href":"https:\/\/www.foxy.eu\/es\/wp-json\/wp\/v2\/types\/page"}],"author":[{"embeddable":true,"href":"https:\/\/www.foxy.eu\/es\/wp-json\/wp\/v2\/users\/1"}],"replies":[{"embeddable":true,"href":"https:\/\/www.foxy.eu\/es\/wp-json\/wp\/v2\/comments?post=11756"}],"version-history":[{"count":58,"href":"https:\/\/www.foxy.eu\/es\/wp-json\/wp\/v2\/pages\/11756\/revisions"}],"predecessor-version":[{"id":20701,"href":"https:\/\/www.foxy.eu\/es\/wp-json\/wp\/v2\/pages\/11756\/revisions\/20701"}],"up":[{"embeddable":true,"href":"https:\/\/www.foxy.eu\/es\/wp-json\/wp\/v2\/pages\/10795"}],"wp:attachment":[{"href":"https:\/\/www.foxy.eu\/es\/wp-json\/wp\/v2\/media?parent=11756"}],"wp:term":[{"taxonomy":"category","embeddable":true,"href":"https:\/\/www.foxy.eu\/es\/wp-json\/wp\/v2\/categories?post=11756"},{"taxonomy":"post_tag","embeddable":true,"href":"https:\/\/www.foxy.eu\/es\/wp-json\/wp\/v2\/tags?post=11756"}],"curies":[{"name":"wp","href":"https:\/\/api.w.org\/{rel}","templated":true}]}}