
{"id":10795,"date":"2022-05-20T14:55:31","date_gmt":"2022-05-20T12:55:31","guid":{"rendered":"https:\/\/www.foxy.eu\/limpegnodifoxy\/"},"modified":"2024-10-17T09:27:45","modified_gmt":"2024-10-17T07:27:45","slug":"el-compromiso-de-foxy","status":"publish","type":"page","link":"https:\/\/www.foxy.eu\/es\/el-compromiso-de-foxy\/","title":{"rendered":"El compromiso de Foxy"},"content":{"rendered":"<p>[vc_row][vc_column width=\u00bb5\/6&#8243; offset=\u00bbvc_col-lg-offset-2 vc_col-lg-8 vc_col-md-offset-2 vc_col-md-8 vc_col-sm-offset-1&#8243;][vc_column_text el_class=\u00bbtext-center\u00bb]<\/p>\n<h2>La promesa de Foxy es estar siempre cerca de ti, hoy y en el futuro.<\/h2>\n<p>[\/vc_column_text][\/vc_column][\/vc_row][vc_row el_class=\u00bbmbot60&#8243;][vc_column width=\u00bb5\/6&#8243; offset=\u00bbvc_col-lg-offset-3 vc_col-lg-6 vc_col-md-offset-3 vc_col-md-6 vc_col-sm-offset-1&#8243;][vc_column_text]<\/p>\n<p style=\"text-align: center;\">Comunicar las caracter\u00edsticas de los productos de forma transparente, reducir el uso de pl\u00e1stico virgen estimulando la reutilizaci\u00f3n de pl\u00e1stico reciclado, utilizar fuentes renovables, apoyar proyectos humanitarios y de protecci\u00f3n del medio ambiente, son algunas de las actividades en las que se materializa el compromiso de Foxy.<\/p>\n<p>[\/vc_column_text][\/vc_column][\/vc_row][vc_row equal_height=\u00bbyes\u00bb content_placement=\u00bbmiddle\u00bb el_class=\u00bbmbot100&#8243;][vc_column width=\u00bb1\/2&#8243; offset=\u00bbvc_col-lg-6&#8243;][vc_single_image image=\u00bb10820&#8243; img_size=\u00bbfull\u00bb el_class=\u00bbimg-radius img-shadow-basso-destra\u00bb][\/vc_column][vc_column width=\u00bb1\/2&#8243; offset=\u00bbvc_col-lg-offset-1 vc_col-lg-4&#8243; el_class=\u00bborder-2&#8243;][vc_column_text]<\/p>\n<h3>Etiqueta de transparencia<\/h3>\n<p>[\/vc_column_text][vc_column_text]Foxy quiere darse a conocer y contar todo sobre sus productos. Por eso, en la parte trasera del packaging en todos ellos, hay una etiqueta que contiene toda la informaci\u00f3n que permite a nuestros consumidores tomar una decisi\u00f3n conociendo todos los detalles.[\/vc_column_text]<div class=\" ubtn-ctn-left btn-white btn-freccia btn-freccia-blu btn-dynamo ong\"><a class=\"ubtn-link ult-adjust-bottom-margin ubtn-left ubtn-large btn-white btn-freccia btn-freccia-blu btn-dynamo ong\" href=\"https:\/\/www.foxy.eu\/es\/el-compromiso-de-foxy\/etiqueta-transparencia\/\" title=\"Etiqueta transparencia\" ><button type=\"button\" id=\"ubtn-2463\"  class=\"ubtn ult-adjust-bottom-margin ult-responsive ubtn-large ubtn-no-hover-bg  none  ubtn-left   tooltip-69f06e9c81c19\"  data-hover=\"\" data-border-color=\"\" data-bg=\"\" data-hover-bg=\"\" data-border-hover=\"\" data-shadow-hover=\"\" data-shadow-click=\"none\" data-shadow=\"\" data-shd-shadow=\"\"  data-ultimate-target='#ubtn-2463'  data-responsive-json-new='{\"font-size\":\"\",\"line-height\":\"\"}'  style=\"font-weight:normal;border:none;\"><span class=\"ubtn-hover\" style=\"background-color:\"><\/span><span class=\"ubtn-data ubtn-text \" >Descubre la etiqueta de transparencia<\/span><\/button><\/a><\/div>[\/vc_column][\/vc_row][vc_row equal_height=\u00bbyes\u00bb content_placement=\u00bbmiddle\u00bb el_class=\u00bbmbot100&#8243;][vc_column width=\u00bb1\/2&#8243; offset=\u00bbvc_col-lg-offset-1 vc_col-lg-4&#8243;][vc_column_text]<\/p>\n<h3>Foxy a favor de UNICEF<\/h3>\n<p>[\/vc_column_text][vc_column_text]Desde 2013, Foxy apoya a UNICEF en diferentes proyectos nacionales e internacionales a favor de la infancia, colaborando principalmente en la escolarizaci\u00f3n de ni\u00f1as, la vacunaci\u00f3n y el acceso al agua potable.[\/vc_column_text]<div class=\" ubtn-ctn-left btn-white btn-freccia btn-freccia-blu btn-dynamo ong\"><a class=\"ubtn-link ult-adjust-bottom-margin ubtn-left ubtn-large btn-white btn-freccia btn-freccia-blu btn-dynamo ong\" href=\"https:\/\/www.foxy.eu\/es\/el-compromiso-de-foxy\/foxy-a-favor-de-unicef\/\" title=\"Foxy a favor de UNICEF\" ><button type=\"button\" id=\"ubtn-2517\"  class=\"ubtn ult-adjust-bottom-margin ult-responsive ubtn-large ubtn-no-hover-bg  none  ubtn-left   tooltip-69f06e9c81c86\"  data-hover=\"\" data-border-color=\"\" data-bg=\"\" data-hover-bg=\"\" data-border-hover=\"\" data-shadow-hover=\"\" data-shadow-click=\"none\" data-shadow=\"\" data-shd-shadow=\"\"  data-ultimate-target='#ubtn-2517'  data-responsive-json-new='{\"font-size\":\"\",\"line-height\":\"\"}'  style=\"font-weight:normal;border:none;\"><span class=\"ubtn-hover\" style=\"background-color:\"><\/span><span class=\"ubtn-data ubtn-text \" >Foxy a favor de UNICEF<\/span><\/button><\/a><\/div>[\/vc_column][vc_column width=\u00bb1\/2&#8243; offset=\u00bbvc_col-lg-offset-1&#8243;][vc_single_image image=\u00bb2780&#8243; img_size=\u00bbfull\u00bb el_class=\u00bbimg-radius img-shadow-basso-destra\u00bb][\/vc_column][\/vc_row][vc_row equal_height=\u00bbyes\u00bb content_placement=\u00bbmiddle\u00bb el_class=\u00bbmbot100&#8243;][vc_column width=\u00bb1\/2&#8243; offset=\u00bbvc_col-lg-6&#8243;][vc_single_image image=\u00bb12565&#8243; img_size=\u00bbfull\u00bb el_class=\u00bbimg-radius img-shadow-basso-destra\u00bb][\/vc_column][vc_column width=\u00bb1\/2&#8243; offset=\u00bbvc_col-lg-offset-1 vc_col-lg-4&#8243; el_class=\u00bborder-2&#8243;][vc_column_text]<\/p>\n<h3>Fundaci\u00f3n Integralia<\/h3>\n<p>[\/vc_column_text][vc_column_text]La Fundaci\u00f3n Integralia tiene como misi\u00f3n la inclusi\u00f3n sociolaboral de personas con discapacidad y enfermedades cr\u00f3nicas\/degenerativas, con prioridad en la alta discapacidad y con dificultades para incorporarse al mercado laboral.[\/vc_column_text]<div class=\" ubtn-ctn-left btn-white btn-freccia btn-freccia-blu btn-dynamo ong\"><a class=\"ubtn-link ult-adjust-bottom-margin ubtn-left ubtn-large btn-white btn-freccia btn-freccia-blu btn-dynamo ong\" href=\"https:\/\/www.foxy.eu\/es\/el-compromiso-de-foxy\/fundacion-integralia\/\" title=\"Etiqueta transparencia\" ><button type=\"button\" id=\"ubtn-5325\"  class=\"ubtn ult-adjust-bottom-margin ult-responsive ubtn-large ubtn-no-hover-bg  none  ubtn-left   tooltip-69f06e9c81cca\"  data-hover=\"\" data-border-color=\"\" data-bg=\"\" data-hover-bg=\"\" data-border-hover=\"\" data-shadow-hover=\"\" data-shadow-click=\"none\" data-shadow=\"\" data-shd-shadow=\"\"  data-ultimate-target='#ubtn-5325'  data-responsive-json-new='{\"font-size\":\"\",\"line-height\":\"\"}'  style=\"font-weight:normal;border:none;\"><span class=\"ubtn-hover\" style=\"background-color:\"><\/span><span class=\"ubtn-data ubtn-text \" >Descubre Fundaci\u00f3n Integralia<\/span><\/button><\/a><\/div>[\/vc_column][\/vc_row][vc_row equal_height=\u00bbyes\u00bb content_placement=\u00bbmiddle\u00bb el_class=\u00bbmbot100&#8243;][vc_column width=\u00bb1\/2&#8243; offset=\u00bbvc_col-lg-offset-1 vc_col-lg-4&#8243;][vc_column_text]<\/p>\n<h3>Juega tu papel<\/h3>\n<p>[\/vc_column_text][vc_column_text]Juega tu papel es un proyecto sostenible y social cuya finalidad es repoblar diversas zonas geogr\u00e1ficas en todo el \u00e1mbito nacional para concienciar a la sociedad de la importancia que tiene el medioambiente en el mundo que vivimos.[\/vc_column_text]<div class=\" ubtn-ctn-left btn-white btn-freccia btn-freccia-blu btn-dynamo ong\"><a class=\"ubtn-link ult-adjust-bottom-margin ubtn-left ubtn-large btn-white btn-freccia btn-freccia-blu btn-dynamo ong\" href=\"https:\/\/www.foxy.eu\/es\/el-compromiso-de-foxy\/juega-tu-papel\/\" title=\"3Bee\" ><button type=\"button\" id=\"ubtn-1195\"  class=\"ubtn ult-adjust-bottom-margin ult-responsive ubtn-large ubtn-no-hover-bg  none  ubtn-left   tooltip-69f06e9c81d08\"  data-hover=\"\" data-border-color=\"\" data-bg=\"\" data-hover-bg=\"\" data-border-hover=\"\" data-shadow-hover=\"\" data-shadow-click=\"none\" data-shadow=\"\" data-shd-shadow=\"\"  data-ultimate-target='#ubtn-1195'  data-responsive-json-new='{\"font-size\":\"\",\"line-height\":\"\"}'  style=\"font-weight:normal;border:none;\"><span class=\"ubtn-hover\" style=\"background-color:\"><\/span><span class=\"ubtn-data ubtn-text \" >Descubre Juega tu papel<\/span><\/button><\/a><\/div>[\/vc_column][vc_column width=\u00bb1\/2&#8243; offset=\u00bbvc_col-lg-offset-1&#8243;][vc_single_image image=\u00bb12661&#8243; img_size=\u00bbfull\u00bb el_class=\u00bbimg-radius img-shadow-basso-destra\u00bb][\/vc_column][\/vc_row][vc_row equal_height=\u00bbyes\u00bb content_placement=\u00bbmiddle\u00bb el_class=\u00bbmbot100&#8243;][vc_column width=\u00bb1\/2&#8243;][vc_single_image image=\u00bb11431&#8243; img_size=\u00bbfull\u00bb el_class=\u00bbimg-radius img-shadow-basso-destra\u00bb][\/vc_column][vc_column width=\u00bb1\/2&#8243; offset=\u00bbvc_col-lg-offset-1 vc_col-lg-4&#8243;][vc_column_text]<\/p>\n<h3>Foxy a favor de 3Bee<\/h3>\n<p>[\/vc_column_text][vc_column_text]Foxy ha firmado un acuerdo con 3Bee para la protecci\u00f3n de las abejas, gracias al seguimiento de las colmenas.[\/vc_column_text]<div class=\" ubtn-ctn-left btn-white btn-freccia btn-freccia-blu btn-dynamo ong\"><a class=\"ubtn-link ult-adjust-bottom-margin ubtn-left ubtn-large btn-white btn-freccia btn-freccia-blu btn-dynamo ong\" href=\"https:\/\/www.foxy.eu\/es\/el-compromiso-de-foxy\/3bee\/\" title=\"3Bee\" ><button type=\"button\" id=\"ubtn-3123\"  class=\"ubtn ult-adjust-bottom-margin ult-responsive ubtn-large ubtn-no-hover-bg  none  ubtn-left   tooltip-69f06e9c81d40\"  data-hover=\"\" data-border-color=\"\" data-bg=\"\" data-hover-bg=\"\" data-border-hover=\"\" data-shadow-hover=\"\" data-shadow-click=\"none\" data-shadow=\"\" data-shd-shadow=\"\"  data-ultimate-target='#ubtn-3123'  data-responsive-json-new='{\"font-size\":\"\",\"line-height\":\"\"}'  style=\"font-weight:normal;border:none;\"><span class=\"ubtn-hover\" style=\"background-color:\"><\/span><span class=\"ubtn-data ubtn-text \" >Descubre Foxy a favor de 3Bee<\/span><\/button><\/a><\/div>[\/vc_column][\/vc_row][vc_row equal_height=\u00bbyes\u00bb content_placement=\u00bbmiddle\u00bb el_class=\u00bbmbot100&#8243;][vc_column width=\u00bb1\/2&#8243; offset=\u00bbvc_col-lg-offset-1 vc_col-lg-4&#8243;][vc_column_text]<\/p>\n<h3>NaviLens<\/h3>\n<p>[\/vc_column_text][vc_column_text]Gracias a la incorporaci\u00f3n de c\u00f3digos QR NaviLens en los envases, toda la informaci\u00f3n de los productos Foxy se vuelve f\u00e1cilmente accesible tambi\u00e9n para las personas con discapacidad visual.[\/vc_column_text]<div class=\" ubtn-ctn-left btn-white btn-freccia btn-freccia-blu btn-dynamo ong\"><a class=\"ubtn-link ult-adjust-bottom-margin ubtn-left ubtn-large btn-white btn-freccia btn-freccia-blu btn-dynamo ong\" href=\"https:\/\/www.foxy.eu\/es\/el-compromiso-de-foxy\/navilens\/\" title=\"3Bee\" ><button type=\"button\" id=\"ubtn-8287\"  class=\"ubtn ult-adjust-bottom-margin ult-responsive ubtn-large ubtn-no-hover-bg  none  ubtn-left   tooltip-69f06e9c81d77\"  data-hover=\"\" data-border-color=\"\" data-bg=\"\" data-hover-bg=\"\" data-border-hover=\"\" data-shadow-hover=\"\" data-shadow-click=\"none\" data-shadow=\"\" data-shd-shadow=\"\"  data-ultimate-target='#ubtn-8287'  data-responsive-json-new='{\"font-size\":\"\",\"line-height\":\"\"}'  style=\"font-weight:normal;border:none;\"><span class=\"ubtn-hover\" style=\"background-color:\"><\/span><span class=\"ubtn-data ubtn-text \" >Descubre NaviLens<\/span><\/button><\/a><\/div>[\/vc_column][vc_column width=\u00bb1\/2&#8243; offset=\u00bbvc_col-lg-offset-1&#8243;][vc_single_image image=\u00bb20469&#8243; img_size=\u00bbfull\u00bb el_class=\u00bbimg-radius img-shadow-basso-destra\u00bb][\/vc_column][\/vc_row]<\/p>\n","protected":false},"excerpt":{"rendered":"<p>[vc_row][vc_column width=\u00bb5\/6&#8243; offset=\u00bbvc_col-lg-offset-2 vc_col-lg-8 vc_col-md-offset-2 vc_col-md-8 vc_col-sm-offset-1&#8243;][vc_column_text el_class=\u00bbtext-center\u00bb] La promesa de Foxy es estar siempre cerca de ti, hoy y en el futuro. [\/vc_column_text][\/vc_column][\/vc_row][vc_row el_class=\u00bbmbot60&#8243;][vc_column width=\u00bb5\/6&#8243; offset=\u00bbvc_col-lg-offset-3 vc_col-lg-6 vc_col-md-offset-3 vc_col-md-6&#8230;<\/p>\n","protected":false},"author":1,"featured_media":0,"parent":0,"menu_order":0,"comment_status":"closed","ping_status":"closed","template":"template-page-mondo-foxy.php","meta":[],"categories":[],"tags":[],"yoast_head":"<!-- This site is optimized with the Yoast SEO plugin v19.14 - https:\/\/yoast.com\/wordpress\/plugins\/seo\/ -->\n<title>El compromiso de Foxy - Foxy<\/title>\n<meta name=\"robots\" content=\"index, follow, max-snippet:-1, max-image-preview:large, max-video-preview:-1\" \/>\n<link rel=\"canonical\" href=\"https:\/\/www.foxy.eu\/es\/el-compromiso-de-foxy\/\" \/>\n<meta property=\"og:locale\" content=\"es_ES\" \/>\n<meta property=\"og:type\" content=\"article\" \/>\n<meta property=\"og:title\" content=\"El compromiso de Foxy - Foxy\" \/>\n<meta property=\"og:description\" content=\"[vc_row][vc_column width=\u00bb5\/6&#8243; offset=\u00bbvc_col-lg-offset-2 vc_col-lg-8 vc_col-md-offset-2 vc_col-md-8 vc_col-sm-offset-1&#8243;][vc_column_text el_class=\u00bbtext-center\u00bb] La promesa de Foxy es estar siempre cerca de ti, hoy y en el futuro. [\/vc_column_text][\/vc_column][\/vc_row][vc_row el_class=\u00bbmbot60&#8243;][vc_column width=\u00bb5\/6&#8243; offset=\u00bbvc_col-lg-offset-3 vc_col-lg-6 vc_col-md-offset-3 vc_col-md-6...\" \/>\n<meta property=\"og:url\" content=\"https:\/\/www.foxy.eu\/es\/el-compromiso-de-foxy\/\" \/>\n<meta property=\"og:site_name\" content=\"Foxy\" \/>\n<meta property=\"article:publisher\" content=\"https:\/\/www.facebook.com\/Foxy.Italia\" \/>\n<meta property=\"article:modified_time\" content=\"2024-10-17T07:27:45+00:00\" \/>\n<meta name=\"twitter:card\" content=\"summary_large_image\" \/>\n<meta name=\"twitter:label1\" content=\"Est. reading time\" \/>\n\t<meta name=\"twitter:data1\" content=\"3 minutos\" \/>\n<script type=\"application\/ld+json\" class=\"yoast-schema-graph\">{\"@context\":\"https:\/\/schema.org\",\"@graph\":[{\"@type\":\"WebPage\",\"@id\":\"https:\/\/www.foxy.eu\/es\/el-compromiso-de-foxy\/\",\"url\":\"https:\/\/www.foxy.eu\/es\/el-compromiso-de-foxy\/\",\"name\":\"El compromiso de Foxy - Foxy\",\"isPartOf\":{\"@id\":\"https:\/\/www.foxy.eu\/#website\"},\"datePublished\":\"2022-05-20T12:55:31+00:00\",\"dateModified\":\"2024-10-17T07:27:45+00:00\",\"breadcrumb\":{\"@id\":\"https:\/\/www.foxy.eu\/es\/el-compromiso-de-foxy\/#breadcrumb\"},\"inLanguage\":\"es\",\"potentialAction\":[{\"@type\":\"ReadAction\",\"target\":[\"https:\/\/www.foxy.eu\/es\/el-compromiso-de-foxy\/\"]}]},{\"@type\":\"BreadcrumbList\",\"@id\":\"https:\/\/www.foxy.eu\/es\/el-compromiso-de-foxy\/#breadcrumb\",\"itemListElement\":[{\"@type\":\"ListItem\",\"position\":1,\"name\":\"Home\",\"item\":\"https:\/\/www.foxy.eu\/es\/\"},{\"@type\":\"ListItem\",\"position\":2,\"name\":\"El compromiso de Foxy\"}]},{\"@type\":\"WebSite\",\"@id\":\"https:\/\/www.foxy.eu\/#website\",\"url\":\"https:\/\/www.foxy.eu\/\",\"name\":\"Foxy\",\"description\":\"Un nuovo sito targato WordPress\",\"publisher\":{\"@id\":\"https:\/\/www.foxy.eu\/#organization\"},\"alternateName\":\"Scopri tutta la gamma di prodotti e iniziative Foxy. Abbiamo pensato a un mondo su misura per te.\",\"potentialAction\":[{\"@type\":\"SearchAction\",\"target\":{\"@type\":\"EntryPoint\",\"urlTemplate\":\"https:\/\/www.foxy.eu\/?s={search_term_string}\"},\"query-input\":\"required name=search_term_string\"}],\"inLanguage\":\"es\"},{\"@type\":\"Organization\",\"@id\":\"https:\/\/www.foxy.eu\/#organization\",\"name\":\"Foxy | Sempre vicina a te!\",\"alternateName\":\"Scopri tutta la gamma di prodotti e iniziative Foxy. Abbiamo pensato a un mondo su misura per te.\",\"url\":\"https:\/\/www.foxy.eu\/\",\"logo\":{\"@type\":\"ImageObject\",\"inLanguage\":\"es\",\"@id\":\"https:\/\/www.foxy.eu\/#\/schema\/logo\/image\/\",\"url\":\"https:\/\/enkaz3824io.exactdn.com\/wp-content\/uploads\/2020\/07\/hp_big_logo@2x.png?strip=all&lossy=1&ssl=1\",\"contentUrl\":\"https:\/\/enkaz3824io.exactdn.com\/wp-content\/uploads\/2020\/07\/hp_big_logo@2x.png?strip=all&lossy=1&ssl=1\",\"width\":518,\"height\":366,\"caption\":\"Foxy | Sempre vicina a te!\"},\"image\":{\"@id\":\"https:\/\/www.foxy.eu\/#\/schema\/logo\/image\/\"},\"sameAs\":[\"https:\/\/www.instagram.com\/foxy\/\",\"https:\/\/www.youtube.com\/channel\/UCpCfvrNg7u0O0jSeH9B9ygA\",\"https:\/\/www.facebook.com\/Foxy.Italia\"]}]}<\/script>\n<!-- \/ Yoast SEO plugin. -->","yoast_head_json":{"title":"El compromiso de Foxy - Foxy","robots":{"index":"index","follow":"follow","max-snippet":"max-snippet:-1","max-image-preview":"max-image-preview:large","max-video-preview":"max-video-preview:-1"},"canonical":"https:\/\/www.foxy.eu\/es\/el-compromiso-de-foxy\/","og_locale":"es_ES","og_type":"article","og_title":"El compromiso de Foxy - Foxy","og_description":"[vc_row][vc_column width=\u00bb5\/6&#8243; offset=\u00bbvc_col-lg-offset-2 vc_col-lg-8 vc_col-md-offset-2 vc_col-md-8 vc_col-sm-offset-1&#8243;][vc_column_text el_class=\u00bbtext-center\u00bb] La promesa de Foxy es estar siempre cerca de ti, hoy y en el futuro. [\/vc_column_text][\/vc_column][\/vc_row][vc_row el_class=\u00bbmbot60&#8243;][vc_column width=\u00bb5\/6&#8243; offset=\u00bbvc_col-lg-offset-3 vc_col-lg-6 vc_col-md-offset-3 vc_col-md-6...","og_url":"https:\/\/www.foxy.eu\/es\/el-compromiso-de-foxy\/","og_site_name":"Foxy","article_publisher":"https:\/\/www.facebook.com\/Foxy.Italia","article_modified_time":"2024-10-17T07:27:45+00:00","twitter_card":"summary_large_image","twitter_misc":{"Est. reading time":"3 minutos"},"schema":{"@context":"https:\/\/schema.org","@graph":[{"@type":"WebPage","@id":"https:\/\/www.foxy.eu\/es\/el-compromiso-de-foxy\/","url":"https:\/\/www.foxy.eu\/es\/el-compromiso-de-foxy\/","name":"El compromiso de Foxy - Foxy","isPartOf":{"@id":"https:\/\/www.foxy.eu\/#website"},"datePublished":"2022-05-20T12:55:31+00:00","dateModified":"2024-10-17T07:27:45+00:00","breadcrumb":{"@id":"https:\/\/www.foxy.eu\/es\/el-compromiso-de-foxy\/#breadcrumb"},"inLanguage":"es","potentialAction":[{"@type":"ReadAction","target":["https:\/\/www.foxy.eu\/es\/el-compromiso-de-foxy\/"]}]},{"@type":"BreadcrumbList","@id":"https:\/\/www.foxy.eu\/es\/el-compromiso-de-foxy\/#breadcrumb","itemListElement":[{"@type":"ListItem","position":1,"name":"Home","item":"https:\/\/www.foxy.eu\/es\/"},{"@type":"ListItem","position":2,"name":"El compromiso de Foxy"}]},{"@type":"WebSite","@id":"https:\/\/www.foxy.eu\/#website","url":"https:\/\/www.foxy.eu\/","name":"Foxy","description":"Un nuovo sito targato WordPress","publisher":{"@id":"https:\/\/www.foxy.eu\/#organization"},"alternateName":"Scopri tutta la gamma di prodotti e iniziative Foxy. Abbiamo pensato a un mondo su misura per te.","potentialAction":[{"@type":"SearchAction","target":{"@type":"EntryPoint","urlTemplate":"https:\/\/www.foxy.eu\/?s={search_term_string}"},"query-input":"required name=search_term_string"}],"inLanguage":"es"},{"@type":"Organization","@id":"https:\/\/www.foxy.eu\/#organization","name":"Foxy | Sempre vicina a te!","alternateName":"Scopri tutta la gamma di prodotti e iniziative Foxy. Abbiamo pensato a un mondo su misura per te.","url":"https:\/\/www.foxy.eu\/","logo":{"@type":"ImageObject","inLanguage":"es","@id":"https:\/\/www.foxy.eu\/#\/schema\/logo\/image\/","url":"https:\/\/enkaz3824io.exactdn.com\/wp-content\/uploads\/2020\/07\/hp_big_logo@2x.png?strip=all&lossy=1&ssl=1","contentUrl":"https:\/\/enkaz3824io.exactdn.com\/wp-content\/uploads\/2020\/07\/hp_big_logo@2x.png?strip=all&lossy=1&ssl=1","width":518,"height":366,"caption":"Foxy | Sempre vicina a te!"},"image":{"@id":"https:\/\/www.foxy.eu\/#\/schema\/logo\/image\/"},"sameAs":["https:\/\/www.instagram.com\/foxy\/","https:\/\/www.youtube.com\/channel\/UCpCfvrNg7u0O0jSeH9B9ygA","https:\/\/www.facebook.com\/Foxy.Italia"]}]}},"_links":{"self":[{"href":"https:\/\/www.foxy.eu\/es\/wp-json\/wp\/v2\/pages\/10795"}],"collection":[{"href":"https:\/\/www.foxy.eu\/es\/wp-json\/wp\/v2\/pages"}],"about":[{"href":"https:\/\/www.foxy.eu\/es\/wp-json\/wp\/v2\/types\/page"}],"author":[{"embeddable":true,"href":"https:\/\/www.foxy.eu\/es\/wp-json\/wp\/v2\/users\/1"}],"replies":[{"embeddable":true,"href":"https:\/\/www.foxy.eu\/es\/wp-json\/wp\/v2\/comments?post=10795"}],"version-history":[{"count":26,"href":"https:\/\/www.foxy.eu\/es\/wp-json\/wp\/v2\/pages\/10795\/revisions"}],"predecessor-version":[{"id":20475,"href":"https:\/\/www.foxy.eu\/es\/wp-json\/wp\/v2\/pages\/10795\/revisions\/20475"}],"wp:attachment":[{"href":"https:\/\/www.foxy.eu\/es\/wp-json\/wp\/v2\/media?parent=10795"}],"wp:term":[{"taxonomy":"category","embeddable":true,"href":"https:\/\/www.foxy.eu\/es\/wp-json\/wp\/v2\/categories?post=10795"},{"taxonomy":"post_tag","embeddable":true,"href":"https:\/\/www.foxy.eu\/es\/wp-json\/wp\/v2\/tags?post=10795"}],"curies":[{"name":"wp","href":"https:\/\/api.w.org\/{rel}","templated":true}]}}