
{"id":20144,"date":"2024-07-30T15:04:48","date_gmt":"2024-07-30T13:04:48","guid":{"rendered":"https:\/\/www.foxy.eu\/?post_type=product&#038;p=20144"},"modified":"2024-08-14T11:37:16","modified_gmt":"2024-08-14T09:37:16","slug":"foxy-love-the-bee","status":"publish","type":"product","link":"https:\/\/www.foxy.eu\/de\/produkte\/foxy-love-the-bee\/","title":{"rendered":"Foxy Love the Bee"},"content":{"rendered":"<p>[vc_row el_class=&#8220;caratteristiche_content&#8220;][vc_column width=&#8220;1\/2&#8243; offset=&#8220;vc_col-lg-offset-3 vc_col-lg-6 vc_col-md-offset-3 vc_col-md-6&#8243;][vc_column_text el_class=&#8220;subtitle_product&#8220;]Foxy Love the Bee liebt und sch\u00fctzt die Bienen.[\/vc_column_text][vc_column_text]Foxy Love the Bee Toilettenpapier wurde entwickelt, um eine hohe Qualit\u00e4t zu einem guten Preis zu garantieren.<br \/>\nDie 3 dicken Lagen und die spezielle Verarbeitung des Papiers sorgen f\u00fcr besondere Weichheit, Saugf\u00e4higkeit und Festigkeit.<br \/>\nNat\u00fcrlich wei\u00df dank Verwendung von <span style=\"font-weight: 400;\">hochwertiger Zellulose ohne Zugabe von optischen Aufhellern.<br \/>\nFoxy unterst\u00fctzt 3Bee als Partner f\u00fcr ein mehrj\u00e4hriges Projekt zum Schutz der Bienen auf europ\u00e4ischer Ebene.<\/span>[\/vc_column_text][\/vc_column][\/vc_row][vc_row][vc_column width=&#8220;5\/6&#8243; offset=&#8220;vc_col-lg-offset-1 vc_col-lg-10 vc_col-md-offset-1 vc_col-md-10&#8243; el_class=&#8220;plus_product&#8220;][vc_row_inner equal_height=&#8220;yes&#8220; content_placement=&#8220;top&#8220; el_class=&#8220;caratteristiche_prodotto_slide_mobile owl-carousel owl-theme&#8220;][vc_column_inner width=&#8220;1\/3&#8243;][vc_single_image image=&#8220;20151&#8243; img_size=&#8220;full&#8220; alignment=&#8220;center&#8220;][vc_column_text el_class=&#8220;plus_product_title&#8220;]3 Lagen[\/vc_column_text][vc_column_text el_class=&#8220;plus_product_desc&#8220;]Extra saugf\u00e4hig dank seiner drei besonders dicken Lagen[\/vc_column_text][\/vc_column_inner][vc_column_inner width=&#8220;1\/3&#8243;][vc_single_image image=&#8220;20157&#8243; img_size=&#8220;full&#8220; alignment=&#8220;center&#8220;][vc_column_text el_class=&#8220;plus_product_title&#8220;]Zarter Honigduft[\/vc_column_text][vc_column_text el_class=&#8220;plus_product_desc&#8220;]Jede Rolle ist mit einem angenehmen Honigduft angereichert, der auf die Innenseite der H\u00fclse aufgetragen wird[\/vc_column_text][\/vc_column_inner][vc_column_inner width=&#8220;1\/3&#8243;][vc_single_image image=&#8220;19900&#8243; img_size=&#8220;full&#8220; alignment=&#8220;center&#8220;][vc_column_text el_class=&#8220;plus_product_title&#8220;]Sch\u00fctzen wir die Bienen gemeinsam[\/vc_column_text][vc_column_text el_class=&#8220;plus_product_desc&#8220;]Foxy f\u00f6rdert 3Bee in einem langfristigen Projekt zum Schutz der Bienen durch den Erhalt der Artenvielfalt und der technologischen \u00dcberwachung ausgew\u00e4hlter Bienenst\u00f6cke<\/p>\n<p><a href=\"https:\/\/www.foxy.eu\/de\/foxys-beitrag-3bee\/\" target=\"_blank\" rel=\"noopener\">Mehr erfahren<\/a>[\/vc_column_text][\/vc_column_inner][\/vc_row_inner][\/vc_column][\/vc_row]<\/p>\n","protected":false},"featured_media":20145,"template":"","categories":[124],"yoast_head":"<!-- This site is optimized with the Yoast SEO plugin v19.14 - https:\/\/yoast.com\/wordpress\/plugins\/seo\/ -->\n<title>Foxy Love the Bee - Foxy<\/title>\n<meta name=\"robots\" content=\"index, follow, max-snippet:-1, max-image-preview:large, max-video-preview:-1\" \/>\n<link rel=\"canonical\" href=\"https:\/\/www.foxy.eu\/de\/produkte\/foxy-love-the-bee\/\" \/>\n<meta property=\"og:locale\" content=\"de_DE\" \/>\n<meta property=\"og:type\" content=\"article\" \/>\n<meta property=\"og:title\" content=\"Foxy Love the Bee - Foxy\" \/>\n<meta property=\"og:description\" content=\"[vc_row el_class=&#8220;caratteristiche_content&#8220;][vc_column width=&#8220;1\/2&#8243; offset=&#8220;vc_col-lg-offset-3 vc_col-lg-6 vc_col-md-offset-3 vc_col-md-6&#8243;][vc_column_text el_class=&#8220;subtitle_product&#8220;]Foxy Love the Bee liebt und sch\u00fctzt die Bienen.[\/vc_column_text][vc_column_text]Foxy Love the Bee Toilettenpapier wurde entwickelt, um eine hohe Qualit\u00e4t zu einem guten Preis...\" \/>\n<meta property=\"og:url\" content=\"https:\/\/www.foxy.eu\/de\/produkte\/foxy-love-the-bee\/\" \/>\n<meta property=\"og:site_name\" content=\"Foxy\" \/>\n<meta property=\"article:publisher\" content=\"https:\/\/www.facebook.com\/Foxy.Italia\" \/>\n<meta property=\"article:modified_time\" content=\"2024-08-14T09:37:16+00:00\" \/>\n<meta property=\"og:image\" content=\"https:\/\/www.foxy.eu\/wp-content\/uploads\/2024\/07\/LTB-8R-De.png\" \/>\n\t<meta property=\"og:image:width\" content=\"1920\" \/>\n\t<meta property=\"og:image:height\" content=\"967\" \/>\n\t<meta property=\"og:image:type\" content=\"image\/png\" \/>\n<meta name=\"twitter:card\" content=\"summary_large_image\" \/>\n<meta name=\"twitter:label1\" content=\"Est. reading time\" \/>\n\t<meta name=\"twitter:data1\" content=\"1 Minute\" \/>\n<script type=\"application\/ld+json\" class=\"yoast-schema-graph\">{\"@context\":\"https:\/\/schema.org\",\"@graph\":[{\"@type\":\"WebPage\",\"@id\":\"https:\/\/www.foxy.eu\/de\/produkte\/foxy-love-the-bee\/\",\"url\":\"https:\/\/www.foxy.eu\/de\/produkte\/foxy-love-the-bee\/\",\"name\":\"Foxy Love the Bee - Foxy\",\"isPartOf\":{\"@id\":\"https:\/\/www.foxy.eu\/#website\"},\"datePublished\":\"2024-07-30T13:04:48+00:00\",\"dateModified\":\"2024-08-14T09:37:16+00:00\",\"breadcrumb\":{\"@id\":\"https:\/\/www.foxy.eu\/de\/produkte\/foxy-love-the-bee\/#breadcrumb\"},\"inLanguage\":\"de-DE\",\"potentialAction\":[{\"@type\":\"ReadAction\",\"target\":[\"https:\/\/www.foxy.eu\/de\/produkte\/foxy-love-the-bee\/\"]}]},{\"@type\":\"BreadcrumbList\",\"@id\":\"https:\/\/www.foxy.eu\/de\/produkte\/foxy-love-the-bee\/#breadcrumb\",\"itemListElement\":[{\"@type\":\"ListItem\",\"position\":1,\"name\":\"Home\",\"item\":\"https:\/\/www.foxy.eu\/\"},{\"@type\":\"ListItem\",\"position\":2,\"name\":\"Foxy Love the Bee\"}]},{\"@type\":\"WebSite\",\"@id\":\"https:\/\/www.foxy.eu\/#website\",\"url\":\"https:\/\/www.foxy.eu\/\",\"name\":\"Foxy\",\"description\":\"Un nuovo sito targato WordPress\",\"publisher\":{\"@id\":\"https:\/\/www.foxy.eu\/#organization\"},\"alternateName\":\"Scopri tutta la gamma di prodotti e iniziative Foxy. Abbiamo pensato a un mondo su misura per te.\",\"potentialAction\":[{\"@type\":\"SearchAction\",\"target\":{\"@type\":\"EntryPoint\",\"urlTemplate\":\"https:\/\/www.foxy.eu\/?s={search_term_string}\"},\"query-input\":\"required name=search_term_string\"}],\"inLanguage\":\"de-DE\"},{\"@type\":\"Organization\",\"@id\":\"https:\/\/www.foxy.eu\/#organization\",\"name\":\"Foxy | Sempre vicina a te!\",\"alternateName\":\"Scopri tutta la gamma di prodotti e iniziative Foxy. Abbiamo pensato a un mondo su misura per te.\",\"url\":\"https:\/\/www.foxy.eu\/\",\"logo\":{\"@type\":\"ImageObject\",\"inLanguage\":\"de-DE\",\"@id\":\"https:\/\/www.foxy.eu\/#\/schema\/logo\/image\/\",\"url\":\"https:\/\/enkaz3824io.exactdn.com\/wp-content\/uploads\/2020\/07\/hp_big_logo@2x.png?strip=all&lossy=1&ssl=1\",\"contentUrl\":\"https:\/\/enkaz3824io.exactdn.com\/wp-content\/uploads\/2020\/07\/hp_big_logo@2x.png?strip=all&lossy=1&ssl=1\",\"width\":518,\"height\":366,\"caption\":\"Foxy | Sempre vicina a te!\"},\"image\":{\"@id\":\"https:\/\/www.foxy.eu\/#\/schema\/logo\/image\/\"},\"sameAs\":[\"https:\/\/www.instagram.com\/foxy\/\",\"https:\/\/www.youtube.com\/channel\/UCpCfvrNg7u0O0jSeH9B9ygA\",\"https:\/\/www.facebook.com\/Foxy.Italia\"]}]}<\/script>\n<!-- \/ Yoast SEO plugin. -->","yoast_head_json":{"title":"Foxy Love the Bee - Foxy","robots":{"index":"index","follow":"follow","max-snippet":"max-snippet:-1","max-image-preview":"max-image-preview:large","max-video-preview":"max-video-preview:-1"},"canonical":"https:\/\/www.foxy.eu\/de\/produkte\/foxy-love-the-bee\/","og_locale":"de_DE","og_type":"article","og_title":"Foxy Love the Bee - Foxy","og_description":"[vc_row el_class=&#8220;caratteristiche_content&#8220;][vc_column width=&#8220;1\/2&#8243; offset=&#8220;vc_col-lg-offset-3 vc_col-lg-6 vc_col-md-offset-3 vc_col-md-6&#8243;][vc_column_text el_class=&#8220;subtitle_product&#8220;]Foxy Love the Bee liebt und sch\u00fctzt die Bienen.[\/vc_column_text][vc_column_text]Foxy Love the Bee Toilettenpapier wurde entwickelt, um eine hohe Qualit\u00e4t zu einem guten Preis...","og_url":"https:\/\/www.foxy.eu\/de\/produkte\/foxy-love-the-bee\/","og_site_name":"Foxy","article_publisher":"https:\/\/www.facebook.com\/Foxy.Italia","article_modified_time":"2024-08-14T09:37:16+00:00","og_image":[{"width":1920,"height":967,"url":"https:\/\/www.foxy.eu\/wp-content\/uploads\/2024\/07\/LTB-8R-De.png","type":"image\/png"}],"twitter_card":"summary_large_image","twitter_misc":{"Est. reading time":"1 Minute"},"schema":{"@context":"https:\/\/schema.org","@graph":[{"@type":"WebPage","@id":"https:\/\/www.foxy.eu\/de\/produkte\/foxy-love-the-bee\/","url":"https:\/\/www.foxy.eu\/de\/produkte\/foxy-love-the-bee\/","name":"Foxy Love the Bee - Foxy","isPartOf":{"@id":"https:\/\/www.foxy.eu\/#website"},"datePublished":"2024-07-30T13:04:48+00:00","dateModified":"2024-08-14T09:37:16+00:00","breadcrumb":{"@id":"https:\/\/www.foxy.eu\/de\/produkte\/foxy-love-the-bee\/#breadcrumb"},"inLanguage":"de-DE","potentialAction":[{"@type":"ReadAction","target":["https:\/\/www.foxy.eu\/de\/produkte\/foxy-love-the-bee\/"]}]},{"@type":"BreadcrumbList","@id":"https:\/\/www.foxy.eu\/de\/produkte\/foxy-love-the-bee\/#breadcrumb","itemListElement":[{"@type":"ListItem","position":1,"name":"Home","item":"https:\/\/www.foxy.eu\/"},{"@type":"ListItem","position":2,"name":"Foxy Love the Bee"}]},{"@type":"WebSite","@id":"https:\/\/www.foxy.eu\/#website","url":"https:\/\/www.foxy.eu\/","name":"Foxy","description":"Un nuovo sito targato WordPress","publisher":{"@id":"https:\/\/www.foxy.eu\/#organization"},"alternateName":"Scopri tutta la gamma di prodotti e iniziative Foxy. Abbiamo pensato a un mondo su misura per te.","potentialAction":[{"@type":"SearchAction","target":{"@type":"EntryPoint","urlTemplate":"https:\/\/www.foxy.eu\/?s={search_term_string}"},"query-input":"required name=search_term_string"}],"inLanguage":"de-DE"},{"@type":"Organization","@id":"https:\/\/www.foxy.eu\/#organization","name":"Foxy | Sempre vicina a te!","alternateName":"Scopri tutta la gamma di prodotti e iniziative Foxy. Abbiamo pensato a un mondo su misura per te.","url":"https:\/\/www.foxy.eu\/","logo":{"@type":"ImageObject","inLanguage":"de-DE","@id":"https:\/\/www.foxy.eu\/#\/schema\/logo\/image\/","url":"https:\/\/enkaz3824io.exactdn.com\/wp-content\/uploads\/2020\/07\/hp_big_logo@2x.png?strip=all&lossy=1&ssl=1","contentUrl":"https:\/\/enkaz3824io.exactdn.com\/wp-content\/uploads\/2020\/07\/hp_big_logo@2x.png?strip=all&lossy=1&ssl=1","width":518,"height":366,"caption":"Foxy | Sempre vicina a te!"},"image":{"@id":"https:\/\/www.foxy.eu\/#\/schema\/logo\/image\/"},"sameAs":["https:\/\/www.instagram.com\/foxy\/","https:\/\/www.youtube.com\/channel\/UCpCfvrNg7u0O0jSeH9B9ygA","https:\/\/www.facebook.com\/Foxy.Italia"]}]}},"_links":{"self":[{"href":"https:\/\/www.foxy.eu\/de\/wp-json\/wp\/v2\/product\/20144"}],"collection":[{"href":"https:\/\/www.foxy.eu\/de\/wp-json\/wp\/v2\/product"}],"about":[{"href":"https:\/\/www.foxy.eu\/de\/wp-json\/wp\/v2\/types\/product"}],"version-history":[{"count":24,"href":"https:\/\/www.foxy.eu\/de\/wp-json\/wp\/v2\/product\/20144\/revisions"}],"predecessor-version":[{"id":20196,"href":"https:\/\/www.foxy.eu\/de\/wp-json\/wp\/v2\/product\/20144\/revisions\/20196"}],"wp:featuredmedia":[{"embeddable":true,"href":"https:\/\/www.foxy.eu\/de\/wp-json\/wp\/v2\/media\/20145"}],"wp:attachment":[{"href":"https:\/\/www.foxy.eu\/de\/wp-json\/wp\/v2\/media?parent=20144"}],"wp:term":[{"taxonomy":"category","embeddable":true,"href":"https:\/\/www.foxy.eu\/de\/wp-json\/wp\/v2\/categories?post=20144"}],"curies":[{"name":"wp","href":"https:\/\/api.w.org\/{rel}","templated":true}]}}