
{"id":19921,"date":"2022-11-08T14:43:41","date_gmt":"2022-11-08T13:43:41","guid":{"rendered":"https:\/\/www.foxy.eu\/3-bee\/"},"modified":"2025-01-10T12:41:20","modified_gmt":"2025-01-10T11:41:20","slug":"foxys-beitrag-3bee","status":"publish","type":"page","link":"https:\/\/www.foxy.eu\/de\/foxys-beitrag-3bee\/","title":{"rendered":"Foxys beitrag 3bee"},"content":{"rendered":"<p>[vc_row full_width=&#8220;stretch_row_content&#8220; equal_height=&#8220;yes&#8220; content_placement=&#8220;middle&#8220; el_class=&#8220;sotto-hero&#8220;][vc_column width=&#8220;1\/3&#8243;]<div class=\" ubtn-ctn-left btn-freccia btn-freccia-back\"><a class=\"ubtn-link ult-adjust-bottom-margin ubtn-left ubtn-large btn-freccia btn-freccia-back\" href=\"https:\/\/www.foxy.eu\/de\/foxys-beitrag-3bee-maps\/\" title=\"Foxys beitrag 3bee\" ><button type=\"button\" id=\"ubtn-6667\"  class=\"ubtn ult-adjust-bottom-margin ult-responsive ubtn-large ubtn-no-hover-bg  none  ubtn-left   tooltip-6a09509074a9f\"  data-hover=\"\" data-border-color=\"\" data-bg=\"\" data-hover-bg=\"\" data-border-hover=\"\" data-shadow-hover=\"\" data-shadow-click=\"none\" data-shadow=\"\" data-shd-shadow=\"\"  data-ultimate-target='#ubtn-6667'  data-responsive-json-new='{\"font-size\":\"\",\"line-height\":\"\"}'  style=\"font-weight:normal;border:none;\"><span class=\"ubtn-hover\" style=\"background-color:\"><\/span><span class=\"ubtn-data ubtn-text \" >Foxys beitrag 3bee<\/span><\/button><\/a><\/div>[\/vc_column][vc_column width=&#8220;1\/3&#8243;][vc_single_image image=&#8220;19968&#8243; img_size=&#8220;full&#8220; alignment=&#8220;center&#8220; el_class=&#8220;logo-associazione-medio&#8220;][\/vc_column][vc_column width=&#8220;1\/3&#8243;][\/vc_column][\/vc_row][vc_row equal_height=&#8220;yes&#8220; el_class=&#8220;mbot60&#8243;][vc_column width=&#8220;1\/6&#8243; offset=&#8220;vc_col-lg-2 vc_col-md-2&#8243; el_class=&#8220;ape-basso&#8220;][vc_single_image image=&#8220;17089&#8243; img_size=&#8220;full&#8220; el_class=&#8220;ape&#8220;][\/vc_column][vc_column width=&#8220;2\/3&#8243; offset=&#8220;vc_col-lg-8 vc_col-md-8&#8243;][vc_column_text el_class=&#8220;text-center tit-h2-normal&#8220;]<\/p>\n<h2><b>Foxy hat mit 3Bee einen mehrj\u00e4hrigen Vertrag zum Schutz von Bienen <\/b><span style=\"font-weight: 400;\">und anderen Best\u00e4ubern, <\/span><b>Garanten der Biodiversit\u00e4t,<\/b><span style=\"font-weight: 400;\"> abgeschlossen.<\/span><\/h2>\n<p>[\/vc_column_text][\/vc_column][vc_column width=&#8220;1\/6&#8243; offset=&#8220;vc_col-lg-2 vc_col-md-2&#8243; el_class=&#8220;ape-medio&#8220;][vc_single_image image=&#8220;17090&#8243; img_size=&#8220;full&#8220; alignment=&#8220;right&#8220; el_class=&#8220;ape&#8220;][\/vc_column][\/vc_row][vc_row equal_height=&#8220;yes&#8220; content_placement=&#8220;middle&#8220; el_class=&#8220;mbot100&#8243;][vc_column width=&#8220;1\/2&#8243;][vc_single_image image=&#8220;17084&#8243; img_size=&#8220;full&#8220; el_class=&#8220;img-radius img-shadow-basso-destra&#8220;][\/vc_column][vc_column width=&#8220;1\/2&#8243; offset=&#8220;vc_col-lg-offset-1 vc_col-lg-4&#8243;][vc_column_text el_class=&#8220;tit-h3-small&#8220;]<\/p>\n<h3><span style=\"font-weight: 400;\">Bienen sind unverzichtbar.<br \/>\n<\/span><b>Dank ihrer unerm\u00fcdlichen Best\u00e4ubungsarbeit sind Bienen und andere Best\u00e4uber f\u00fcr 1\/3 der weltweiten Nahrungsmittelproduktion und f\u00fcr mehr als 70% der lebenden Pflanzenarten auf dem Planeten verantwortlich.<\/b><\/h3>\n<p>[\/vc_column_text][vc_column_text]<span style=\"font-weight: 400;\">Aber in den letzten Jahren sind Bienen in Gefahr. Sie drohen zu verschwinden, mit unsch\u00e4tzbaren Sch\u00e4den f\u00fcr die Biodiversit\u00e4t.<br \/>\n<\/span><span style=\"font-weight: 400;\">Der\u00a0<\/span><b>Klimawandel<\/b><span style=\"font-weight: 400;\">, der Einsatz von\u00a0<\/span><b>Pestiziden<\/b><span style=\"font-weight: 400;\">\u00a0in der industriellen Landwirtschaft, der\u00a0<\/span><b>Verlust nat\u00fcrlicher Lebensr\u00e4ume<\/b><span style=\"font-weight: 400;\">, aber auch das Vorhandensein von\u00a0<\/span><b>Sch\u00e4dlingen<\/b><span style=\"font-weight: 400;\">,\u00a0<\/span><b>Krankheiten<\/b><span style=\"font-weight: 400;\">\u00a0und\u00a0<\/span><b>Bakterien<\/b><span style=\"font-weight: 400;\">\u00a0stellen eine existentielle Bedrohung dar.<br \/>\n<\/span><span style=\"font-weight: 400;\">Es ist wichtig, so schnell wie m\u00f6glich zu handeln.<\/span>[\/vc_column_text][\/vc_column][\/vc_row][vc_row equal_height=&#8220;yes&#8220; content_placement=&#8220;middle&#8220; el_class=&#8220;mbot100&#8243;][vc_column width=&#8220;1\/2&#8243; offset=&#8220;vc_col-lg-offset-1 vc_col-lg-4&#8243; el_class=&#8220;order-2&#8243;][vc_column_text el_class=&#8220;tit-h3-small&#8220;]<\/p>\n<h3><b>Indem Foxy 3Bee in einem mehrj\u00e4hrigen Projekt auf europ\u00e4ischer Ebene unterst\u00fctzt, setzt sich Foxy f\u00fcr den Schutz von Bienen und Biodiversit\u00e4t ein.<br \/>\n<\/b><b>3Bee ist ein italienisches Technologieunternehmen, <\/b><span style=\"font-weight: 400;\">das\u00a0intelligente \u00dcberwachungs- und Diagnosesysteme f\u00fcr die Gesundheit von Bienen entwickelt.<\/span><\/h3>\n<p>[\/vc_column_text][vc_column_text]<b>Technologie im Dienste der Biodiversit\u00e4t<\/b><span style=\"font-weight: 400;\">: Einmal in den Bienenst\u00f6cken installiert, erm\u00f6glichen diese speziellen Systeme, st\u00e4ndig Daten \u00fcber den Zustand des Bienenstocks (wie Temperatur, Ger\u00e4usche, Luftfeuchtigkeit) zu sammeln und sie den Imkern sofort aus der Ferne \u00fcber eine App auf dem Mobiltelefon zur Verf\u00fcgung zu stellen.<\/span><\/p>\n<p><span style=\"font-weight: 400;\">Wollen Sie mehr erfahren? Besuchen Sie die Website\u00a0<\/span><a href=\"https:\/\/www.3bee.com\/\" target=\"_blank\" rel=\"noopener\"><b>https:\/\/www.3bee.com\/<\/b><\/a>[\/vc_column_text][\/vc_column][vc_column width=&#8220;1\/2&#8243; offset=&#8220;vc_col-lg-offset-1 vc_col-lg-6&#8243;][vc_single_image image=&#8220;20692&#8243; img_size=&#8220;full&#8220; el_class=&#8220;img-radius img-shadow-basso-destra&#8220;][\/vc_column][\/vc_row][vc_row equal_height=&#8220;yes&#8220;][vc_column width=&#8220;1\/6&#8243; offset=&#8220;vc_col-lg-2 vc_col-md-2&#8243; el_class=&#8220;ape-basso&#8220;][vc_single_image image=&#8220;17087&#8243; img_size=&#8220;full&#8220; el_class=&#8220;ape-big&#8220;][\/vc_column][vc_column width=&#8220;2\/3&#8243; offset=&#8220;vc_col-lg-8 vc_col-md-8&#8243; el_class=&#8220;corpo-stretto&#8220;][vc_column_text el_class=&#8220;tit-h3-small text-center&#8220;]<\/p>\n<h3 style=\"text-align: center;\"><span lang=\"DE\"><strong>Dank dieses Projekts mit 3Bee<\/strong>\u00a0<\/span><span lang=\"DE\">unterst\u00fctzt Foxy die Aktivit\u00e4ten von mehr als 50 Imkern in Italien, Spanien, Polen, Frankreich, Gro\u00dfbritannien und Irland und<\/span><span lang=\"DE\">\u00a0<strong>stattet sie mit \u201etechnologischen<\/strong><\/span><strong><span lang=\"DE\">\u201f<\/span><span lang=\"DE\">\u00a0Bienenst<\/span><span lang=\"DE\">\u00f6<\/span><span lang=\"DE\">cken aus, die es erm<\/span><span lang=\"DE\">\u00f6<\/span><\/strong><span lang=\"DE\"><strong>glichen, die Gesundheit und Vitalit\u00e4t der Bienen zu verbessern und gleichzeitig \u00fcber spezielle Faktoren den Zustand der Umgebung zu \u00fcberwachen.<\/strong><u><\/u><u><\/u><\/span><\/h3>\n<h3 style=\"text-align: center;\"><span lang=\"DE\">Insgesamt wird\u00a0<\/span><span lang=\"DE\">Foxy damit europaweit zum Schutz von 33 Millionen Bienen beitragen.<\/span><\/h3>\n<p>[\/vc_column_text][vc_column_text el_class=&#8220;text-center&#8220;]<strong><span lang=\"DE\">Dar\u00fcber hinaus wurden in Italien in der N\u00e4he der Bienenst\u00f6cke 21 Oasen f\u00fcr Biodiversit\u00e4t errichtet.<\/span><\/strong><span lang=\"DE\">\u00a0Die\u00a0<\/span><strong><span lang=\"DE\">Anpflanzung von 2.100 einheimischen B\u00e4umen<\/span><\/strong><span lang=\"DE\">\u00a0mit hohem Nektarpotenzial, um nat\u00fcrliche Nektarreservoirs wiederherzustellen, garantiert die Grundversorgung der Best\u00e4uber.<\/span>[\/vc_column_text][\/vc_column][vc_column width=&#8220;1\/6&#8243; offset=&#8220;vc_col-lg-2 vc_col-md-2&#8243;][vc_single_image image=&#8220;17088&#8243; img_size=&#8220;full&#8220; alignment=&#8220;right&#8220; el_class=&#8220;ape-big&#8220;][\/vc_column][\/vc_row][vc_row full_width=&#8220;stretch_row&#8220; el_class=&#8220;riga-fucsia-api&#8220;][vc_column width=&#8220;1\/2&#8243; offset=&#8220;vc_col-lg-offset-1 vc_col-lg-4&#8243;][vc_single_image image=&#8220;17091&#8243; img_size=&#8220;full&#8220; alignment=&#8220;center&#8220;][vc_column_text el_class=&#8220;text-center&#8220;]<b>32 Millionen<\/b><br \/>\ngesch\u00fctzte Bienen[\/vc_column_text][vc_raw_html]JTNDZGl2JTIwY2xhc3MlM0QlMjJ0ZXh0LWNlbnRlciUyMiUzRSUzQ2ElMjBjbGFzcyUzRCUyMmJ0bi1mcmVjY2lhJTIwZnJlY2NpYS1ibHUlMjBidG4td2hpdGUlMjIlMjBocmVmJTNEJTIyaHR0cHMlM0ElMkYlMkZ3d3cuZm94eS5ldSUyRmRlJTJGZm94eXMtYmVpdHJhZy0zYmVlLW1hcHMlMkYlM0ZmaWx0cm8lM0RhcGljb2x0b3JpJTIyJTNFJTNDYnV0dG9uJTIwdHlwZSUzRCUyMmJ1dHRvbiUyMiUyMGNsYXNzJTNEJTIydWJ0biUyMHVsdC1hZGp1c3QtYm90dG9tLW1hcmdpbiUyMHVsdC1yZXNwb25zaXZlJTIwdWJ0bi1sYXJnZSUyMHVidG4tbm8taG92ZXItYmclMjAlMjBub25lJTIwJTIwdWJ0bi1jZW50ZXIlMjAlMjAlMjIlM0UlM0NzcGFuJTIwY2xhc3MlM0QlMjJ1YnRuLWhvdmVyJTIyJTNFJTNDJTJGc3BhbiUzRSUzQ2RpdiUyMGNsYXNzJTNEJTIydWJ0bi1kYXRhJTIwdWJ0bi10ZXh0JTIyJTNFRW50ZGVja2VuJTIwU2llJTIwZGllJTIwS2FydGUlMjBkZXIlMjBJbWtlciUzQyUyRmRpdiUzRSUzQyUyRmJ1dHRvbiUzRSUzQyUyRmElM0UlM0MlMkZkaXYlM0U=[\/vc_raw_html][\/vc_column][vc_column width=&#8220;1\/2&#8243; offset=&#8220;vc_col-lg-offset-2 vc_col-lg-4&#8243;][vc_single_image image=&#8220;17092&#8243; img_size=&#8220;full&#8220; alignment=&#8220;center&#8220;][vc_column_text el_class=&#8220;text-center&#8220;]<\/p>\n<p style=\"font-weight: 400;\"><strong>2.100<br \/>\n<\/strong>gepflanzte B\u00e4ume<\/p>\n<p>[\/vc_column_text][vc_raw_html]JTNDZGl2JTIwY2xhc3MlM0QlMjJ0ZXh0LWNlbnRlciUyMiUzRSUzQ2ElMjBjbGFzcyUzRCUyMmJ0bi1mcmVjY2lhJTIwZnJlY2NpYS1ibHUlMjBidG4td2hpdGUlMjIlMjBocmVmJTNEJTIyaHR0cHMlM0ElMkYlMkZ3d3cuZm94eS5ldSUyRmRlJTJGZm94eXMtYmVpdHJhZy0zYmVlLW1hcHMlMkYlM0ZmaWx0cm8lM0RvYXNpJTIyJTNFJTNDYnV0dG9uJTIwdHlwZSUzRCUyMmJ1dHRvbiUyMiUyMGNsYXNzJTNEJTIydWJ0biUyMHVsdC1hZGp1c3QtYm90dG9tLW1hcmdpbiUyMHVsdC1yZXNwb25zaXZlJTIwdWJ0bi1sYXJnZSUyMHVidG4tbm8taG92ZXItYmclMjAlMjBub25lJTIwJTIwdWJ0bi1jZW50ZXIlMjAlMjAlMjIlM0UlM0NzcGFuJTIwY2xhc3MlM0QlMjJ1YnRuLWhvdmVyJTIyJTNFJTNDJTJGc3BhbiUzRSUzQ2RpdiUyMGNsYXNzJTNEJTIydWJ0bi1kYXRhJTIwdWJ0bi10ZXh0JTIyJTNFRW50ZGVja2VuJTIwU2llJTIwZGllJTIwT2FzZW4lMjBkZXIlMjBCaW9kaXZlcnNpdCVDMyVBNHQlM0MlMkZkaXYlM0UlM0MlMkZidXR0b24lM0UlM0MlMkZhJTNFJTNDJTJGZGl2JTNF[\/vc_raw_html][\/vc_column][\/vc_row][vc_row equal_height=&#8220;yes&#8220; content_placement=&#8220;middle&#8220; el_class=&#8220;mtop60&#8243; css=&#8220;.vc_custom_1667985380198{margin-bottom: 0px !important;}&#8220;][vc_column width=&#8220;1\/6&#8243; offset=&#8220;vc_col-lg-2 vc_col-md-2&#8243; el_class=&#8220;ape-medio&#8220;][vc_single_image image=&#8220;17094&#8243; img_size=&#8220;full&#8220; el_class=&#8220;ape ape-sx&#8220;][vc_single_image image=&#8220;17093&#8243; img_size=&#8220;full&#8220; alignment=&#8220;right&#8220; el_class=&#8220;ape-big&#8220;][\/vc_column][vc_column width=&#8220;2\/3&#8243; offset=&#8220;vc_col-lg-8 vc_col-md-8&#8243;][vc_column_text el_class=&#8220;text-center tit-h2-normal&#8220;]<\/p>\n<h2><span style=\"font-weight: 400;\">Foxy widmet diesem Projekt eine ganze Produktlinie:\u00a0<\/span><b>Foxy Love the Bee,<\/b><span style=\"font-weight: 400;\"> Toilettenpapier,\u00a0<\/span><b>das Papier, das Bienen liebt und sch\u00fctzt!<\/b><\/h2>\n<p>[\/vc_column_text][\/vc_column][vc_column width=&#8220;1\/6&#8243; offset=&#8220;vc_col-lg-2 vc_col-md-2&#8243; el_class=&#8220;ape-basso&#8220;][vc_single_image image=&#8220;17095&#8243; img_size=&#8220;full&#8220; alignment=&#8220;right&#8220; el_class=&#8220;ape&#8220;][vc_single_image image=&#8220;17096&#8243; img_size=&#8220;full&#8220; alignment=&#8220;center&#8220; el_class=&#8220;ape-big&#8220; css=&#8220;.vc_custom_1667985337661{margin-bottom: 0px !important;}&#8220;][\/vc_column][\/vc_row][vc_row full_width=&#8220;stretch_row_content_no_spaces&#8220; equal_height=&#8220;yes&#8220; content_placement=&#8220;middle&#8220; el_id=&#8220;riga-prodotti-api&#8220;][vc_column el_class=&#8220;prodotto-bee&#8220;][vc_row_inner][vc_column_inner offset=&#8220;vc_col-lg-offset-4 vc_col-lg-4 vc_col-md-offset-3 vc_col-md-6&#8243;][vc_single_image image=&#8220;20145&#8243; img_size=&#8220;full&#8220; alignment=&#8220;center&#8220; onclick=&#8220;custom_link&#8220; link=&#8220;https:\/\/www.foxy.eu\/de\/produkte\/foxy-love-the-bee\/&#8220;][\/vc_column_inner][\/vc_row_inner][vc_raw_html]JTNDZGl2JTIwY2xhc3MlM0QlMjJjYXRlZ29yeV9yZWxhdGVkJTIyJTNFVE9JTEVUVEVOUEFQSUVSJTNDJTJGZGl2JTNFJTBBJTNDYSUyMGNsYXNzJTNEJTIydWJ0bi1saW5rJTIwdWx0LWFkanVzdC1ib3R0b20tbWFyZ2luJTIwdWJ0bi1jZW50ZXIlMjB1YnRuLWxhcmdlJTIwYnRuLXdoaXRlJTIyJTIwaHJlZiUzRCUyMiUyMGh0dHBzJTNBJTJGJTJGd3d3LmZveHkuZXUlMkZkZSUyRnByb2R1a3RlJTJGZm94eS1sb3ZlLXRoZS1iZWUlMkYlMjIlM0UlM0NidXR0b24lMjB0eXBlJTNEJTIyYnV0dG9uJTIyJTIwY2xhc3MlM0QlMjJ1YnRuJTIwdWx0LWFkanVzdC1ib3R0b20tbWFyZ2luJTIwdWx0LXJlc3BvbnNpdmUlMjB1YnRuLWxhcmdlJTIwdWJ0bi1uby1ob3Zlci1iZyUyMCUyMG5vbmUlMjAlMjB1YnRuLWNlbnRlciUyMCUyMCUyMiUzRSUzQ3NwYW4lMjBjbGFzcyUzRCUyMnVidG4taG92ZXIlMjIlM0UlM0MlMkZzcGFuJTNFJTNDZGl2JTIwY2xhc3MlM0QlMjJ1YnRuLWRhdGElMjB1YnRuLXRleHQlMjIlM0VGb3h5JTIwTG92ZSUyMHRoZSUyMEJlZSUzQyUyRmRpdiUzRSUzQyUyRmJ1dHRvbiUzRSUzQyUyRmElM0U=[\/vc_raw_html][\/vc_column][\/vc_row]<\/p>\n","protected":false},"excerpt":{"rendered":"<p>[vc_row full_width=&#8220;stretch_row_content&#8220; equal_height=&#8220;yes&#8220; content_placement=&#8220;middle&#8220; el_class=&#8220;sotto-hero&#8220;][vc_column width=&#8220;1\/3&#8243;][\/vc_column][vc_column width=&#8220;1\/3&#8243;][vc_single_image image=&#8220;19968&#8243; img_size=&#8220;full&#8220; alignment=&#8220;center&#8220; el_class=&#8220;logo-associazione-medio&#8220;][\/vc_column][vc_column width=&#8220;1\/3&#8243;][\/vc_column][\/vc_row][vc_row equal_height=&#8220;yes&#8220; el_class=&#8220;mbot60&#8243;][vc_column width=&#8220;1\/6&#8243; offset=&#8220;vc_col-lg-2 vc_col-md-2&#8243; el_class=&#8220;ape-basso&#8220;][vc_single_image image=&#8220;17089&#8243; img_size=&#8220;full&#8220; el_class=&#8220;ape&#8220;][\/vc_column][vc_column width=&#8220;2\/3&#8243; offset=&#8220;vc_col-lg-8 vc_col-md-8&#8243;][vc_column_text el_class=&#8220;text-center tit-h2-normal&#8220;] Foxy hat mit 3Bee&#8230;<\/p>\n","protected":false},"author":1,"featured_media":0,"parent":0,"menu_order":0,"comment_status":"closed","ping_status":"closed","template":"template-page-mondo-foxy.php","meta":[],"categories":[],"tags":[],"yoast_head":"<!-- This site is optimized with the Yoast SEO plugin v19.14 - https:\/\/yoast.com\/wordpress\/plugins\/seo\/ -->\n<title>Foxys beitrag 3bee - Foxy<\/title>\n<meta name=\"robots\" content=\"index, follow, max-snippet:-1, max-image-preview:large, max-video-preview:-1\" \/>\n<link rel=\"canonical\" href=\"https:\/\/www.foxy.eu\/de\/foxys-beitrag-3bee\/\" \/>\n<meta property=\"og:locale\" content=\"de_DE\" \/>\n<meta property=\"og:type\" content=\"article\" \/>\n<meta property=\"og:title\" content=\"Foxys beitrag 3bee - Foxy\" \/>\n<meta property=\"og:description\" content=\"[vc_row full_width=&#8220;stretch_row_content&#8220; equal_height=&#8220;yes&#8220; content_placement=&#8220;middle&#8220; el_class=&#8220;sotto-hero&#8220;][vc_column width=&#8220;1\/3&#8243;][\/vc_column][vc_column width=&#8220;1\/3&#8243;][vc_single_image image=&#8220;19968&#8243; img_size=&#8220;full&#8220; alignment=&#8220;center&#8220; el_class=&#8220;logo-associazione-medio&#8220;][\/vc_column][vc_column width=&#8220;1\/3&#8243;][\/vc_column][\/vc_row][vc_row equal_height=&#8220;yes&#8220; el_class=&#8220;mbot60&#8243;][vc_column width=&#8220;1\/6&#8243; offset=&#8220;vc_col-lg-2 vc_col-md-2&#8243; el_class=&#8220;ape-basso&#8220;][vc_single_image image=&#8220;17089&#8243; img_size=&#8220;full&#8220; el_class=&#8220;ape&#8220;][\/vc_column][vc_column width=&#8220;2\/3&#8243; offset=&#8220;vc_col-lg-8 vc_col-md-8&#8243;][vc_column_text el_class=&#8220;text-center tit-h2-normal&#8220;] Foxy hat mit 3Bee...\" \/>\n<meta property=\"og:url\" content=\"https:\/\/www.foxy.eu\/de\/foxys-beitrag-3bee\/\" \/>\n<meta property=\"og:site_name\" content=\"Foxy\" \/>\n<meta property=\"article:publisher\" content=\"https:\/\/www.facebook.com\/Foxy.Italia\" \/>\n<meta property=\"article:modified_time\" content=\"2025-01-10T11:41:20+00:00\" \/>\n<meta name=\"twitter:card\" content=\"summary_large_image\" \/>\n<meta name=\"twitter:label1\" content=\"Est. reading time\" \/>\n\t<meta name=\"twitter:data1\" content=\"3 Minuten\" \/>\n<script type=\"application\/ld+json\" class=\"yoast-schema-graph\">{\"@context\":\"https:\/\/schema.org\",\"@graph\":[{\"@type\":\"WebPage\",\"@id\":\"https:\/\/www.foxy.eu\/de\/foxys-beitrag-3bee\/\",\"url\":\"https:\/\/www.foxy.eu\/de\/foxys-beitrag-3bee\/\",\"name\":\"Foxys beitrag 3bee - Foxy\",\"isPartOf\":{\"@id\":\"https:\/\/www.foxy.eu\/#website\"},\"datePublished\":\"2022-11-08T13:43:41+00:00\",\"dateModified\":\"2025-01-10T11:41:20+00:00\",\"breadcrumb\":{\"@id\":\"https:\/\/www.foxy.eu\/de\/foxys-beitrag-3bee\/#breadcrumb\"},\"inLanguage\":\"de-DE\",\"potentialAction\":[{\"@type\":\"ReadAction\",\"target\":[\"https:\/\/www.foxy.eu\/de\/foxys-beitrag-3bee\/\"]}]},{\"@type\":\"BreadcrumbList\",\"@id\":\"https:\/\/www.foxy.eu\/de\/foxys-beitrag-3bee\/#breadcrumb\",\"itemListElement\":[{\"@type\":\"ListItem\",\"position\":1,\"name\":\"Home\",\"item\":\"https:\/\/www.foxy.eu\/\"},{\"@type\":\"ListItem\",\"position\":2,\"name\":\"Foxys beitrag 3bee\"}]},{\"@type\":\"WebSite\",\"@id\":\"https:\/\/www.foxy.eu\/#website\",\"url\":\"https:\/\/www.foxy.eu\/\",\"name\":\"Foxy\",\"description\":\"Un nuovo sito targato WordPress\",\"publisher\":{\"@id\":\"https:\/\/www.foxy.eu\/#organization\"},\"alternateName\":\"Scopri tutta la gamma di prodotti e iniziative Foxy. Abbiamo pensato a un mondo su misura per te.\",\"potentialAction\":[{\"@type\":\"SearchAction\",\"target\":{\"@type\":\"EntryPoint\",\"urlTemplate\":\"https:\/\/www.foxy.eu\/?s={search_term_string}\"},\"query-input\":\"required name=search_term_string\"}],\"inLanguage\":\"de-DE\"},{\"@type\":\"Organization\",\"@id\":\"https:\/\/www.foxy.eu\/#organization\",\"name\":\"Foxy | Sempre vicina a te!\",\"alternateName\":\"Scopri tutta la gamma di prodotti e iniziative Foxy. Abbiamo pensato a un mondo su misura per te.\",\"url\":\"https:\/\/www.foxy.eu\/\",\"logo\":{\"@type\":\"ImageObject\",\"inLanguage\":\"de-DE\",\"@id\":\"https:\/\/www.foxy.eu\/#\/schema\/logo\/image\/\",\"url\":\"https:\/\/enkaz3824io.exactdn.com\/wp-content\/uploads\/2020\/07\/hp_big_logo@2x.png?strip=all&lossy=1&ssl=1\",\"contentUrl\":\"https:\/\/enkaz3824io.exactdn.com\/wp-content\/uploads\/2020\/07\/hp_big_logo@2x.png?strip=all&lossy=1&ssl=1\",\"width\":518,\"height\":366,\"caption\":\"Foxy | Sempre vicina a te!\"},\"image\":{\"@id\":\"https:\/\/www.foxy.eu\/#\/schema\/logo\/image\/\"},\"sameAs\":[\"https:\/\/www.instagram.com\/foxy\/\",\"https:\/\/www.youtube.com\/channel\/UCpCfvrNg7u0O0jSeH9B9ygA\",\"https:\/\/www.facebook.com\/Foxy.Italia\"]}]}<\/script>\n<!-- \/ Yoast SEO plugin. -->","yoast_head_json":{"title":"Foxys beitrag 3bee - Foxy","robots":{"index":"index","follow":"follow","max-snippet":"max-snippet:-1","max-image-preview":"max-image-preview:large","max-video-preview":"max-video-preview:-1"},"canonical":"https:\/\/www.foxy.eu\/de\/foxys-beitrag-3bee\/","og_locale":"de_DE","og_type":"article","og_title":"Foxys beitrag 3bee - Foxy","og_description":"[vc_row full_width=&#8220;stretch_row_content&#8220; equal_height=&#8220;yes&#8220; content_placement=&#8220;middle&#8220; el_class=&#8220;sotto-hero&#8220;][vc_column width=&#8220;1\/3&#8243;][\/vc_column][vc_column width=&#8220;1\/3&#8243;][vc_single_image image=&#8220;19968&#8243; img_size=&#8220;full&#8220; alignment=&#8220;center&#8220; el_class=&#8220;logo-associazione-medio&#8220;][\/vc_column][vc_column width=&#8220;1\/3&#8243;][\/vc_column][\/vc_row][vc_row equal_height=&#8220;yes&#8220; el_class=&#8220;mbot60&#8243;][vc_column width=&#8220;1\/6&#8243; offset=&#8220;vc_col-lg-2 vc_col-md-2&#8243; el_class=&#8220;ape-basso&#8220;][vc_single_image image=&#8220;17089&#8243; img_size=&#8220;full&#8220; el_class=&#8220;ape&#8220;][\/vc_column][vc_column width=&#8220;2\/3&#8243; offset=&#8220;vc_col-lg-8 vc_col-md-8&#8243;][vc_column_text el_class=&#8220;text-center tit-h2-normal&#8220;] Foxy hat mit 3Bee...","og_url":"https:\/\/www.foxy.eu\/de\/foxys-beitrag-3bee\/","og_site_name":"Foxy","article_publisher":"https:\/\/www.facebook.com\/Foxy.Italia","article_modified_time":"2025-01-10T11:41:20+00:00","twitter_card":"summary_large_image","twitter_misc":{"Est. reading time":"3 Minuten"},"schema":{"@context":"https:\/\/schema.org","@graph":[{"@type":"WebPage","@id":"https:\/\/www.foxy.eu\/de\/foxys-beitrag-3bee\/","url":"https:\/\/www.foxy.eu\/de\/foxys-beitrag-3bee\/","name":"Foxys beitrag 3bee - Foxy","isPartOf":{"@id":"https:\/\/www.foxy.eu\/#website"},"datePublished":"2022-11-08T13:43:41+00:00","dateModified":"2025-01-10T11:41:20+00:00","breadcrumb":{"@id":"https:\/\/www.foxy.eu\/de\/foxys-beitrag-3bee\/#breadcrumb"},"inLanguage":"de-DE","potentialAction":[{"@type":"ReadAction","target":["https:\/\/www.foxy.eu\/de\/foxys-beitrag-3bee\/"]}]},{"@type":"BreadcrumbList","@id":"https:\/\/www.foxy.eu\/de\/foxys-beitrag-3bee\/#breadcrumb","itemListElement":[{"@type":"ListItem","position":1,"name":"Home","item":"https:\/\/www.foxy.eu\/"},{"@type":"ListItem","position":2,"name":"Foxys beitrag 3bee"}]},{"@type":"WebSite","@id":"https:\/\/www.foxy.eu\/#website","url":"https:\/\/www.foxy.eu\/","name":"Foxy","description":"Un nuovo sito targato WordPress","publisher":{"@id":"https:\/\/www.foxy.eu\/#organization"},"alternateName":"Scopri tutta la gamma di prodotti e iniziative Foxy. Abbiamo pensato a un mondo su misura per te.","potentialAction":[{"@type":"SearchAction","target":{"@type":"EntryPoint","urlTemplate":"https:\/\/www.foxy.eu\/?s={search_term_string}"},"query-input":"required name=search_term_string"}],"inLanguage":"de-DE"},{"@type":"Organization","@id":"https:\/\/www.foxy.eu\/#organization","name":"Foxy | Sempre vicina a te!","alternateName":"Scopri tutta la gamma di prodotti e iniziative Foxy. Abbiamo pensato a un mondo su misura per te.","url":"https:\/\/www.foxy.eu\/","logo":{"@type":"ImageObject","inLanguage":"de-DE","@id":"https:\/\/www.foxy.eu\/#\/schema\/logo\/image\/","url":"https:\/\/enkaz3824io.exactdn.com\/wp-content\/uploads\/2020\/07\/hp_big_logo@2x.png?strip=all&lossy=1&ssl=1","contentUrl":"https:\/\/enkaz3824io.exactdn.com\/wp-content\/uploads\/2020\/07\/hp_big_logo@2x.png?strip=all&lossy=1&ssl=1","width":518,"height":366,"caption":"Foxy | Sempre vicina a te!"},"image":{"@id":"https:\/\/www.foxy.eu\/#\/schema\/logo\/image\/"},"sameAs":["https:\/\/www.instagram.com\/foxy\/","https:\/\/www.youtube.com\/channel\/UCpCfvrNg7u0O0jSeH9B9ygA","https:\/\/www.facebook.com\/Foxy.Italia"]}]}},"_links":{"self":[{"href":"https:\/\/www.foxy.eu\/de\/wp-json\/wp\/v2\/pages\/19921"}],"collection":[{"href":"https:\/\/www.foxy.eu\/de\/wp-json\/wp\/v2\/pages"}],"about":[{"href":"https:\/\/www.foxy.eu\/de\/wp-json\/wp\/v2\/types\/page"}],"author":[{"embeddable":true,"href":"https:\/\/www.foxy.eu\/de\/wp-json\/wp\/v2\/users\/1"}],"replies":[{"embeddable":true,"href":"https:\/\/www.foxy.eu\/de\/wp-json\/wp\/v2\/comments?post=19921"}],"version-history":[{"count":16,"href":"https:\/\/www.foxy.eu\/de\/wp-json\/wp\/v2\/pages\/19921\/revisions"}],"predecessor-version":[{"id":20699,"href":"https:\/\/www.foxy.eu\/de\/wp-json\/wp\/v2\/pages\/19921\/revisions\/20699"}],"wp:attachment":[{"href":"https:\/\/www.foxy.eu\/de\/wp-json\/wp\/v2\/media?parent=19921"}],"wp:term":[{"taxonomy":"category","embeddable":true,"href":"https:\/\/www.foxy.eu\/de\/wp-json\/wp\/v2\/categories?post=19921"},{"taxonomy":"post_tag","embeddable":true,"href":"https:\/\/www.foxy.eu\/de\/wp-json\/wp\/v2\/tags?post=19921"}],"curies":[{"name":"wp","href":"https:\/\/api.w.org\/{rel}","templated":true}]}}